{"id":11955,"date":"2025-11-25T11:35:01","date_gmt":"2025-11-25T10:35:01","guid":{"rendered":"https:\/\/gabrielgorgi.com\/?page_id=11955"},"modified":"2026-01-07T15:27:55","modified_gmt":"2026-01-07T14:27:55","slug":"preise-fuer-unternehmen","status":"publish","type":"page","link":"https:\/\/www.gabrielgorgi.com\/de\/preise-fuer-unternehmen\/","title":{"rendered":"PREISE F\u00dcR UNTERNEHMEN"},"content":{"rendered":"<div class=\"wpb-content-wrapper\"><p>[vc_row css_animation=&#8220;&#8220; row_type=&#8220;row&#8220; use_row_as_full_screen_section=&#8220;no&#8220; type=&#8220;grid&#8220; angled_section=&#8220;no&#8220; text_align=&#8220;left&#8220; background_image_as_pattern=&#8220;without_pattern&#8220; z_index=&#8220;&#8220;][vc_column][vc_empty_space height=&#8220;5em&#8220;][vc_row_inner row_type=&#8220;row&#8220; type=&#8220;grid&#8220; text_align=&#8220;left&#8220; css_animation=&#8220;&#8220;][vc_column_inner width=&#8220;1\/3&#8243;][vc_column_text css=&#8220;&#8220;]<\/p>\n<h3>VORSTANDSEBENE SESSION<\/h3>\n<p>[\/vc_column_text][vc_empty_space height=&#8220;20px&#8220;]<div class=\"q_list circle\">\n\t<\/p>\n<ul>\n<li>F\u00fcr <strong>Vorst\u00e4nde<\/strong>, <strong>Gesch\u00e4ftsf\u00fchrer<\/strong> und <strong>F\u00fchrungskr\u00e4fte<\/strong>.<\/li>\n<li>Pressebereich \/ <strong>Webseite<\/strong>.<\/li>\n<li><strong>Komplettes<\/strong> Coaching (Ausdruck + Erscheinungsbild).<\/li>\n<li>Ab <strong>4 Personen<\/strong>.<\/li>\n<li>Ca. <strong>20\u201330 Minuten<\/strong> pro Person.<\/li>\n<li>Ohne Outfitwechsel.<\/li>\n<li><strong>Visagist\/in<\/strong> auf Anfrage.<\/li>\n<li>Staffelpreise zwischen <strong>600\u2013430 \u20ac pro Person<\/strong>.<\/li>\n<\/ul>\n<p><\/div>[\/vc_column_inner][vc_column_inner width=&#8220;1\/3&#8243;][vc_column_text css=&#8220;&#8220;]<\/p>\n<h3>MITARBEITEREBENE SESSION<\/h3>\n<p>[\/vc_column_text][vc_empty_space height=&#8220;20px&#8220;]<div class=\"q_list circle\">\n\t<\/p>\n<ul>\n<li>F\u00fcr <strong>F\u00fchrungskr\u00e4fte und Nachwuchs\u00adkr\u00e4fte<\/strong>.<\/li>\n<li>Bilder stilistisch an die Vorstandsfotos anpassen.<\/li>\n<li><strong>Ausdrucks<\/strong>-Coaching.<\/li>\n<li>Ab <strong>10 Personen<\/strong>.<\/li>\n<li>Ca. <strong>10\u201315 Minuten<\/strong> pro Person.<\/li>\n<li>Ohne Outfitwechsel.<\/li>\n<li>Ohne Visagist\/in.<\/li>\n<li>Staffelpreise zwischen <strong>350\u2013200 \u20ac pro Person<\/strong>.<\/li>\n<\/ul>\n<p><\/div>[\/vc_column_inner][vc_column_inner width=&#8220;1\/3&#8243;][vc_column_text css=&#8220;&#8220;]<\/p>\n<h3>EXPRESS SESSION<\/h3>\n<p>[\/vc_column_text][vc_empty_space height=&#8220;20px&#8220;]<div class=\"q_list circle\">\n\t<\/p>\n<ul>\n<li>F\u00fcr <strong>Teams<\/strong>.<\/li>\n<li><strong>Schnell-Shooting<\/strong> w\u00e4hrend einer Veranstaltung.<\/li>\n<li><strong>Grundlegendes<\/strong> Posing-Coaching.<\/li>\n<li>Ab <strong>10 Personen<\/strong>.<\/li>\n<li>Ca. <strong>5 Minuten pro Person<\/strong>.<\/li>\n<li>Ohne Outfitwechsel.<\/li>\n<li><strong>Visagist\/in<\/strong> auf Anfrage.<\/li>\n<li>Staffelpreise zwischen <strong>200\u201375 \u20ac pro Person<\/strong>.<\/li>\n<\/ul>\n<p><\/div>[\/vc_column_inner][\/vc_row_inner][\/vc_column][\/vc_row][vc_row css_animation=&#8220;&#8220; row_type=&#8220;row&#8220; use_row_as_full_screen_section=&#8220;no&#8220; type=&#8220;full_width&#8220; angled_section=&#8220;no&#8220; text_align=&#8220;left&#8220; background_image_as_pattern=&#8220;without_pattern&#8220;][vc_column][vc_empty_space height=&#8220;60px&#8220;][\/vc_column][\/vc_row][vc_row css_animation=&#8220;&#8220; row_type=&#8220;row&#8220; use_row_as_full_screen_section=&#8220;no&#8220; type=&#8220;grid&#8220; angled_section=&#8220;no&#8220; text_align=&#8220;left&#8220; background_image_as_pattern=&#8220;without_pattern&#8220; z_index=&#8220;&#8220;][vc_column][vc_empty_space][vc_separator type=&#8220;normal&#8220;][vc_empty_space][\/vc_column][\/vc_row][vc_row css_animation=&#8220;&#8220; row_type=&#8220;row&#8220; use_row_as_full_screen_section=&#8220;no&#8220; type=&#8220;grid&#8220; angled_section=&#8220;no&#8220; text_align=&#8220;left&#8220; background_image_as_pattern=&#8220;without_pattern&#8220; z_index=&#8220;&#8220;][vc_column width=&#8220;1\/3&#8243; offset=&#8220;vc_hidden-xs&#8220;][vc_empty_space][vc_column_text css=&#8220;&#8220;]<\/p>\n<h3>EINZELTERMIN BUCHEN<\/h3>\n<p>[\/vc_column_text][vc_empty_space height=&#8220;20px&#8220;]<div class=\"q_list circle\">\n\t<\/p>\n<ul>\n<li><strong>Komplettes<\/strong> Posing-Coaching.<\/li>\n<li>Individuelle Session.<\/li>\n<li>Die Session dauert ca. <strong>1 Stunde<\/strong>.<\/li>\n<li>M\u00f6glichkeit zum <strong>Outfitwechsel<\/strong>.<\/li>\n<li><strong>Visagist\/in<\/strong> auf Anfrage.<\/li>\n<li>Der Preis betr\u00e4gt <strong>1.300 \u20ac pro Person<\/strong>.<\/li>\n<\/ul>\n<p><\/div>[vc_empty_space height=&#8220;30px&#8220;][\/vc_column][vc_column width=&#8220;2\/3&#8243;][vc_empty_space][vc_column_text css=&#8220;&#8220;]<\/p>\n<h2 style=\"text-align: center;\">Preissch\u00e4tzung<\/h2>\n<p>[\/vc_column_text][vc_empty_space][vc_raw_html css=&#8220;&#8220;]JTVCemlnYWZvcm0tZXN0aW1hdG9yJTIwaWQlM0QlMjIyMCUyMiU1RA==[\/vc_raw_html][vc_column_text css=&#8220;&#8220;]<\/p>\n<p class=\"p1\">Es ist m\u00f6glich, zus\u00e4tzliche Fotos f\u00fcr die F\u00fchrungskr\u00e4fte zu w\u00e4hlen. Diese werden mit <span class=\"s1\">150 \u20ac pro freigegebenem Foto<\/span>berechnet.<\/p>\n<p>[\/vc_column_text][\/vc_column][\/vc_row][vc_row css_animation=&#8220;&#8220; row_type=&#8220;row&#8220; use_row_as_full_screen_section=&#8220;no&#8220; type=&#8220;grid&#8220; angled_section=&#8220;no&#8220; text_align=&#8220;center&#8220; background_image_as_pattern=&#8220;without_pattern&#8220; z_index=&#8220;&#8220;][vc_column][vc_empty_space height=&#8220;10px&#8220;][vc_empty_space height=&#8220;30px&#8220;][\/vc_column][\/vc_row][vc_row css_animation=&#8220;&#8220; row_type=&#8220;row&#8220; use_row_as_full_screen_section=&#8220;no&#8220; type=&#8220;grid&#8220; angled_section=&#8220;no&#8220; text_align=&#8220;left&#8220; background_image_as_pattern=&#8220;without_pattern&#8220; z_index=&#8220;&#8220; anchor=&#8220;insead&#8220;][vc_column offset=&#8220;vc_hidden-lg vc_hidden-md vc_hidden-sm vc_hidden-xs&#8220;][vc_empty_space][vc_column_text]<\/p>\n<h2>INSEAD-Studierende:<\/h2>\n<p>[\/vc_column_text][vc_empty_space][vc_column_text]F\u00fcr INSEAD-Studierende in Fontainebleau bieten wir Staffelpreise an, die bei einer Person mit 500 \u20ac beginnen und bei einer Gruppe ab 15 Personen auf mindestens 250 \u20ac sinken, wie unten dargestellt:[\/vc_column_text][vc_empty_space][vc_column_text]<\/p>\n<table width=\"100%\" cellspacing=\"0\" cellpadding=\"0\">\n<tbody>\n<tr>\n<td valign=\"bottom\"><b>Anzahl Teilnehmer<\/b><\/td>\n<td valign=\"bottom\">1<\/td>\n<td valign=\"bottom\">2<\/td>\n<td valign=\"bottom\">3<\/td>\n<td valign=\"bottom\">4<\/td>\n<td valign=\"bottom\">5<\/td>\n<td valign=\"bottom\">6<\/td>\n<td valign=\"bottom\">7<\/td>\n<td valign=\"bottom\">8<\/td>\n<td valign=\"bottom\">9<\/td>\n<td valign=\"bottom\">10<\/td>\n<td valign=\"bottom\">11<\/td>\n<td valign=\"bottom\">12<\/td>\n<td valign=\"bottom\">13<\/td>\n<td valign=\"bottom\">14<\/td>\n<td valign=\"bottom\">15+<\/td>\n<\/tr>\n<tr>\n<td valign=\"bottom\"><b>Preis pro Person<\/b><\/td>\n<td valign=\"bottom\">500 \u20ac<\/td>\n<td valign=\"bottom\">450 \u20ac<\/td>\n<td valign=\"bottom\">425 \u20ac<\/td>\n<td valign=\"bottom\">400 \u20ac<\/td>\n<td valign=\"bottom\">375 \u20ac<\/td>\n<td valign=\"bottom\">355 \u20ac<\/td>\n<td valign=\"bottom\">335 \u20ac<\/td>\n<td valign=\"bottom\">315 \u20ac<\/td>\n<td valign=\"bottom\">300 \u20ac<\/td>\n<td valign=\"bottom\">285 \u20ac<\/td>\n<td valign=\"bottom\">275 \u20ac<\/td>\n<td valign=\"bottom\">265 \u20ac<\/td>\n<td valign=\"bottom\">260 \u20ac<\/td>\n<td valign=\"bottom\">255 \u20ac<\/td>\n<td valign=\"bottom\">250 \u20ac<\/td>\n<\/tr>\n<\/tbody>\n<\/table>\n<p>[\/vc_column_text][\/vc_column][\/vc_row][vc_row css_animation=&#8220;&#8220; row_type=&#8220;row&#8220; use_row_as_full_screen_section=&#8220;no&#8220; type=&#8220;grid&#8220; angled_section=&#8220;no&#8220; text_align=&#8220;center&#8220; background_image_as_pattern=&#8220;without_pattern&#8220; z_index=&#8220;&#8220;][vc_column][vc_empty_space height=&#8220;10px&#8220;][vc_empty_space height=&#8220;30px&#8220;][\/vc_column][\/vc_row][vc_row css_animation=&#8220;&#8220; row_type=&#8220;row&#8220; use_row_as_full_screen_section=&#8220;no&#8220; type=&#8220;grid&#8220; angled_section=&#8220;no&#8220; text_align=&#8220;center&#8220; background_image_as_pattern=&#8220;without_pattern&#8220; z_index=&#8220;&#8220;][vc_column offset=&#8220;vc_hidden-xs&#8220;][vc_empty_space height=&#8220;50px&#8220;][\/vc_column][\/vc_row][vc_row css_animation=&#8220;&#8220; row_type=&#8220;row&#8220; use_row_as_full_screen_section=&#8220;no&#8220; type=&#8220;grid&#8220; angled_section=&#8220;no&#8220; text_align=&#8220;left&#8220; background_image_as_pattern=&#8220;without_pattern&#8220; z_index=&#8220;&#8220;][vc_column][vc_column_text]<\/p>\n<h2>Bitte beachten Sie:<\/h2>\n<p>[\/vc_column_text][vc_empty_space height=&#8220;50px&#8220;][vc_column_text css=&#8220;&#8220;]F\u00fcr Shootings in benachbarten EU-L\u00e4ndern gilt ein Mindestumsatz von 4.000 \u20ac. F\u00fcr weiter entfernte L\u00e4nder werden die Preise entsprechend neu kalkuliert.<br \/>\nFalls eine \u00dcbernachtung erforderlich ist (insbesondere au\u00dferhalb der Region), wird ein Zuschlag von 500 \u20ac pro Nacht zu den o. g. Preisen hinzugerechnet.<br \/>\nNutzungsrechte uneingeschr\u00e4nkt weltweit f\u00fcr 5 Jahre, ausgenommen kommerzielle Nutzung.<br \/>\nDie angegebenen Preise sind Richtpreise; verbindliche Angebote k\u00f6nnen abweichen.<br \/>\nPreise k\u00f6nnen ohne Vorank\u00fcndigung ge\u00e4ndert werden.[\/vc_column_text][\/vc_column][\/vc_row][vc_row css_animation=&#8220;&#8220; row_type=&#8220;row&#8220; use_row_as_full_screen_section=&#8220;no&#8220; type=&#8220;grid&#8220; angled_section=&#8220;no&#8220; text_align=&#8220;center&#8220; background_image_as_pattern=&#8220;without_pattern&#8220; z_index=&#8220;&#8220;][vc_column][vc_empty_space height=&#8220;50px&#8220;][\/vc_column][\/vc_row]<\/p>\n<\/div>","protected":false},"excerpt":{"rendered":"<p>[vc_row css_animation=&#8220;&#8220; row_type=&#8220;row&#8220; use_row_as_full_screen_section=&#8220;no&#8220; type=&#8220;grid&#8220; angled_section=&#8220;no&#8220; text_align=&#8220;left&#8220; background_image_as_pattern=&#8220;without_pattern&#8220; z_index=&#8220;&#8220;][vc_column][vc_empty_space height=&#8220;5em&#8220;][vc_row_inner row_type=&#8220;row&#8220; type=&#8220;grid&#8220; text_align=&#8220;left&#8220; css_animation=&#8220;&#8220;][vc_column_inner width=&#8220;1\/3&#8243;][vc_column_text css=&#8220;&#8220;] VORSTANDSEBENE SESSION [\/vc_column_text][vc_empty_space height=&#8220;20px&#8220;][\/vc_column_inner][vc_column_inner width=&#8220;1\/3&#8243;][vc_column_text css=&#8220;&#8220;] MITARBEITEREBENE SESSION [\/vc_column_text][vc_empty_space height=&#8220;20px&#8220;][\/vc_column_inner][vc_column_inner width=&#8220;1\/3&#8243;][vc_column_text css=&#8220;&#8220;] EXPRESS SESSION [\/vc_column_text][vc_empty_space height=&#8220;20px&#8220;][\/vc_column_inner][\/vc_row_inner][\/vc_column][\/vc_row][vc_row css_animation=&#8220;&#8220; row_type=&#8220;row&#8220; use_row_as_full_screen_section=&#8220;no&#8220; type=&#8220;full_width&#8220; angled_section=&#8220;no&#8220; text_align=&#8220;left&#8220; background_image_as_pattern=&#8220;without_pattern&#8220;][vc_column][vc_empty_space height=&#8220;60px&#8220;][\/vc_column][\/vc_row][vc_row css_animation=&#8220;&#8220; row_type=&#8220;row&#8220; use_row_as_full_screen_section=&#8220;no&#8220; type=&#8220;grid&#8220; angled_section=&#8220;no&#8220;&#8230;<\/p>\n","protected":false},"author":2,"featured_media":11167,"parent":0,"menu_order":0,"comment_status":"closed","ping_status":"closed","template":"full_width.php","meta":{"footnotes":""},"yst_prominent_words":[1013],"class_list":["post-11955","page","type-page","status-publish","has-post-thumbnail","hentry"],"_links":{"self":[{"href":"https:\/\/www.gabrielgorgi.com\/de\/wp-json\/wp\/v2\/pages\/11955","targetHints":{"allow":["GET"]}}],"collection":[{"href":"https:\/\/www.gabrielgorgi.com\/de\/wp-json\/wp\/v2\/pages"}],"about":[{"href":"https:\/\/www.gabrielgorgi.com\/de\/wp-json\/wp\/v2\/types\/page"}],"author":[{"embeddable":true,"href":"https:\/\/www.gabrielgorgi.com\/de\/wp-json\/wp\/v2\/users\/2"}],"replies":[{"embeddable":true,"href":"https:\/\/www.gabrielgorgi.com\/de\/wp-json\/wp\/v2\/comments?post=11955"}],"version-history":[{"count":4,"href":"https:\/\/www.gabrielgorgi.com\/de\/wp-json\/wp\/v2\/pages\/11955\/revisions"}],"predecessor-version":[{"id":15580,"href":"https:\/\/www.gabrielgorgi.com\/de\/wp-json\/wp\/v2\/pages\/11955\/revisions\/15580"}],"wp:featuredmedia":[{"embeddable":true,"href":"https:\/\/www.gabrielgorgi.com\/de\/wp-json\/wp\/v2\/media\/11167"}],"wp:attachment":[{"href":"https:\/\/www.gabrielgorgi.com\/de\/wp-json\/wp\/v2\/media?parent=11955"}],"wp:term":[{"taxonomy":"yst_prominent_words","embeddable":true,"href":"https:\/\/www.gabrielgorgi.com\/de\/wp-json\/wp\/v2\/yst_prominent_words?post=11955"}],"curies":[{"name":"wp","href":"https:\/\/api.w.org\/{rel}","templated":true}]}}