{"id":9669,"date":"2025-06-06T13:47:24","date_gmt":"2025-06-06T11:47:24","guid":{"rendered":"https:\/\/gabrielgorgi.com\/?page_id=9669"},"modified":"2026-01-30T06:37:33","modified_gmt":"2026-01-30T05:37:33","slug":"portraetsitzungen-fuer-berufstaetige","status":"publish","type":"page","link":"https:\/\/www.gabrielgorgi.com\/de\/portraetsitzungen-fuer-berufstaetige\/","title":{"rendered":"PORTR\u00c4TSITZUNGEN F\u00dcR BERUFST\u00c4TIGE"},"content":{"rendered":"<div class=\"wpb-content-wrapper\"><p>[vc_row css_animation=&#8220;&#8220; row_type=&#8220;row&#8220; use_row_as_full_screen_section=&#8220;no&#8220; type=&#8220;grid&#8220; angled_section=&#8220;no&#8220; text_align=&#8220;center&#8220; background_image_as_pattern=&#8220;without_pattern&#8220; z_index=&#8220;&#8220;][vc_column][vc_empty_space height=&#8220;6em&#8220;][\/vc_column][\/vc_row][vc_row css_animation=&#8220;&#8220; row_type=&#8220;row&#8220; use_row_as_full_screen_section=&#8220;no&#8220; type=&#8220;grid&#8220; angled_section=&#8220;no&#8220; text_align=&#8220;left&#8220; background_image_as_pattern=&#8220;without_pattern&#8220; z_index=&#8220;&#8220;][vc_column width=&#8220;1\/2&#8243;][vc_column_text]<\/p>\n<h3>FOTOSITZUNG F\u00dcR VORSTAND<\/h3>\n<p>[\/vc_column_text][vc_empty_space]<div class=\"q_list circle\">\n\t<\/p>\n<ul>\n<li>F\u00fcr <strong>Vorst\u00e4nd<\/strong> und <strong>Direktoren<\/strong>.<\/li>\n<li><strong>Pressemitteilungen<\/strong> \/ Websites.<\/li>\n<li>Umfassendes <strong>Posing-Coaching<\/strong>.<\/li>\n<li>Ab <strong>4 Personen<\/strong>.<\/li>\n<li>Die Sitzung dauert etwa <strong>20-30 Minuten<\/strong> pro Person.<\/li>\n<li><strong>Ohne<\/strong> Wechsel der Kleidung.<\/li>\n<li>Visagistin auf Anfrage.<\/li>\n<\/ul>\n<p><\/div>[vc_empty_space height=&#8220;35px&#8220;][\/vc_column][vc_column width=&#8220;1\/2&#8243;][vc_column_text css=&#8220;&#8220;]<\/p>\n<h3>FOTOSITZUNG F\u00dcR MITARBEITER<\/h3>\n<p>[\/vc_column_text][vc_empty_space]<div class=\"q_list circle\">\n\t<\/p>\n<ul>\n<li>F\u00fcr <strong>Mitarbeiter<\/strong>.<\/li>\n<li>Harmonisierung ihrer Fotos mit denen des Vorstands.<\/li>\n<li>Coaching der <strong>Grundlagen<\/strong> des Posings.<\/li>\n<li>Ab <strong>10 Personen<\/strong>.<\/li>\n<li>Die Sitzung dauert etwa <strong>10-15 Minuten<\/strong> pro Person.<\/li>\n<li><strong>Ohne<\/strong> Wechsel der Kleidung.<\/li>\n<li><strong>Ohne<\/strong> Visagistin.<\/li>\n<\/ul>\n<p><\/div>[vc_empty_space height=&#8220;35px&#8220;][\/vc_column][\/vc_row][vc_row css_animation=&#8220;&#8220; row_type=&#8220;row&#8220; use_row_as_full_screen_section=&#8220;no&#8220; type=&#8220;grid&#8220; angled_section=&#8220;no&#8220; text_align=&#8220;left&#8220; background_image_as_pattern=&#8220;without_pattern&#8220; z_index=&#8220;&#8220;][vc_column width=&#8220;1\/2&#8243;][vc_column_text css=&#8220;&#8220;]<\/p>\n<h3>FOTOSITZUNG BOOK<\/h3>\n<p>[\/vc_column_text][vc_empty_space]<div class=\"q_list circle\">\n\t<\/p>\n<ul>\n<li>F\u00fcr <strong>Unternehmensleiter<\/strong>, die ein <strong>visuelles Portfolio<\/strong> erstellen m\u00f6chten.<\/li>\n<li>Erstellung <strong>mehrerer Looks<\/strong> f\u00fcr die <strong>kommenden Jahre<\/strong>.<\/li>\n<li>Umfassendes <strong>Posing-Coaching<\/strong>.<\/li>\n<li><strong>Individuelle<\/strong> Sitzung.<\/li>\n<li>Die Sitzung dauert etwa <strong>60-90 Minuten<\/strong>.<\/li>\n<li>M\u00f6glichkeit zum <strong>Wechsel der Kleidung<\/strong>.<\/li>\n<li>Visagistin auf Anfrage.<\/li>\n<\/ul>\n<p><\/div>[vc_empty_space height=&#8220;35px&#8220;][\/vc_column][vc_column width=&#8220;1\/2&#8243;][vc_column_text css=&#8220;&#8220;]<\/p>\n<h3>FOTOSITZUNG EXPRESS<\/h3>\n<p>[\/vc_column_text][vc_empty_space]<div class=\"q_list circle\">\n\t<\/p>\n<ul>\n<li>F\u00fcr ein gro\u00dfes Team w\u00e4hrend einer Veranstaltung.<\/li>\n<li>Eine intensive Sitzung von <strong>5 Minuten<\/strong> pro Person.<\/li>\n<li><strong>Grundlegendes<\/strong> Posing-Coaching.<\/li>\n<li>Ab <strong>10 Personen<\/strong>.<\/li>\n<li><strong>Ohne<\/strong> Wechsel der Kleidung.<\/li>\n<li><strong>Ohne<\/strong> Visagistin.<\/li>\n<\/ul>\n<p><\/div>[vc_empty_space height=&#8220;35px&#8220;][\/vc_column][\/vc_row][vc_row css_animation=&#8220;&#8220; row_type=&#8220;row&#8220; use_row_as_full_screen_section=&#8220;no&#8220; type=&#8220;grid&#8220; angled_section=&#8220;no&#8220; text_align=&#8220;center&#8220; background_image_as_pattern=&#8220;without_pattern&#8220; z_index=&#8220;&#8220;][vc_column][vc_empty_space height=&#8220;50px&#8220;][vc_column_text css=&#8220;&#8220;]<\/p>\n<div class=\"wpb_text_column wpb_content_element \">\n<div class=\"wpb_wrapper\">\n<h2 style=\"text-align: center;\">Orte f\u00fcr Portr\u00e4tsitzungen<\/h2>\n<\/div>\n<\/div>\n<p>[\/vc_column_text][vc_empty_space height=&#8220;20px&#8220;][vc_column_text css=&#8220;&#8220;]<\/p>\n<div class=\"wpb_text_column wpb_content_element \">\n<div class=\"wpb_wrapper\">\n<p style=\"text-align: center;\">Wir reisen in die gro\u00dfen St\u00e4dte Frankreichs, Luxemburgs, Belgiens, der Schweiz, Italiens, Deutschland und der Niederlande, um Unternehmensfotosessions entweder direkt in Ihren R\u00e4umlichkeiten oder in einem nahegelegenen Studio durchzuf\u00fchren.<\/p>\n<\/div>\n<p class=\"p1\" style=\"text-align: center;\">Wir sprechen Englisch und Franz\u00f6sisch.<\/p>\n<\/div>\n<p>[\/vc_column_text][vc_empty_space height=&#8220;30px&#8220;][\/vc_column][\/vc_row][vc_row css_animation=&#8220;&#8220; row_type=&#8220;row&#8220; use_row_as_full_screen_section=&#8220;no&#8220; type=&#8220;grid&#8220; angled_section=&#8220;no&#8220; text_align=&#8220;center&#8220; background_image_as_pattern=&#8220;without_pattern&#8220; z_index=&#8220;&#8220;][vc_column][vc_empty_space height=&#8220;100px&#8220;][vc_column_text css=&#8220;&#8220;]<\/p>\n<h2 style=\"text-align: center;\">Kontaktieren Sie uns f\u00fcr ein Angebot<\/h2>\n<p>[\/vc_column_text][vc_empty_space height=&#8220;20px&#8220;][vc_row_inner row_type=&#8220;row&#8220; type=&#8220;grid&#8220; text_align=&#8220;center&#8220; css_animation=&#8220;&#8220;][vc_column_inner width=&#8220;1\/2&#8243;]<a  itemprop=\"url\" href=\"mailto:gabriel@gabrielgorgi.com\" target=\"_self\"  class=\"qbutton  large center default\" style=\"\">E-Mail senden<\/a>[vc_empty_space][\/vc_column_inner][vc_column_inner width=&#8220;1\/2&#8243;]<a  itemprop=\"url\" href=\"https:\/\/tidycal.com\/gabrielgorgi\/call-en\" target=\"_self\"  class=\"qbutton  large center default\" style=\"\">Anruf planen<\/a>[vc_empty_space][\/vc_column_inner][\/vc_row_inner][\/vc_column][\/vc_row][vc_row css_animation=&#8220;&#8220; row_type=&#8220;row&#8220; use_row_as_full_screen_section=&#8220;no&#8220; type=&#8220;grid&#8220; angled_section=&#8220;no&#8220; text_align=&#8220;center&#8220; background_image_as_pattern=&#8220;without_pattern&#8220; z_index=&#8220;&#8220;][vc_column][vc_empty_space height=&#8220;4em&#8220;][\/vc_column][\/vc_row]<\/p>\n<\/div>","protected":false},"excerpt":{"rendered":"<p>[vc_row css_animation=&#8220;&#8220; row_type=&#8220;row&#8220; use_row_as_full_screen_section=&#8220;no&#8220; type=&#8220;grid&#8220; angled_section=&#8220;no&#8220; text_align=&#8220;center&#8220; background_image_as_pattern=&#8220;without_pattern&#8220; z_index=&#8220;&#8220;][vc_column][vc_empty_space height=&#8220;6em&#8220;][\/vc_column][\/vc_row][vc_row css_animation=&#8220;&#8220; row_type=&#8220;row&#8220; use_row_as_full_screen_section=&#8220;no&#8220; type=&#8220;grid&#8220; angled_section=&#8220;no&#8220; text_align=&#8220;left&#8220; background_image_as_pattern=&#8220;without_pattern&#8220; z_index=&#8220;&#8220;][vc_column width=&#8220;1\/2&#8243;][vc_column_text] FOTOSITZUNG F\u00dcR VORSTAND [\/vc_column_text][vc_empty_space][vc_empty_space height=&#8220;35px&#8220;][\/vc_column][vc_column width=&#8220;1\/2&#8243;][vc_column_text css=&#8220;&#8220;] FOTOSITZUNG F\u00dcR MITARBEITER [\/vc_column_text][vc_empty_space][vc_empty_space height=&#8220;35px&#8220;][\/vc_column][\/vc_row][vc_row css_animation=&#8220;&#8220; row_type=&#8220;row&#8220; use_row_as_full_screen_section=&#8220;no&#8220; type=&#8220;grid&#8220; angled_section=&#8220;no&#8220; text_align=&#8220;left&#8220; background_image_as_pattern=&#8220;without_pattern&#8220; z_index=&#8220;&#8220;][vc_column width=&#8220;1\/2&#8243;][vc_column_text css=&#8220;&#8220;] FOTOSITZUNG BOOK [\/vc_column_text][vc_empty_space][vc_empty_space height=&#8220;35px&#8220;][\/vc_column][vc_column&#8230;<\/p>\n","protected":false},"author":2,"featured_media":0,"parent":0,"menu_order":0,"comment_status":"closed","ping_status":"closed","template":"full_width.php","meta":{"footnotes":""},"yst_prominent_words":[],"class_list":["post-9669","page","type-page","status-publish","hentry"],"_links":{"self":[{"href":"https:\/\/www.gabrielgorgi.com\/de\/wp-json\/wp\/v2\/pages\/9669","targetHints":{"allow":["GET"]}}],"collection":[{"href":"https:\/\/www.gabrielgorgi.com\/de\/wp-json\/wp\/v2\/pages"}],"about":[{"href":"https:\/\/www.gabrielgorgi.com\/de\/wp-json\/wp\/v2\/types\/page"}],"author":[{"embeddable":true,"href":"https:\/\/www.gabrielgorgi.com\/de\/wp-json\/wp\/v2\/users\/2"}],"replies":[{"embeddable":true,"href":"https:\/\/www.gabrielgorgi.com\/de\/wp-json\/wp\/v2\/comments?post=9669"}],"version-history":[{"count":1,"href":"https:\/\/www.gabrielgorgi.com\/de\/wp-json\/wp\/v2\/pages\/9669\/revisions"}],"predecessor-version":[{"id":15594,"href":"https:\/\/www.gabrielgorgi.com\/de\/wp-json\/wp\/v2\/pages\/9669\/revisions\/15594"}],"wp:attachment":[{"href":"https:\/\/www.gabrielgorgi.com\/de\/wp-json\/wp\/v2\/media?parent=9669"}],"wp:term":[{"taxonomy":"yst_prominent_words","embeddable":true,"href":"https:\/\/www.gabrielgorgi.com\/de\/wp-json\/wp\/v2\/yst_prominent_words?post=9669"}],"curies":[{"name":"wp","href":"https:\/\/api.w.org\/{rel}","templated":true}]}}