{"id":9672,"date":"2025-06-06T16:36:30","date_gmt":"2025-06-06T14:36:30","guid":{"rendered":"https:\/\/gabrielgorgi.com\/?page_id=9672"},"modified":"2025-07-04T18:26:14","modified_gmt":"2025-07-04T16:26:14","slug":"vorgehensweise-fuer-die-buchung-von-portraitsessions","status":"publish","type":"page","link":"https:\/\/www.gabrielgorgi.com\/de\/vorgehensweise-fuer-die-buchung-von-portraitsessions\/","title":{"rendered":"VORGEHENSWEISE F\u00dcR DIE BUCHUNG VON PORTRAITSESSIONS"},"content":{"rendered":"<div class=\"wpb-content-wrapper\"><p>[vc_row css_animation=&#8220;&#8220; row_type=&#8220;row&#8220; use_row_as_full_screen_section=&#8220;no&#8220; type=&#8220;full_width&#8220; angled_section=&#8220;no&#8220; text_align=&#8220;left&#8220; background_image_as_pattern=&#8220;without_pattern&#8220;][vc_column offset=&#8220;vc_hidden-xs&#8220;][vc_empty_space height=&#8220;5em&#8220;][\/vc_column][\/vc_row][vc_row css_animation=&#8220;&#8220; row_type=&#8220;row&#8220; use_row_as_full_screen_section=&#8220;no&#8220; type=&#8220;grid&#8220; angled_section=&#8220;no&#8220; text_align=&#8220;left&#8220; background_image_as_pattern=&#8220;without_pattern&#8220; z_index=&#8220;&#8220;][vc_column width=&#8220;1\/3&#8243;][vc_column_text css=&#8220;&#8220;]<\/p>\n<h1 class=\"titre-demarche\">KURZE ARBEITSWEISE<\/h1>\n<p>[\/vc_column_text][vc_empty_space][\/vc_column][vc_column width=&#8220;2\/3&#8243;][vc_column_text]<\/p>\n<p class=\"p1\">Wir bieten verschiedene Leistungen mit variablen Preisen je nach erforderlichem Coaching- und Arbeitsaufwand sowie einen gestaffelten Tarif abh\u00e4ngig von der Menge.<\/p>\n<p class=\"p1\">Die beste Kommunikationsmethode ist <strong>ein pers\u00f6nliches Gespr\u00e4ch<\/strong>. Z\u00f6gern Sie daher nicht, einen 20-min\u00fctigen Telefontermin zu vereinbaren, um die am besten zu Ihren Bed\u00fcrfnissen passende Leistung, deren Logistik, Methode und \u00dcbereinstimmung mit Ihrem Projekt zu besprechen.<\/p>\n<p class=\"p1\">Falls dies nicht m\u00f6glich ist, k\u00f6nnen Sie auf dieser Seite weiterlesen.<\/p>\n<p>[\/vc_column_text][vc_empty_space]<a  itemprop=\"url\" href=\"https:\/\/tidycal.com\/gabrielgorgi\/call-en\" target=\"_self\"  class=\"qbutton  medium center default\" style=\"\">Telefonat planen<\/a>[\/vc_column][\/vc_row][vc_row css_animation=&#8220;&#8220; row_type=&#8220;row&#8220; use_row_as_full_screen_section=&#8220;no&#8220; type=&#8220;grid&#8220; angled_section=&#8220;no&#8220; text_align=&#8220;left&#8220; background_image_as_pattern=&#8220;without_pattern&#8220; z_index=&#8220;&#8220;][vc_column][vc_empty_space height=&#8220;4em&#8220;][vc_separator type=&#8220;normal&#8220; thickness=&#8220;1&#8243;][vc_empty_space height=&#8220;4em&#8220;][vc_column_text css=&#8220;&#8220;]<\/p>\n<h1 class=\"titre-demarche\">DETAILLIERTE ARBEITSWEISE:<\/h1>\n<p>[\/vc_column_text][vc_empty_space height=&#8220;3em&#8220;][\/vc_column][\/vc_row][vc_row css_animation=&#8220;&#8220; row_type=&#8220;row&#8220; use_row_as_full_screen_section=&#8220;no&#8220; type=&#8220;grid&#8220; angled_section=&#8220;no&#8220; text_align=&#8220;left&#8220; background_image_as_pattern=&#8220;without_pattern&#8220; z_index=&#8220;&#8220;][vc_column width=&#8220;1\/3&#8243;][vc_column_text css=&#8220;&#8220;]<\/p>\n<h2 class=\"titre-demarche\">SCHRITT 1<\/h2>\n<p>[\/vc_column_text][vc_empty_space][\/vc_column][vc_column width=&#8220;2\/3&#8243;][vc_column_text]<\/p>\n<div style=\"margin-bottom: 2em;\">\n<p>Um ein detailliertes Angebot zu erhalten, senden Sie uns eine E-Mail an <strong><a href=\"mailto:gabriel@gabrielgorgi.com\">gabriel@gabrielgorgi.com<\/a><\/strong> mit den folgenden Angaben:<\/p>\n<ol>\n<li>Das oder die gew\u00fcnschten Datum\/Daten f\u00fcr Ihre Sitzung<\/li>\n<li>Die Anzahl der zu fotografierenden Personen<\/li>\n<li>Die Art der Sitzung: Executive, Vorstand, Mitarbeiter oder Express<\/li>\n<li>Ob Sie die Make-up-Option w\u00fcnschen (nur f\u00fcr Executive- und Vorstandssitzungen)<\/li>\n<li>Der Ort des Shootings: Ihre R\u00e4umlichkeiten in Frankreich oder Nachbarl\u00e4ndern oder ein in der N\u00e4he gemietetes Studio<\/li>\n<li>Ihre Rechnungsdaten: Der Firmenname und die Rechnungsadresse sind erforderlich<\/li>\n<li>Ein grauer Hintergrund wird standardm\u00e4\u00dfig verwendet \u2013 bitte geben Sie an, wenn Sie einen wei\u00dfen Hintergrund bevorzugen (leicht freizustellen und durch ein anderes Element wie Ihr Logo oder eine spezifische Szene zu ersetzen).<\/li>\n<\/ol>\n<\/div>\n<p>[\/vc_column_text][vc_empty_space]<a  itemprop=\"url\" href=\"mailto:gabriel@gabrielgorgi.com\" target=\"_self\"  class=\"qbutton  medium default\" style=\"\">E-Mail senden<\/a>[vc_empty_space height=&#8220;6em&#8220;][\/vc_column][\/vc_row][vc_row css_animation=&#8220;&#8220; row_type=&#8220;row&#8220; use_row_as_full_screen_section=&#8220;no&#8220; type=&#8220;full_width&#8220; angled_section=&#8220;no&#8220; text_align=&#8220;left&#8220; background_image_as_pattern=&#8220;without_pattern&#8220;][vc_column width=&#8220;1\/3&#8243;][vc_column_text css=&#8220;&#8220;]<\/p>\n<h2 class=\"titre-demarche\">SCHRITT 2<\/h2>\n<p>[\/vc_column_text][vc_empty_space][\/vc_column][vc_column width=&#8220;2\/3&#8243;][vc_column_text]<\/p>\n<p class=\"p1\">Ein Angebot wird Ihnen zur Unterzeichnung zugesandt.<\/p>\n<p class=\"p2\">Bitte unterzeichnen Sie es, scannen Sie es ein und senden Sie es uns zur\u00fcck, gegebenenfalls zusammen mit Ihrer Bestellung.<\/p>\n<p class=\"p2\">Eine <span class=\"s1\">nicht erstattungsf\u00e4hige Anzahlung von 40 %<\/span> ist bei Unterzeichnung erforderlich, um die Buchung zu best\u00e4tigen.<\/p>\n<p>[\/vc_column_text][vc_empty_space height=&#8220;6em&#8220;][\/vc_column][\/vc_row][vc_row css_animation=&#8220;&#8220; row_type=&#8220;row&#8220; use_row_as_full_screen_section=&#8220;no&#8220; type=&#8220;full_width&#8220; angled_section=&#8220;no&#8220; text_align=&#8220;left&#8220; background_image_as_pattern=&#8220;without_pattern&#8220;][vc_column][vc_column_text]<\/p>\n<p>[\/vc_column_text][\/vc_column][\/vc_row][vc_row css_animation=&#8220;&#8220; row_type=&#8220;row&#8220; use_row_as_full_screen_section=&#8220;no&#8220; type=&#8220;full_width&#8220; angled_section=&#8220;no&#8220; text_align=&#8220;left&#8220; background_image_as_pattern=&#8220;without_pattern&#8220;][vc_column width=&#8220;1\/3&#8243;][vc_column_text css=&#8220;&#8220;]<\/p>\n<h2 class=\"titre-demarche\">SCHRITT 3<\/h2>\n<p>[\/vc_column_text][vc_empty_space][\/vc_column][vc_column width=&#8220;2\/3&#8243;][vc_column_text]<br \/>\nBei Unterzeichnung des Angebots wird Ihnen eine Excel-Datei mit den verf\u00fcgbaren Zeitfenstern f\u00fcr die Sitzung zugesandt.<\/p>\n<p>Bitte f\u00fcllen Sie diese entsprechend der Verf\u00fcgbarkeiten der Teilnehmer aus und sortieren Sie sie nach Ankunftsreihenfolge.<br \/>\n[\/vc_column_text][vc_empty_space height=&#8220;6em&#8220;][\/vc_column][\/vc_row][vc_row css_animation=&#8220;&#8220; row_type=&#8220;row&#8220; use_row_as_full_screen_section=&#8220;no&#8220; type=&#8220;full_width&#8220; angled_section=&#8220;no&#8220; text_align=&#8220;left&#8220; background_image_as_pattern=&#8220;without_pattern&#8220;][vc_column][vc_column_text]<\/p>\n<p>[\/vc_column_text][\/vc_column][\/vc_row][vc_row css_animation=&#8220;&#8220; row_type=&#8220;row&#8220; use_row_as_full_screen_section=&#8220;no&#8220; type=&#8220;full_width&#8220; angled_section=&#8220;no&#8220; text_align=&#8220;left&#8220; background_image_as_pattern=&#8220;without_pattern&#8220;][vc_column width=&#8220;1\/3&#8243;][vc_column_text css=&#8220;&#8220;]<\/p>\n<h2 class=\"titre-demarche\">SCHRITT 4<\/h2>\n<p>[\/vc_column_text][vc_empty_space][\/vc_column][vc_column width=&#8220;2\/3&#8243;][vc_column_text]<br \/>\nDamit alle gut vorbereitet sind, wird Ihnen ein Leitfaden mit meinen Tipps (Kleidung, Accessoires usw.) zugesandt.<\/p>\n<p>Dieses Dokument ist an alle zu fotografierenden Personen weiterzugeben.<br \/>\n[\/vc_column_text][vc_empty_space height=&#8220;6em&#8220;][\/vc_column][\/vc_row][vc_row css_animation=&#8220;&#8220; row_type=&#8220;row&#8220; use_row_as_full_screen_section=&#8220;no&#8220; type=&#8220;full_width&#8220; angled_section=&#8220;no&#8220; text_align=&#8220;left&#8220; background_image_as_pattern=&#8220;without_pattern&#8220;][vc_column][vc_column_text]<\/p>\n<p>[\/vc_column_text][\/vc_column][\/vc_row][vc_row css_animation=&#8220;&#8220; row_type=&#8220;row&#8220; use_row_as_full_screen_section=&#8220;no&#8220; type=&#8220;full_width&#8220; angled_section=&#8220;no&#8220; text_align=&#8220;left&#8220; background_image_as_pattern=&#8220;without_pattern&#8220;][vc_column width=&#8220;1\/3&#8243;][vc_column_text css=&#8220;&#8220;]<\/p>\n<h2 class=\"titre-demarche\">SCHRITT 5<\/h2>\n<p>[\/vc_column_text][vc_empty_space][\/vc_column][vc_column width=&#8220;2\/3&#8243;][vc_column_text]<\/p>\n<p class=\"p1\">Die Sitzung wird gem\u00e4\u00df dem im Angebot vereinbarten Coaching-Niveau durchgef\u00fchrt.<\/p>\n<p class=\"p1\">Am Ende der Sitzung validiert jede Person ihr eigenes Foto auf einem Laptop, bevor sie geht.<\/p>\n<p class=\"p1\">Bei Shootings \u00fcber mehrere Tage bleibt das Equipment vor Ort, um Zeit zu sparen und einen reibungslosen Ablauf zu gew\u00e4hrleisten (wenn die Leistung mehrere Tage umfasst).<\/p>\n<p class=\"p1\">Der Shooting-Ort muss zwischen dem Verlassen des Fotografen am Abend und seiner R\u00fcckkehr am n\u00e4chsten Morgen abgeschlossen sein.<\/p>\n<p>[\/vc_column_text][vc_empty_space height=&#8220;6em&#8220;][\/vc_column][\/vc_row][vc_row css_animation=&#8220;&#8220; row_type=&#8220;row&#8220; use_row_as_full_screen_section=&#8220;no&#8220; type=&#8220;full_width&#8220; angled_section=&#8220;no&#8220; text_align=&#8220;left&#8220; background_image_as_pattern=&#8220;without_pattern&#8220;][vc_column][vc_column_text]<\/p>\n<p>[\/vc_column_text][\/vc_column][\/vc_row][vc_row css_animation=&#8220;&#8220; row_type=&#8220;row&#8220; use_row_as_full_screen_section=&#8220;no&#8220; type=&#8220;full_width&#8220; angled_section=&#8220;no&#8220; text_align=&#8220;left&#8220; background_image_as_pattern=&#8220;without_pattern&#8220;][vc_column width=&#8220;1\/3&#8243;][vc_column_text css=&#8220;&#8220;]<\/p>\n<h2 class=\"titre-demarche\">SCHRITT 6<\/h2>\n<p>[\/vc_column_text][vc_empty_space][\/vc_column][vc_column width=&#8220;2\/3&#8243;][vc_column_text]<br \/>\nDie Restrechnung wird Ihnen am Tag nach der Leistungserbringung zugesandt.<\/p>\n<p>Sofern keine dringende Anfrage vorliegt, erfolgt die Lieferung innerhalb von 5 bis 10 Tagen nach dem Shooting.<\/p>\n<p>Die Fotos werden nach Begleichung dieser Rechnung geliefert.<br \/>\n[\/vc_column_text][vc_empty_space height=&#8220;6em&#8220;][\/vc_column][\/vc_row][vc_row css_animation=&#8220;&#8220; row_type=&#8220;row&#8220; use_row_as_full_screen_section=&#8220;no&#8220; type=&#8220;full_width&#8220; angled_section=&#8220;no&#8220; text_align=&#8220;left&#8220; background_image_as_pattern=&#8220;without_pattern&#8220;][vc_column][vc_column_text]<\/p>\n<p>[\/vc_column_text][\/vc_column][\/vc_row][vc_row css_animation=&#8220;&#8220; row_type=&#8220;row&#8220; use_row_as_full_screen_section=&#8220;no&#8220; type=&#8220;full_width&#8220; angled_section=&#8220;no&#8220; text_align=&#8220;left&#8220; background_image_as_pattern=&#8220;without_pattern&#8220;][vc_column width=&#8220;1\/3&#8243;][vc_column_text css=&#8220;&#8220;]<\/p>\n<h2 class=\"titre-demarche\">SCHRITT 7<\/h2>\n<p>[\/vc_column_text][vc_empty_space][\/vc_column][vc_column width=&#8220;2\/3&#8243;][vc_column_text]<br \/>\nNach der Lieferung hat der Kunde 3 Tage Zeit, um gegebenenfalls kostenlose zus\u00e4tzliche Retuschen anzufordern.<br \/>\n[\/vc_column_text][\/vc_column][\/vc_row][vc_row css_animation=&#8220;&#8220; row_type=&#8220;row&#8220; use_row_as_full_screen_section=&#8220;no&#8220; type=&#8220;full_width&#8220; angled_section=&#8220;no&#8220; text_align=&#8220;left&#8220; background_image_as_pattern=&#8220;without_pattern&#8220;][vc_column][vc_empty_space height=&#8220;4em&#8220;][\/vc_column][\/vc_row]<\/p>\n<\/div>","protected":false},"excerpt":{"rendered":"<p>[vc_row css_animation=&#8220;&#8220; row_type=&#8220;row&#8220; use_row_as_full_screen_section=&#8220;no&#8220; type=&#8220;full_width&#8220; angled_section=&#8220;no&#8220; text_align=&#8220;left&#8220; background_image_as_pattern=&#8220;without_pattern&#8220;][vc_column offset=&#8220;vc_hidden-xs&#8220;][vc_empty_space height=&#8220;5em&#8220;][\/vc_column][\/vc_row][vc_row css_animation=&#8220;&#8220; row_type=&#8220;row&#8220; use_row_as_full_screen_section=&#8220;no&#8220; type=&#8220;grid&#8220; angled_section=&#8220;no&#8220; text_align=&#8220;left&#8220; background_image_as_pattern=&#8220;without_pattern&#8220; z_index=&#8220;&#8220;][vc_column width=&#8220;1\/3&#8243;][vc_column_text css=&#8220;&#8220;] KURZE ARBEITSWEISE [\/vc_column_text][vc_empty_space][\/vc_column][vc_column width=&#8220;2\/3&#8243;][vc_column_text] Wir bieten verschiedene Leistungen mit variablen Preisen je nach erforderlichem Coaching- und Arbeitsaufwand sowie einen gestaffelten Tarif abh\u00e4ngig von der Menge&#8230;.<\/p>\n","protected":false},"author":2,"featured_media":9673,"parent":0,"menu_order":0,"comment_status":"closed","ping_status":"closed","template":"","meta":{"footnotes":""},"yst_prominent_words":[],"class_list":["post-9672","page","type-page","status-publish","has-post-thumbnail","hentry"],"_links":{"self":[{"href":"https:\/\/www.gabrielgorgi.com\/de\/wp-json\/wp\/v2\/pages\/9672","targetHints":{"allow":["GET"]}}],"collection":[{"href":"https:\/\/www.gabrielgorgi.com\/de\/wp-json\/wp\/v2\/pages"}],"about":[{"href":"https:\/\/www.gabrielgorgi.com\/de\/wp-json\/wp\/v2\/types\/page"}],"author":[{"embeddable":true,"href":"https:\/\/www.gabrielgorgi.com\/de\/wp-json\/wp\/v2\/users\/2"}],"replies":[{"embeddable":true,"href":"https:\/\/www.gabrielgorgi.com\/de\/wp-json\/wp\/v2\/comments?post=9672"}],"version-history":[{"count":0,"href":"https:\/\/www.gabrielgorgi.com\/de\/wp-json\/wp\/v2\/pages\/9672\/revisions"}],"wp:featuredmedia":[{"embeddable":true,"href":"https:\/\/www.gabrielgorgi.com\/de\/wp-json\/wp\/v2\/media\/9673"}],"wp:attachment":[{"href":"https:\/\/www.gabrielgorgi.com\/de\/wp-json\/wp\/v2\/media?parent=9672"}],"wp:term":[{"taxonomy":"yst_prominent_words","embeddable":true,"href":"https:\/\/www.gabrielgorgi.com\/de\/wp-json\/wp\/v2\/yst_prominent_words?post=9672"}],"curies":[{"name":"wp","href":"https:\/\/api.w.org\/{rel}","templated":true}]}}