{"id":9678,"date":"2025-06-06T19:36:34","date_gmt":"2025-06-06T17:36:34","guid":{"rendered":"https:\/\/gabrielgorgi.com\/?page_id=9678"},"modified":"2025-10-18T18:24:17","modified_gmt":"2025-10-18T16:24:17","slug":"berichterstattung-von-firmenveranstaltungen","status":"publish","type":"page","link":"https:\/\/www.gabrielgorgi.com\/de\/berichterstattung-von-firmenveranstaltungen\/","title":{"rendered":"Berichterstattung von Firmenveranstaltungen"},"content":{"rendered":"<div class=\"wpb-content-wrapper\"><p>[vc_row css_animation=&#8220;&#8220; row_type=&#8220;row&#8220; use_row_as_full_screen_section=&#8220;no&#8220; type=&#8220;grid&#8220; angled_section=&#8220;no&#8220; text_align=&#8220;left&#8220; background_image_as_pattern=&#8220;without_pattern&#8220; z_index=&#8220;&#8220;][vc_column][vc_empty_space height=&#8220;70px&#8220;]<div class=\"qode-advanced-image-gallery  qode-aig-grid-type qode-tiny-space  qode-image-behavior-lightbox \">\n\t<div class=\"qode-aig-inner qode-outer-space qode-aig-grid qode-aig-four-columns\">\n\t\t\t\t\t<div class=\"qode-aig-image qode-item-space\">\n\t\t\t\t<div class=\"qode-aig-image-inner\">\n\t\t\t\t\t\t\t\t\t\t\t<a itemprop=\"image\" class=\"qode-aig-lightbox\" href=\"https:\/\/www.gabrielgorgi.com\/wp-content\/uploads\/2025\/05\/Reportage-evenement-corporate-14.jpg\" data-rel=\"prettyPhoto[image_gallery_pretty_photo-656]\" title=\"Reportage evenement corporate &#8211; 14\">\n\t\t\t\t\t\t\t\t\t\t\t<img decoding=\"async\" width=\"1920\" height=\"1280\" src=\"https:\/\/www.gabrielgorgi.com\/wp-content\/uploads\/2025\/05\/Reportage-evenement-corporate-14.jpg\" class=\"attachment-full size-full\" alt=\"\" srcset=\"https:\/\/www.gabrielgorgi.com\/wp-content\/uploads\/2025\/05\/Reportage-evenement-corporate-14.jpg 1920w, https:\/\/www.gabrielgorgi.com\/wp-content\/uploads\/2025\/05\/Reportage-evenement-corporate-14-300x200.jpg 300w, https:\/\/www.gabrielgorgi.com\/wp-content\/uploads\/2025\/05\/Reportage-evenement-corporate-14-1024x683.jpg 1024w, https:\/\/www.gabrielgorgi.com\/wp-content\/uploads\/2025\/05\/Reportage-evenement-corporate-14-768x512.jpg 768w, https:\/\/www.gabrielgorgi.com\/wp-content\/uploads\/2025\/05\/Reportage-evenement-corporate-14-1536x1024.jpg 1536w, https:\/\/www.gabrielgorgi.com\/wp-content\/uploads\/2025\/05\/Reportage-evenement-corporate-14-700x467.jpg 700w\" sizes=\"(max-width: 1920px) 100vw, 1920px\" \/>\t\t\t\t\t\t<span class=\"aig-gallery-hover\">\n\t\t\t\t\t\t\t\t\t\t\t\t\t\t\t<span class=\"icon-arrows-plus\"><\/span> \n\t\t\t\t\t\t\t\t\t\t\t\t\t<\/span>\n\t\t\t\t\t\t\t\t\t\t\t<\/a>\n\t\t\t\t\t\t\t\t\t<\/div>\n\t\t\t<\/div>\n\t\t\t\t\t\t\t\t<div class=\"qode-aig-image qode-item-space\">\n\t\t\t\t<div class=\"qode-aig-image-inner\">\n\t\t\t\t\t\t\t\t\t\t\t<a itemprop=\"image\" class=\"qode-aig-lightbox\" href=\"https:\/\/www.gabrielgorgi.com\/wp-content\/uploads\/2025\/05\/Reportage-evenement-corporate-13.jpg\" data-rel=\"prettyPhoto[image_gallery_pretty_photo-656]\" title=\"Reportage evenement corporate &#8211; 13\">\n\t\t\t\t\t\t\t\t\t\t\t<img decoding=\"async\" width=\"1920\" height=\"1280\" src=\"https:\/\/www.gabrielgorgi.com\/wp-content\/uploads\/2025\/05\/Reportage-evenement-corporate-13.jpg\" class=\"attachment-full size-full\" alt=\"\" srcset=\"https:\/\/www.gabrielgorgi.com\/wp-content\/uploads\/2025\/05\/Reportage-evenement-corporate-13.jpg 1920w, https:\/\/www.gabrielgorgi.com\/wp-content\/uploads\/2025\/05\/Reportage-evenement-corporate-13-300x200.jpg 300w, https:\/\/www.gabrielgorgi.com\/wp-content\/uploads\/2025\/05\/Reportage-evenement-corporate-13-1024x683.jpg 1024w, https:\/\/www.gabrielgorgi.com\/wp-content\/uploads\/2025\/05\/Reportage-evenement-corporate-13-768x512.jpg 768w, https:\/\/www.gabrielgorgi.com\/wp-content\/uploads\/2025\/05\/Reportage-evenement-corporate-13-1536x1024.jpg 1536w, https:\/\/www.gabrielgorgi.com\/wp-content\/uploads\/2025\/05\/Reportage-evenement-corporate-13-700x467.jpg 700w\" sizes=\"(max-width: 1920px) 100vw, 1920px\" \/>\t\t\t\t\t\t<span class=\"aig-gallery-hover\">\n\t\t\t\t\t\t\t\t\t\t\t\t\t\t\t<span class=\"icon-arrows-plus\"><\/span> \n\t\t\t\t\t\t\t\t\t\t\t\t\t<\/span>\n\t\t\t\t\t\t\t\t\t\t\t<\/a>\n\t\t\t\t\t\t\t\t\t<\/div>\n\t\t\t<\/div>\n\t\t\t\t\t\t\t\t<div class=\"qode-aig-image qode-item-space\">\n\t\t\t\t<div class=\"qode-aig-image-inner\">\n\t\t\t\t\t\t\t\t\t\t\t<a itemprop=\"image\" class=\"qode-aig-lightbox\" href=\"https:\/\/www.gabrielgorgi.com\/wp-content\/uploads\/2025\/05\/Reportage-evenement-corporate-12.jpg\" data-rel=\"prettyPhoto[image_gallery_pretty_photo-656]\" title=\"Reportage evenement corporate &#8211; 12\">\n\t\t\t\t\t\t\t\t\t\t\t<img decoding=\"async\" width=\"1920\" height=\"1280\" src=\"https:\/\/www.gabrielgorgi.com\/wp-content\/uploads\/2025\/05\/Reportage-evenement-corporate-12.jpg\" class=\"attachment-full size-full\" alt=\"\" srcset=\"https:\/\/www.gabrielgorgi.com\/wp-content\/uploads\/2025\/05\/Reportage-evenement-corporate-12.jpg 1920w, https:\/\/www.gabrielgorgi.com\/wp-content\/uploads\/2025\/05\/Reportage-evenement-corporate-12-300x200.jpg 300w, https:\/\/www.gabrielgorgi.com\/wp-content\/uploads\/2025\/05\/Reportage-evenement-corporate-12-1024x683.jpg 1024w, https:\/\/www.gabrielgorgi.com\/wp-content\/uploads\/2025\/05\/Reportage-evenement-corporate-12-768x512.jpg 768w, https:\/\/www.gabrielgorgi.com\/wp-content\/uploads\/2025\/05\/Reportage-evenement-corporate-12-1536x1024.jpg 1536w, https:\/\/www.gabrielgorgi.com\/wp-content\/uploads\/2025\/05\/Reportage-evenement-corporate-12-700x467.jpg 700w\" sizes=\"(max-width: 1920px) 100vw, 1920px\" \/>\t\t\t\t\t\t<span class=\"aig-gallery-hover\">\n\t\t\t\t\t\t\t\t\t\t\t\t\t\t\t<span class=\"icon-arrows-plus\"><\/span> \n\t\t\t\t\t\t\t\t\t\t\t\t\t<\/span>\n\t\t\t\t\t\t\t\t\t\t\t<\/a>\n\t\t\t\t\t\t\t\t\t<\/div>\n\t\t\t<\/div>\n\t\t\t\t\t\t\t\t<div class=\"qode-aig-image qode-item-space\">\n\t\t\t\t<div class=\"qode-aig-image-inner\">\n\t\t\t\t\t\t\t\t\t\t\t<a itemprop=\"image\" class=\"qode-aig-lightbox\" href=\"https:\/\/www.gabrielgorgi.com\/wp-content\/uploads\/2025\/05\/Reportage-evenement-corporate-11.jpg\" data-rel=\"prettyPhoto[image_gallery_pretty_photo-656]\" title=\"Reportage evenement corporate &#8211; 11\">\n\t\t\t\t\t\t\t\t\t\t\t<img decoding=\"async\" width=\"1920\" height=\"1282\" src=\"https:\/\/www.gabrielgorgi.com\/wp-content\/uploads\/2025\/05\/Reportage-evenement-corporate-11.jpg\" class=\"attachment-full size-full\" alt=\"\" srcset=\"https:\/\/www.gabrielgorgi.com\/wp-content\/uploads\/2025\/05\/Reportage-evenement-corporate-11.jpg 1920w, https:\/\/www.gabrielgorgi.com\/wp-content\/uploads\/2025\/05\/Reportage-evenement-corporate-11-300x200.jpg 300w, https:\/\/www.gabrielgorgi.com\/wp-content\/uploads\/2025\/05\/Reportage-evenement-corporate-11-1024x684.jpg 1024w, https:\/\/www.gabrielgorgi.com\/wp-content\/uploads\/2025\/05\/Reportage-evenement-corporate-11-768x513.jpg 768w, https:\/\/www.gabrielgorgi.com\/wp-content\/uploads\/2025\/05\/Reportage-evenement-corporate-11-1536x1026.jpg 1536w, https:\/\/www.gabrielgorgi.com\/wp-content\/uploads\/2025\/05\/Reportage-evenement-corporate-11-700x467.jpg 700w\" sizes=\"(max-width: 1920px) 100vw, 1920px\" \/>\t\t\t\t\t\t<span class=\"aig-gallery-hover\">\n\t\t\t\t\t\t\t\t\t\t\t\t\t\t\t<span class=\"icon-arrows-plus\"><\/span> \n\t\t\t\t\t\t\t\t\t\t\t\t\t<\/span>\n\t\t\t\t\t\t\t\t\t\t\t<\/a>\n\t\t\t\t\t\t\t\t\t<\/div>\n\t\t\t<\/div>\n\t\t\t\t\t\t\t\t<div class=\"qode-aig-image qode-item-space\">\n\t\t\t\t<div class=\"qode-aig-image-inner\">\n\t\t\t\t\t\t\t\t\t\t\t<a itemprop=\"image\" class=\"qode-aig-lightbox\" href=\"https:\/\/www.gabrielgorgi.com\/wp-content\/uploads\/2025\/05\/Reportage-evenement-corporate-10.jpg\" data-rel=\"prettyPhoto[image_gallery_pretty_photo-656]\" title=\"Reportage evenement corporate &#8211; 10\">\n\t\t\t\t\t\t\t\t\t\t\t<img decoding=\"async\" width=\"1920\" height=\"1282\" src=\"https:\/\/www.gabrielgorgi.com\/wp-content\/uploads\/2025\/05\/Reportage-evenement-corporate-10.jpg\" class=\"attachment-full size-full\" alt=\"\" srcset=\"https:\/\/www.gabrielgorgi.com\/wp-content\/uploads\/2025\/05\/Reportage-evenement-corporate-10.jpg 1920w, https:\/\/www.gabrielgorgi.com\/wp-content\/uploads\/2025\/05\/Reportage-evenement-corporate-10-300x200.jpg 300w, https:\/\/www.gabrielgorgi.com\/wp-content\/uploads\/2025\/05\/Reportage-evenement-corporate-10-1024x684.jpg 1024w, https:\/\/www.gabrielgorgi.com\/wp-content\/uploads\/2025\/05\/Reportage-evenement-corporate-10-768x513.jpg 768w, https:\/\/www.gabrielgorgi.com\/wp-content\/uploads\/2025\/05\/Reportage-evenement-corporate-10-1536x1026.jpg 1536w, https:\/\/www.gabrielgorgi.com\/wp-content\/uploads\/2025\/05\/Reportage-evenement-corporate-10-700x467.jpg 700w\" sizes=\"(max-width: 1920px) 100vw, 1920px\" \/>\t\t\t\t\t\t<span class=\"aig-gallery-hover\">\n\t\t\t\t\t\t\t\t\t\t\t\t\t\t\t<span class=\"icon-arrows-plus\"><\/span> \n\t\t\t\t\t\t\t\t\t\t\t\t\t<\/span>\n\t\t\t\t\t\t\t\t\t\t\t<\/a>\n\t\t\t\t\t\t\t\t\t<\/div>\n\t\t\t<\/div>\n\t\t\t\t\t\t\t\t<div class=\"qode-aig-image qode-item-space\">\n\t\t\t\t<div class=\"qode-aig-image-inner\">\n\t\t\t\t\t\t\t\t\t\t\t<a itemprop=\"image\" class=\"qode-aig-lightbox\" href=\"https:\/\/www.gabrielgorgi.com\/wp-content\/uploads\/2025\/05\/Reportage-evenement-corporate-9.jpg\" data-rel=\"prettyPhoto[image_gallery_pretty_photo-656]\" title=\"Reportage evenement corporate &#8211; 9\">\n\t\t\t\t\t\t\t\t\t\t\t<img decoding=\"async\" width=\"1920\" height=\"1280\" src=\"https:\/\/www.gabrielgorgi.com\/wp-content\/uploads\/2025\/05\/Reportage-evenement-corporate-9.jpg\" class=\"attachment-full size-full\" alt=\"\" srcset=\"https:\/\/www.gabrielgorgi.com\/wp-content\/uploads\/2025\/05\/Reportage-evenement-corporate-9.jpg 1920w, https:\/\/www.gabrielgorgi.com\/wp-content\/uploads\/2025\/05\/Reportage-evenement-corporate-9-300x200.jpg 300w, https:\/\/www.gabrielgorgi.com\/wp-content\/uploads\/2025\/05\/Reportage-evenement-corporate-9-1024x683.jpg 1024w, https:\/\/www.gabrielgorgi.com\/wp-content\/uploads\/2025\/05\/Reportage-evenement-corporate-9-768x512.jpg 768w, https:\/\/www.gabrielgorgi.com\/wp-content\/uploads\/2025\/05\/Reportage-evenement-corporate-9-1536x1024.jpg 1536w, https:\/\/www.gabrielgorgi.com\/wp-content\/uploads\/2025\/05\/Reportage-evenement-corporate-9-700x467.jpg 700w\" sizes=\"(max-width: 1920px) 100vw, 1920px\" \/>\t\t\t\t\t\t<span class=\"aig-gallery-hover\">\n\t\t\t\t\t\t\t\t\t\t\t\t\t\t\t<span class=\"icon-arrows-plus\"><\/span> \n\t\t\t\t\t\t\t\t\t\t\t\t\t<\/span>\n\t\t\t\t\t\t\t\t\t\t\t<\/a>\n\t\t\t\t\t\t\t\t\t<\/div>\n\t\t\t<\/div>\n\t\t\t\t\t\t\t\t<div class=\"qode-aig-image qode-item-space\">\n\t\t\t\t<div class=\"qode-aig-image-inner\">\n\t\t\t\t\t\t\t\t\t\t\t<a itemprop=\"image\" class=\"qode-aig-lightbox\" href=\"https:\/\/www.gabrielgorgi.com\/wp-content\/uploads\/2025\/05\/Reportage-evenement-corporate-8.jpg\" data-rel=\"prettyPhoto[image_gallery_pretty_photo-656]\" title=\"Reportage evenement corporate &#8211; 8\">\n\t\t\t\t\t\t\t\t\t\t\t<img decoding=\"async\" width=\"1920\" height=\"1280\" src=\"https:\/\/www.gabrielgorgi.com\/wp-content\/uploads\/2025\/05\/Reportage-evenement-corporate-8.jpg\" class=\"attachment-full size-full\" alt=\"\" srcset=\"https:\/\/www.gabrielgorgi.com\/wp-content\/uploads\/2025\/05\/Reportage-evenement-corporate-8.jpg 1920w, https:\/\/www.gabrielgorgi.com\/wp-content\/uploads\/2025\/05\/Reportage-evenement-corporate-8-300x200.jpg 300w, https:\/\/www.gabrielgorgi.com\/wp-content\/uploads\/2025\/05\/Reportage-evenement-corporate-8-1024x683.jpg 1024w, https:\/\/www.gabrielgorgi.com\/wp-content\/uploads\/2025\/05\/Reportage-evenement-corporate-8-768x512.jpg 768w, https:\/\/www.gabrielgorgi.com\/wp-content\/uploads\/2025\/05\/Reportage-evenement-corporate-8-1536x1024.jpg 1536w, https:\/\/www.gabrielgorgi.com\/wp-content\/uploads\/2025\/05\/Reportage-evenement-corporate-8-700x467.jpg 700w\" sizes=\"(max-width: 1920px) 100vw, 1920px\" \/>\t\t\t\t\t\t<span class=\"aig-gallery-hover\">\n\t\t\t\t\t\t\t\t\t\t\t\t\t\t\t<span class=\"icon-arrows-plus\"><\/span> \n\t\t\t\t\t\t\t\t\t\t\t\t\t<\/span>\n\t\t\t\t\t\t\t\t\t\t\t<\/a>\n\t\t\t\t\t\t\t\t\t<\/div>\n\t\t\t<\/div>\n\t\t\t\t\t\t\t\t<div class=\"qode-aig-image qode-item-space\">\n\t\t\t\t<div class=\"qode-aig-image-inner\">\n\t\t\t\t\t\t\t\t\t\t\t<a itemprop=\"image\" class=\"qode-aig-lightbox\" href=\"https:\/\/www.gabrielgorgi.com\/wp-content\/uploads\/2025\/05\/Reportage-evenement-corporate-7.jpg\" data-rel=\"prettyPhoto[image_gallery_pretty_photo-656]\" title=\"Reportage evenement corporate &#8211; 7\">\n\t\t\t\t\t\t\t\t\t\t\t<img decoding=\"async\" width=\"1920\" height=\"1280\" src=\"https:\/\/www.gabrielgorgi.com\/wp-content\/uploads\/2025\/05\/Reportage-evenement-corporate-7.jpg\" class=\"attachment-full size-full\" alt=\"\" srcset=\"https:\/\/www.gabrielgorgi.com\/wp-content\/uploads\/2025\/05\/Reportage-evenement-corporate-7.jpg 1920w, https:\/\/www.gabrielgorgi.com\/wp-content\/uploads\/2025\/05\/Reportage-evenement-corporate-7-300x200.jpg 300w, https:\/\/www.gabrielgorgi.com\/wp-content\/uploads\/2025\/05\/Reportage-evenement-corporate-7-1024x683.jpg 1024w, https:\/\/www.gabrielgorgi.com\/wp-content\/uploads\/2025\/05\/Reportage-evenement-corporate-7-768x512.jpg 768w, https:\/\/www.gabrielgorgi.com\/wp-content\/uploads\/2025\/05\/Reportage-evenement-corporate-7-1536x1024.jpg 1536w, https:\/\/www.gabrielgorgi.com\/wp-content\/uploads\/2025\/05\/Reportage-evenement-corporate-7-700x467.jpg 700w\" sizes=\"(max-width: 1920px) 100vw, 1920px\" \/>\t\t\t\t\t\t<span class=\"aig-gallery-hover\">\n\t\t\t\t\t\t\t\t\t\t\t\t\t\t\t<span class=\"icon-arrows-plus\"><\/span> \n\t\t\t\t\t\t\t\t\t\t\t\t\t<\/span>\n\t\t\t\t\t\t\t\t\t\t\t<\/a>\n\t\t\t\t\t\t\t\t\t<\/div>\n\t\t\t<\/div>\n\t\t\t\t\t\t\t\t<div class=\"qode-aig-image qode-item-space\">\n\t\t\t\t<div class=\"qode-aig-image-inner\">\n\t\t\t\t\t\t\t\t\t\t\t<a itemprop=\"image\" class=\"qode-aig-lightbox\" href=\"https:\/\/www.gabrielgorgi.com\/wp-content\/uploads\/2025\/05\/Reportage-evenement-corporate-6.jpg\" data-rel=\"prettyPhoto[image_gallery_pretty_photo-656]\" title=\"Reportage evenement corporate &#8211; 6\">\n\t\t\t\t\t\t\t\t\t\t\t<img decoding=\"async\" width=\"1920\" height=\"1280\" src=\"https:\/\/www.gabrielgorgi.com\/wp-content\/uploads\/2025\/05\/Reportage-evenement-corporate-6.jpg\" class=\"attachment-full size-full\" alt=\"\" srcset=\"https:\/\/www.gabrielgorgi.com\/wp-content\/uploads\/2025\/05\/Reportage-evenement-corporate-6.jpg 1920w, https:\/\/www.gabrielgorgi.com\/wp-content\/uploads\/2025\/05\/Reportage-evenement-corporate-6-300x200.jpg 300w, https:\/\/www.gabrielgorgi.com\/wp-content\/uploads\/2025\/05\/Reportage-evenement-corporate-6-1024x683.jpg 1024w, https:\/\/www.gabrielgorgi.com\/wp-content\/uploads\/2025\/05\/Reportage-evenement-corporate-6-768x512.jpg 768w, https:\/\/www.gabrielgorgi.com\/wp-content\/uploads\/2025\/05\/Reportage-evenement-corporate-6-1536x1024.jpg 1536w, https:\/\/www.gabrielgorgi.com\/wp-content\/uploads\/2025\/05\/Reportage-evenement-corporate-6-700x467.jpg 700w\" sizes=\"(max-width: 1920px) 100vw, 1920px\" \/>\t\t\t\t\t\t<span class=\"aig-gallery-hover\">\n\t\t\t\t\t\t\t\t\t\t\t\t\t\t\t<span class=\"icon-arrows-plus\"><\/span> \n\t\t\t\t\t\t\t\t\t\t\t\t\t<\/span>\n\t\t\t\t\t\t\t\t\t\t\t<\/a>\n\t\t\t\t\t\t\t\t\t<\/div>\n\t\t\t<\/div>\n\t\t\t\t\t\t\t\t<div class=\"qode-aig-image qode-item-space\">\n\t\t\t\t<div class=\"qode-aig-image-inner\">\n\t\t\t\t\t\t\t\t\t\t\t<a itemprop=\"image\" class=\"qode-aig-lightbox\" href=\"https:\/\/www.gabrielgorgi.com\/wp-content\/uploads\/2025\/05\/Reportage-evenement-corporate-5.jpg\" data-rel=\"prettyPhoto[image_gallery_pretty_photo-656]\" title=\"Reportage evenement corporate &#8211; 5\">\n\t\t\t\t\t\t\t\t\t\t\t<img decoding=\"async\" width=\"1920\" height=\"1282\" src=\"https:\/\/www.gabrielgorgi.com\/wp-content\/uploads\/2025\/05\/Reportage-evenement-corporate-5.jpg\" class=\"attachment-full size-full\" alt=\"\" srcset=\"https:\/\/www.gabrielgorgi.com\/wp-content\/uploads\/2025\/05\/Reportage-evenement-corporate-5.jpg 1920w, https:\/\/www.gabrielgorgi.com\/wp-content\/uploads\/2025\/05\/Reportage-evenement-corporate-5-300x200.jpg 300w, https:\/\/www.gabrielgorgi.com\/wp-content\/uploads\/2025\/05\/Reportage-evenement-corporate-5-1024x684.jpg 1024w, https:\/\/www.gabrielgorgi.com\/wp-content\/uploads\/2025\/05\/Reportage-evenement-corporate-5-768x513.jpg 768w, https:\/\/www.gabrielgorgi.com\/wp-content\/uploads\/2025\/05\/Reportage-evenement-corporate-5-1536x1026.jpg 1536w, https:\/\/www.gabrielgorgi.com\/wp-content\/uploads\/2025\/05\/Reportage-evenement-corporate-5-700x467.jpg 700w\" sizes=\"(max-width: 1920px) 100vw, 1920px\" \/>\t\t\t\t\t\t<span class=\"aig-gallery-hover\">\n\t\t\t\t\t\t\t\t\t\t\t\t\t\t\t<span class=\"icon-arrows-plus\"><\/span> \n\t\t\t\t\t\t\t\t\t\t\t\t\t<\/span>\n\t\t\t\t\t\t\t\t\t\t\t<\/a>\n\t\t\t\t\t\t\t\t\t<\/div>\n\t\t\t<\/div>\n\t\t\t\t\t\t\t\t<div class=\"qode-aig-image qode-item-space\">\n\t\t\t\t<div class=\"qode-aig-image-inner\">\n\t\t\t\t\t\t\t\t\t\t\t<a itemprop=\"image\" class=\"qode-aig-lightbox\" href=\"https:\/\/www.gabrielgorgi.com\/wp-content\/uploads\/2025\/05\/Reportage-evenement-corporate-4.jpg\" data-rel=\"prettyPhoto[image_gallery_pretty_photo-656]\" title=\"Reportage evenement corporate &#8211; 4\">\n\t\t\t\t\t\t\t\t\t\t\t<img decoding=\"async\" width=\"1920\" height=\"1280\" src=\"https:\/\/www.gabrielgorgi.com\/wp-content\/uploads\/2025\/05\/Reportage-evenement-corporate-4.jpg\" class=\"attachment-full size-full\" alt=\"\" srcset=\"https:\/\/www.gabrielgorgi.com\/wp-content\/uploads\/2025\/05\/Reportage-evenement-corporate-4.jpg 1920w, https:\/\/www.gabrielgorgi.com\/wp-content\/uploads\/2025\/05\/Reportage-evenement-corporate-4-300x200.jpg 300w, https:\/\/www.gabrielgorgi.com\/wp-content\/uploads\/2025\/05\/Reportage-evenement-corporate-4-1024x683.jpg 1024w, https:\/\/www.gabrielgorgi.com\/wp-content\/uploads\/2025\/05\/Reportage-evenement-corporate-4-768x512.jpg 768w, https:\/\/www.gabrielgorgi.com\/wp-content\/uploads\/2025\/05\/Reportage-evenement-corporate-4-1536x1024.jpg 1536w, https:\/\/www.gabrielgorgi.com\/wp-content\/uploads\/2025\/05\/Reportage-evenement-corporate-4-700x467.jpg 700w\" sizes=\"(max-width: 1920px) 100vw, 1920px\" \/>\t\t\t\t\t\t<span class=\"aig-gallery-hover\">\n\t\t\t\t\t\t\t\t\t\t\t\t\t\t\t<span class=\"icon-arrows-plus\"><\/span> \n\t\t\t\t\t\t\t\t\t\t\t\t\t<\/span>\n\t\t\t\t\t\t\t\t\t\t\t<\/a>\n\t\t\t\t\t\t\t\t\t<\/div>\n\t\t\t<\/div>\n\t\t\t\t\t\t\t\t<div class=\"qode-aig-image qode-item-space\">\n\t\t\t\t<div class=\"qode-aig-image-inner\">\n\t\t\t\t\t\t\t\t\t\t\t<a itemprop=\"image\" class=\"qode-aig-lightbox\" href=\"https:\/\/www.gabrielgorgi.com\/wp-content\/uploads\/2025\/05\/Reportage-evenement-corporate-3.jpg\" data-rel=\"prettyPhoto[image_gallery_pretty_photo-656]\" title=\"Reportage evenement corporate &#8211; 3\">\n\t\t\t\t\t\t\t\t\t\t\t<img decoding=\"async\" width=\"1920\" height=\"1280\" src=\"https:\/\/www.gabrielgorgi.com\/wp-content\/uploads\/2025\/05\/Reportage-evenement-corporate-3.jpg\" class=\"attachment-full size-full\" alt=\"\" srcset=\"https:\/\/www.gabrielgorgi.com\/wp-content\/uploads\/2025\/05\/Reportage-evenement-corporate-3.jpg 1920w, https:\/\/www.gabrielgorgi.com\/wp-content\/uploads\/2025\/05\/Reportage-evenement-corporate-3-300x200.jpg 300w, https:\/\/www.gabrielgorgi.com\/wp-content\/uploads\/2025\/05\/Reportage-evenement-corporate-3-1024x683.jpg 1024w, https:\/\/www.gabrielgorgi.com\/wp-content\/uploads\/2025\/05\/Reportage-evenement-corporate-3-768x512.jpg 768w, https:\/\/www.gabrielgorgi.com\/wp-content\/uploads\/2025\/05\/Reportage-evenement-corporate-3-1536x1024.jpg 1536w, https:\/\/www.gabrielgorgi.com\/wp-content\/uploads\/2025\/05\/Reportage-evenement-corporate-3-700x467.jpg 700w\" sizes=\"(max-width: 1920px) 100vw, 1920px\" \/>\t\t\t\t\t\t<span class=\"aig-gallery-hover\">\n\t\t\t\t\t\t\t\t\t\t\t\t\t\t\t<span class=\"icon-arrows-plus\"><\/span> \n\t\t\t\t\t\t\t\t\t\t\t\t\t<\/span>\n\t\t\t\t\t\t\t\t\t\t\t<\/a>\n\t\t\t\t\t\t\t\t\t<\/div>\n\t\t\t<\/div>\n\t\t\t\t\t\t<\/div>\n<\/div>[\/vc_column][\/vc_row][vc_row css_animation=&#8220;&#8220; row_type=&#8220;row&#8220; use_row_as_full_screen_section=&#8220;no&#8220; type=&#8220;grid&#8220; angled_section=&#8220;no&#8220; text_align=&#8220;center&#8220; background_image_as_pattern=&#8220;without_pattern&#8220; z_index=&#8220;&#8220;][vc_column][vc_empty_space height=&#8220;70px&#8220;][vc_column_text css=&#8220;&#8220;]<\/p>\n<h2 style=\"text-align: center;\">Abgedeckte Veranstaltungstypen<\/h2>\n<p>[\/vc_column_text][vc_empty_space][vc_row_inner row_type=&#8220;row&#8220; type=&#8220;grid&#8220; text_align=&#8220;center&#8220; css_animation=&#8220;&#8220;][vc_column_inner width=&#8220;1\/2&#8243;][vc_column_text css=&#8220;&#8220;]<\/p>\n<h3 class=\"p1\">Seminare<\/h3>\n<h3 class=\"p1\">Teambuilding<\/h3>\n<h3 class=\"p1\">Konferenzen<\/h3>\n<h3 class=\"p1\">Rundtischgespr\u00e4che<\/h3>\n<h3 class=\"p1\">Podiumsdiskussionen<\/h3>\n<h3 class=\"p1\">Produkteinf\u00fchrungen<\/h3>\n<h3 class=\"p1\">Einf\u00fchrung von Initiativen<\/h3>\n<p>[\/vc_column_text][\/vc_column_inner][vc_column_inner width=&#8220;1\/2&#8243;][vc_column_text css=&#8220;&#8220;]<\/p>\n<h3 class=\"p1\">Einweihungen<\/h3>\n<h3 class=\"p1\">Cocktail-Empf\u00e4nge<\/h3>\n<h3 class=\"p1\">Galas<\/h3>\n<h3 class=\"p1\">Firmenjubil\u00e4en<\/h3>\n<h3 class=\"p1\">Abschiedsfeiern<\/h3>\n<h3 class=\"p1\">Preisverleihungen<\/h3>\n<h3 class=\"p1\">Weihnachtsessen<\/h3>\n<p>[\/vc_column_text][\/vc_column_inner][\/vc_row_inner][\/vc_column][\/vc_row][vc_row css_animation=&#8220;&#8220; row_type=&#8220;row&#8220; use_row_as_full_screen_section=&#8220;no&#8220; type=&#8220;grid&#8220; angled_section=&#8220;no&#8220; text_align=&#8220;left&#8220; background_image_as_pattern=&#8220;without_pattern&#8220; z_index=&#8220;&#8220; css=&#8220;.vc_custom_1717180792989{padding-right: 20px !important;padding-left: 20px !important;background-color: #ffffff !important;}&#8220;][vc_column][vc_empty_space height=&#8220;130px&#8220;][vc_column_text css=&#8220;&#8220;]<\/p>\n<h2 style=\"text-align: center;\">Sie vertrauen uns<\/h2>\n<p>[\/vc_column_text][vc_empty_space][vc_gallery type=&#8220;image_grid&#8220; images=&#8220;4922,7029,4906,7031,6679,7074,6997,5429,6987,6675,6683,6983,6434,6432,4920,6430,4914,6677,4904,4916,4926,4930,6981,6985,6989&#8243; img_size=&#8220;300&#215;160&#8243; onclick=&#8220;&#8220; css=&#8220;&#8220; column_number=&#8220;5&#8243; grayscale=&#8220;no&#8220; images_space=&#8220;gallery_with_space&#8220;][vc_empty_space height=&#8220;5em&#8220;][\/vc_column][\/vc_row][vc_row css_animation=&#8220;&#8220; row_type=&#8220;row&#8220; use_row_as_full_screen_section=&#8220;no&#8220; type=&#8220;grid&#8220; angled_section=&#8220;no&#8220; text_align=&#8220;left&#8220; background_image_as_pattern=&#8220;without_pattern&#8220; z_index=&#8220;&#8220; css=&#8220;.vc_custom_1717180792989{padding-right: 20px !important;padding-left: 20px !important;background-color: #ffffff !important;}&#8220;][vc_column][vc_empty_space height=&#8220;70px&#8220;][vc_column_text css=&#8220;&#8220;]<\/p>\n<h2 style=\"text-align: center;\">Kundenstimmen<\/h2>\n<p>[\/vc_column_text][vc_empty_space height=&#8220;50px&#8220;][vc_raw_html css=&#8220;&#8220;]JTVCZ3J3JTIwaWQlM0Q2ODMxJTVE[\/vc_raw_html][vc_empty_space height=&#8220;70px&#8220;][\/vc_column][\/vc_row][vc_row css_animation=&#8220;&#8220; row_type=&#8220;row&#8220; use_row_as_full_screen_section=&#8220;no&#8220; type=&#8220;grid&#8220; angled_section=&#8220;no&#8220; text_align=&#8220;center&#8220; background_image_as_pattern=&#8220;without_pattern&#8220; z_index=&#8220;&#8220;][vc_column width=&#8220;1\/12&#8243; offset=&#8220;vc_hidden-xs&#8220;][\/vc_column][vc_column width=&#8220;5\/12&#8243;]<a  itemprop=\"url\" href=\"https:\/\/tidycal.com\/gabrielgorgi\/meeting-de-20-minutes\" target=\"_self\"  class=\"qbutton  large center default\" style=\"\">Einen Anruf planen<\/a>[vc_empty_space height=&#8220;4em&#8220;][\/vc_column][vc_column width=&#8220;5\/12&#8243;]<a  itemprop=\"url\" href=\"mailto:gg@gabrielgorgi.com\" target=\"_self\"  class=\"qbutton  large center default\" style=\"\">E-Mail senden<\/a>[vc_empty_space height=&#8220;5em&#8220;][\/vc_column][vc_column width=&#8220;1\/12&#8243; offset=&#8220;vc_hidden-xs&#8220;][\/vc_column][\/vc_row][vc_row css_animation=&#8220;&#8220; row_type=&#8220;row&#8220; use_row_as_full_screen_section=&#8220;no&#8220; type=&#8220;grid&#8220; angled_section=&#8220;no&#8220; text_align=&#8220;center&#8220; background_image_as_pattern=&#8220;without_pattern&#8220; z_index=&#8220;&#8220;][vc_column][vc_empty_space height=&#8220;5em&#8220;][vc_column_text css=&#8220;&#8220;]<\/p>\n<h2 style=\"text-align: center;\">Standorte f\u00fcr Unternehmensreportagen<\/h2>\n<p>[\/vc_column_text][vc_empty_space][vc_column_text css=&#8220;&#8220;]Wir reisen in die gro\u00dfen St\u00e4dte Frankreichs, Luxemburgs, Belgiens, der Schweiz, Italiens, Deutschlands und der Niederlande f\u00fcr Unternehmensaufnahmen.[\/vc_column_text][vc_empty_space height=&#8220;5em&#8220;][\/vc_column][\/vc_row]<\/p>\n<\/div>","protected":false},"excerpt":{"rendered":"<p>[vc_row css_animation=&#8220;&#8220; row_type=&#8220;row&#8220; use_row_as_full_screen_section=&#8220;no&#8220; type=&#8220;grid&#8220; angled_section=&#8220;no&#8220; text_align=&#8220;left&#8220; background_image_as_pattern=&#8220;without_pattern&#8220; z_index=&#8220;&#8220;][vc_column][vc_empty_space height=&#8220;70px&#8220;][\/vc_column][\/vc_row][vc_row css_animation=&#8220;&#8220; row_type=&#8220;row&#8220; use_row_as_full_screen_section=&#8220;no&#8220; type=&#8220;grid&#8220; angled_section=&#8220;no&#8220; text_align=&#8220;center&#8220; background_image_as_pattern=&#8220;without_pattern&#8220; z_index=&#8220;&#8220;][vc_column][vc_empty_space height=&#8220;70px&#8220;][vc_column_text css=&#8220;&#8220;] Abgedeckte Veranstaltungstypen [\/vc_column_text][vc_empty_space][vc_row_inner row_type=&#8220;row&#8220; type=&#8220;grid&#8220; text_align=&#8220;center&#8220; css_animation=&#8220;&#8220;][vc_column_inner width=&#8220;1\/2&#8243;][vc_column_text css=&#8220;&#8220;] Seminare Teambuilding Konferenzen Rundtischgespr\u00e4che Podiumsdiskussionen Produkteinf\u00fchrungen Einf\u00fchrung von Initiativen [\/vc_column_text][\/vc_column_inner][vc_column_inner width=&#8220;1\/2&#8243;][vc_column_text css=&#8220;&#8220;] Einweihungen Cocktail-Empf\u00e4nge Galas Firmenjubil\u00e4en&#8230;<\/p>\n","protected":false},"author":2,"featured_media":0,"parent":0,"menu_order":0,"comment_status":"closed","ping_status":"closed","template":"full_width.php","meta":{"footnotes":""},"yst_prominent_words":[],"class_list":["post-9678","page","type-page","status-publish","hentry"],"_links":{"self":[{"href":"https:\/\/www.gabrielgorgi.com\/de\/wp-json\/wp\/v2\/pages\/9678","targetHints":{"allow":["GET"]}}],"collection":[{"href":"https:\/\/www.gabrielgorgi.com\/de\/wp-json\/wp\/v2\/pages"}],"about":[{"href":"https:\/\/www.gabrielgorgi.com\/de\/wp-json\/wp\/v2\/types\/page"}],"author":[{"embeddable":true,"href":"https:\/\/www.gabrielgorgi.com\/de\/wp-json\/wp\/v2\/users\/2"}],"replies":[{"embeddable":true,"href":"https:\/\/www.gabrielgorgi.com\/de\/wp-json\/wp\/v2\/comments?post=9678"}],"version-history":[{"count":0,"href":"https:\/\/www.gabrielgorgi.com\/de\/wp-json\/wp\/v2\/pages\/9678\/revisions"}],"wp:attachment":[{"href":"https:\/\/www.gabrielgorgi.com\/de\/wp-json\/wp\/v2\/media?parent=9678"}],"wp:term":[{"taxonomy":"yst_prominent_words","embeddable":true,"href":"https:\/\/www.gabrielgorgi.com\/de\/wp-json\/wp\/v2\/yst_prominent_words?post=9678"}],"curies":[{"name":"wp","href":"https:\/\/api.w.org\/{rel}","templated":true}]}}