{"id":9681,"date":"2025-06-06T19:52:45","date_gmt":"2025-06-06T17:52:45","guid":{"rendered":"https:\/\/gabrielgorgi.com\/?page_id=9681"},"modified":"2025-07-09T10:20:20","modified_gmt":"2025-07-09T08:20:20","slug":"ueber-uns","status":"publish","type":"page","link":"https:\/\/www.gabrielgorgi.com\/de\/ueber-uns\/","title":{"rendered":"\u00dcBER UNS"},"content":{"rendered":"<div class=\"wpb-content-wrapper\"><p>[vc_row css_animation=&#8220;&#8220; row_type=&#8220;row&#8220; use_row_as_full_screen_section=&#8220;no&#8220; type=&#8220;full_width&#8220; angled_section=&#8220;no&#8220; text_align=&#8220;left&#8220; background_image_as_pattern=&#8220;without_pattern&#8220;][vc_column offset=&#8220;vc_hidden-xs&#8220;][vc_empty_space height=&#8220;60px&#8220;][\/vc_column][\/vc_row][vc_row css_animation=&#8220;&#8220; row_type=&#8220;row&#8220; use_row_as_full_screen_section=&#8220;no&#8220; type=&#8220;grid&#8220; angled_section=&#8220;no&#8220; text_align=&#8220;left&#8220; background_image_as_pattern=&#8220;without_pattern&#8220; z_index=&#8220;&#8220;][vc_column width=&#8220;1\/3&#8243; offset=&#8220;vc_hidden-xs&#8220;][vc_empty_space height=&#8220;14px&#8220;][vc_single_image image=&#8220;6776&#8243; img_size=&#8220;full&#8220; qode_css_animation=&#8220;&#8220;][\/vc_column][vc_column width=&#8220;2\/3&#8243; offset=&#8220;vc_hidden-xs&#8220;][vc_column_text css=&#8220;&#8220;]<\/p>\n<h4>WER IST GABRIEL GORGI ?<\/h4>\n<p>[\/vc_column_text][vc_empty_space height=&#8220;10px&#8220;][vc_column_text css=&#8220;&#8220;]Gabriel ist ein anerkannter Fotograf, der beim Wettbewerb &#8222;<strong>Portr\u00e4tfotograf des Jahres<\/strong>&#8220; ausgezeichnet wurde, mit einer einzigartigen Spezialisierung auf professionelle &#8218;Headshot&#8216;-Portraits.<\/p>\n<p>Seit dem Jahr 2000 hat Gabriel nicht einfach gearbeitet, sondern seine Kunst geformt und jedem von ihm geschaffenen Portr\u00e4t eine unvergleichliche Signatur verliehen. Jedes Detail, jedes Element \u2013 das Licht, die Komposition, der Ausdruck, die Kleidung, die Accessoires, das Haar, der Hals \u2013 alles wird mit exquisiter Pr\u00e4zision orchestriert, um seinem Motiv das Geschenk einer Fotografie zu machen, die vielleicht die sch\u00f6nste seines Lebens sein wird !<\/p>\n<p>Gabriel f\u00e4ngt nicht nur Ausdr\u00fccke ein, er strebt danach, zu jedem Kunden eine authentische Verbindung herzustellen. F\u00fcr ihn muss ein Fotograf mit seinem Motiv verschmelzen, um Bilder entstehen zu lassen, die das Gew\u00f6hnliche transzendieren. Techniken lassen sich kopieren, aber die Stimmung einer Person w\u00e4hrend einer Fotosession ist eine weitaus schwierigere Herausforderung nachzubilden.<\/p>\n<p>Gabriel legt als Unternehmensfotograf besonderen Wert auf die Vermittlung von &#8218;Vertrauen&#8216; und &#8218;Zug\u00e4nglichkeit&#8216;. In einer gesch\u00e4ftlichen Umgebung, die so gnadenlos wettbewerbsintensiv ist und in der wenig Zeit bleibt, einen Eindruck zu hinterlassen, kann ein kraftvolles Bild mit der richtigen Botschaft den entscheidenden Unterschied machen, um diesen ersten, so wichtigen Eindruck zu meistern.[\/vc_column_text][vc_empty_space height=&#8220;80px&#8220;][vc_single_image image=&#8220;4933&#8243; img_size=&#8220;250X72&#8243; alignment=&#8220;right&#8220; css=&#8220;.vc_custom_1637535531425{padding-right: 40px !important;}&#8220; qode_css_animation=&#8220;&#8220;][\/vc_column][\/vc_row][vc_row css_animation=&#8220;&#8220; row_type=&#8220;row&#8220; use_row_as_full_screen_section=&#8220;no&#8220; type=&#8220;full_width&#8220; angled_section=&#8220;no&#8220; text_align=&#8220;left&#8220; background_image_as_pattern=&#8220;without_pattern&#8220;][vc_column offset=&#8220;vc_hidden-lg vc_hidden-md vc_hidden-sm&#8220;][vc_empty_space height=&#8220;20px&#8220;][\/vc_column][\/vc_row][vc_row css_animation=&#8220;&#8220; row_type=&#8220;row&#8220; use_row_as_full_screen_section=&#8220;no&#8220; type=&#8220;full_width&#8220; angled_section=&#8220;no&#8220; text_align=&#8220;left&#8220; background_image_as_pattern=&#8220;without_pattern&#8220;][vc_column][vc_column_text]<br \/>\n[\/vc_column_text][\/vc_column][\/vc_row][vc_row css_animation=&#8220;&#8220; row_type=&#8220;row&#8220; use_row_as_full_screen_section=&#8220;no&#8220; type=&#8220;full_width&#8220; angled_section=&#8220;no&#8220; text_align=&#8220;left&#8220; background_image_as_pattern=&#8220;without_pattern&#8220;][vc_column offset=&#8220;vc_hidden-lg vc_hidden-md vc_hidden-sm&#8220;][vc_single_image image=&#8220;3185&#8243; img_size=&#8220;full&#8220; qode_css_animation=&#8220;&#8220;][\/vc_column][\/vc_row][vc_row css_animation=&#8220;&#8220; row_type=&#8220;row&#8220; use_row_as_full_screen_section=&#8220;no&#8220; type=&#8220;grid&#8220; angled_section=&#8220;no&#8220; text_align=&#8220;left&#8220; background_image_as_pattern=&#8220;without_pattern&#8220; z_index=&#8220;&#8220;][vc_column offset=&#8220;vc_hidden-lg vc_hidden-md vc_hidden-sm&#8220;][vc_empty_space][vc_column_text]<\/p>\n<h4>WER IST GABRIEL GORGI ?<\/h4>\n<p>Gabriel ist ein anerkannter Fotograf, der beim Wettbewerb &#8222;<strong>Portr\u00e4tfotograf des Jahres<\/strong>&#8220; ausgezeichnet wurde, mit einer einzigartigen Spezialisierung auf professionelle &#8218;Headshot&#8216;-Portraits.<\/p>\n<p>Seit dem Jahr 2000 hat Gabriel nicht einfach gearbeitet, sondern seine Kunst geformt und jedem von ihm geschaffenen Portr\u00e4t eine unvergleichliche Signatur verliehen. Jedes Detail, jedes Element \u2013 das Licht, die Komposition, der Ausdruck, die Kleidung, die Accessoires, das Haar, der Hals \u2013 alles wird mit exquisiter Pr\u00e4zision orchestriert, um seinem Motiv das Geschenk einer Fotografie zu machen, die vielleicht die sch\u00f6nste seines Lebens sein wird !<\/p>\n<p>Gabriel f\u00e4ngt nicht nur Ausdr\u00fccke ein, er strebt danach, zu jedem Kunden eine authentische Verbindung herzustellen. F\u00fcr ihn muss ein Fotograf mit seinem Motiv verschmelzen, um Bilder entstehen zu lassen, die das Gew\u00f6hnliche transzendieren. Techniken lassen sich kopieren, aber die Stimmung einer Person w\u00e4hrend einer Fotosession ist eine weitaus schwierigere Herausforderung nachzubilden.<\/p>\n<p>Gabriel legt als Unternehmensfotograf besonderen Wert auf die Vermittlung von &#8218;Vertrauen&#8216; und &#8218;Zug\u00e4nglichkeit&#8216;. In einer gesch\u00e4ftlichen Umgebung, die so gnadenlos wettbewerbsintensiv ist und in der wenig Zeit bleibt, einen Eindruck zu hinterlassen, kann ein kraftvolles Bild mit der richtigen Botschaft den entscheidenden Unterschied machen, um diesen ersten, so wichtigen Eindruck zu meistern.[\/vc_column_text][\/vc_column][\/vc_row][vc_row css_animation=&#8220;&#8220; row_type=&#8220;row&#8220; use_row_as_full_screen_section=&#8220;no&#8220; type=&#8220;grid&#8220; angled_section=&#8220;no&#8220; text_align=&#8220;left&#8220; background_image_as_pattern=&#8220;without_pattern&#8220; z_index=&#8220;&#8220;][vc_column][vc_empty_space height=&#8220;70px&#8220;][vc_column_text css=&#8220;&#8220;]<\/p>\n<h4 style=\"text-align: center;\">Im Laufe der Jahre hat sich unser Team um vielf\u00e4ltige Talente bereichert.<\/h4>\n<p>[\/vc_column_text][vc_empty_space height=&#8220;70px&#8220;][\/vc_column][\/vc_row][vc_row css_animation=&#8220;&#8220; row_type=&#8220;row&#8220; use_row_as_full_screen_section=&#8220;no&#8220; type=&#8220;grid&#8220; angled_section=&#8220;no&#8220; text_align=&#8220;left&#8220; background_image_as_pattern=&#8220;without_pattern&#8220; z_index=&#8220;&#8220;][vc_column width=&#8220;1\/3&#8243;][vc_single_image image=&#8220;8179&#8243; img_size=&#8220;full&#8220; css=&#8220;&#8220; qode_css_animation=&#8220;&#8220;][vc_empty_space][vc_column_text css=&#8220;&#8220;]Younes ist unser zweiter Fotograf, sorgf\u00e4ltig ausgebildet, um den von Gabriel entwickelten fotografischen Stil zu beherrschen. Er ist regelm\u00e4\u00dfig an Projekten f\u00fcr <strong>Corporate-Portraits<\/strong> beteiligt und gew\u00e4hrleistet dabei visuelle Kontinuit\u00e4t und gleichbleibende Qualit\u00e4t.<\/p>\n<p>Parallel dazu bietet Younes auch seine Dienste im Bereich der <strong>Hochzeitsfotografie<\/strong> an, wo er die H\u00f6hepunkte des Tages mit Sensibilit\u00e4t einf\u00e4ngt. Zudem verf\u00fcgt er \u00fcber umfassende Expertise in der Produktion und im Videoschnitt, was es ihm erm\u00f6glicht, umfassende Inhalte anzubieten, die den modernen Kommunikationsbed\u00fcrfnissen gerecht werden.[\/vc_column_text][vc_empty_space height=&#8220;50px&#8220;][\/vc_column][vc_column width=&#8220;1\/3&#8243;][vc_single_image image=&#8220;6730&#8243; img_size=&#8220;full&#8220; css=&#8220;&#8220; qode_css_animation=&#8220;&#8220;][vc_empty_space][vc_column_text css=&#8220;&#8220;]<\/p>\n<p class=\"p1\">Esther wurde ebenfalls sorgf\u00e4ltig geschult, um unseren spezifischen Ansatz f\u00fcr das <strong>Corporate-Portrait<\/strong> sowie unsere Methode zur Erstellung von Gruppenfotos zu beherrschen. Durch diese Ausbildung ist sie in der Lage, Bilder im Einklang mit unserem Stil zu produzieren, die jede Person hervorheben und gleichzeitig die von unseren Kunden erwartete visuelle Harmonie wahren.<\/p>\n<p class=\"p1\">Ihr Sinn f\u00fcr Details, ihre F\u00e4higkeit, sich auf verschiedene Pers\u00f6nlichkeiten einzustellen, und ihr f\u00fcrsorglicher Ansatz tragen dazu bei, w\u00e4hrend der Sessions eine entspannte Atmosph\u00e4re zu schaffen. Dies erm\u00f6glicht es, nat\u00fcrliche und authentische Ausdr\u00fccke einzufangen, die dem Image entsprechen, das unsere Kunden projizieren m\u00f6chten.<\/p>\n<p>[\/vc_column_text][vc_empty_space height=&#8220;50px&#8220;][\/vc_column][vc_column width=&#8220;1\/3&#8243;][vc_single_image image=&#8220;8181&#8243; img_size=&#8220;full&#8220; css=&#8220;&#8220; qode_css_animation=&#8220;&#8220;][vc_empty_space][vc_column_text css=&#8220;&#8220;]<\/p>\n<p class=\"p1\">Anthony ist das j\u00fcngste Talent, das unserem Team beigetreten ist, und sein Beitrag ist bereits wertvoll. Mit gro\u00dfem Talent und hoher visueller Sensibilit\u00e4t hat er sich schnell als unser Spezialist f\u00fcr <strong>Premium-Corporate-Videos<\/strong> etabliert.<\/p>\n<p class=\"p1\">Dank seiner Beherrschung der Techniken der <strong>Boden- und Drohnenaufnahmen<\/strong> ist er in der Lage, Videos zu erstellen, die sowohl dynamisch als auch elegant sind und perfekt den Kommunikationsstandards der anspruchsvollsten Unternehmen entsprechen.<\/p>\n<p class=\"p1\">Anthony versteht es, die Essenz der Botschaft einzufangen und sie durch eine sorgf\u00e4ltige und beeindruckende Produktion zu veredeln.<\/p>\n<p>[\/vc_column_text][vc_empty_space height=&#8220;50px&#8220;][\/vc_column][\/vc_row][vc_row css_animation=&#8220;&#8220; row_type=&#8220;row&#8220; use_row_as_full_screen_section=&#8220;no&#8220; type=&#8220;grid&#8220; angled_section=&#8220;no&#8220; text_align=&#8220;center&#8220; background_image_as_pattern=&#8220;without_pattern&#8220; z_index=&#8220;&#8220;][vc_column offset=&#8220;vc_hidden-lg vc_hidden-md vc_hidden-sm vc_hidden-xs&#8220;][vc_empty_space height=&#8220;50px&#8220;][vc_gallery type=&#8220;image_grid&#8220; images=&#8220;5165,5157,5169,5161,5159,5163&#8243; img_size=&#8220;full&#8220; onclick=&#8220;&#8220; css=&#8220;&#8220; column_number=&#8220;6&#8243; grayscale=&#8220;yes&#8220; enable_drag=&#8220;no&#8220; images_space=&#8220;gallery_with_space&#8220;][\/vc_column][\/vc_row][vc_row css_animation=&#8220;&#8220; row_type=&#8220;row&#8220; use_row_as_full_screen_section=&#8220;no&#8220; type=&#8220;full_width&#8220; angled_section=&#8220;no&#8220; text_align=&#8220;left&#8220; background_image_as_pattern=&#8220;without_pattern&#8220;][vc_column][vc_empty_space height=&#8220;4em&#8220;][\/vc_column][\/vc_row]<\/p>\n<\/div>","protected":false},"excerpt":{"rendered":"<p>[vc_row css_animation=&#8220;&#8220; row_type=&#8220;row&#8220; use_row_as_full_screen_section=&#8220;no&#8220; type=&#8220;full_width&#8220; angled_section=&#8220;no&#8220; text_align=&#8220;left&#8220; background_image_as_pattern=&#8220;without_pattern&#8220;][vc_column offset=&#8220;vc_hidden-xs&#8220;][vc_empty_space height=&#8220;60px&#8220;][\/vc_column][\/vc_row][vc_row css_animation=&#8220;&#8220; row_type=&#8220;row&#8220; use_row_as_full_screen_section=&#8220;no&#8220; type=&#8220;grid&#8220; angled_section=&#8220;no&#8220; text_align=&#8220;left&#8220; background_image_as_pattern=&#8220;without_pattern&#8220; z_index=&#8220;&#8220;][vc_column width=&#8220;1\/3&#8243; offset=&#8220;vc_hidden-xs&#8220;][vc_empty_space height=&#8220;14px&#8220;][vc_single_image image=&#8220;6776&#8243; img_size=&#8220;full&#8220; qode_css_animation=&#8220;&#8220;][\/vc_column][vc_column width=&#8220;2\/3&#8243; offset=&#8220;vc_hidden-xs&#8220;][vc_column_text css=&#8220;&#8220;] WER IST GABRIEL GORGI ? [\/vc_column_text][vc_empty_space height=&#8220;10px&#8220;][vc_column_text css=&#8220;&#8220;]Gabriel ist ein anerkannter Fotograf, der beim Wettbewerb &#8222;Portr\u00e4tfotograf des Jahres&#8220;&#8230;<\/p>\n","protected":false},"author":2,"featured_media":0,"parent":0,"menu_order":0,"comment_status":"closed","ping_status":"closed","template":"full_width.php","meta":{"footnotes":""},"yst_prominent_words":[],"class_list":["post-9681","page","type-page","status-publish","hentry"],"_links":{"self":[{"href":"https:\/\/www.gabrielgorgi.com\/de\/wp-json\/wp\/v2\/pages\/9681","targetHints":{"allow":["GET"]}}],"collection":[{"href":"https:\/\/www.gabrielgorgi.com\/de\/wp-json\/wp\/v2\/pages"}],"about":[{"href":"https:\/\/www.gabrielgorgi.com\/de\/wp-json\/wp\/v2\/types\/page"}],"author":[{"embeddable":true,"href":"https:\/\/www.gabrielgorgi.com\/de\/wp-json\/wp\/v2\/users\/2"}],"replies":[{"embeddable":true,"href":"https:\/\/www.gabrielgorgi.com\/de\/wp-json\/wp\/v2\/comments?post=9681"}],"version-history":[{"count":0,"href":"https:\/\/www.gabrielgorgi.com\/de\/wp-json\/wp\/v2\/pages\/9681\/revisions"}],"wp:attachment":[{"href":"https:\/\/www.gabrielgorgi.com\/de\/wp-json\/wp\/v2\/media?parent=9681"}],"wp:term":[{"taxonomy":"yst_prominent_words","embeddable":true,"href":"https:\/\/www.gabrielgorgi.com\/de\/wp-json\/wp\/v2\/yst_prominent_words?post=9681"}],"curies":[{"name":"wp","href":"https:\/\/api.w.org\/{rel}","templated":true}]}}