{"id":15609,"date":"2026-02-06T11:22:22","date_gmt":"2026-02-06T10:22:22","guid":{"rendered":"https:\/\/www.gabrielgorgi.com\/?page_id=15609"},"modified":"2026-02-06T13:17:47","modified_gmt":"2026-02-06T12:17:47","slug":"sobre-nosotros","status":"publish","type":"page","link":"https:\/\/www.gabrielgorgi.com\/es\/sobre-nosotros\/","title":{"rendered":"SOBRE NOSOTROS"},"content":{"rendered":"<div class=\"wpb-content-wrapper\"><p>[vc_row css_animation=\u00bb\u00bb row_type=\u00bbrow\u00bb use_row_as_full_screen_section=\u00bbno\u00bb type=\u00bbfull_width\u00bb angled_section=\u00bbno\u00bb text_align=\u00bbleft\u00bb background_image_as_pattern=\u00bbwithout_pattern\u00bb][vc_column offset=\u00bbvc_hidden-xs\u00bb][vc_empty_space height=\u00bb60px\u00bb][\/vc_column][\/vc_row][vc_row css_animation=\u00bb\u00bb row_type=\u00bbrow\u00bb use_row_as_full_screen_section=\u00bbno\u00bb type=\u00bbgrid\u00bb angled_section=\u00bbno\u00bb text_align=\u00bbleft\u00bb background_image_as_pattern=\u00bbwithout_pattern\u00bb z_index=\u00bb\u00bb][vc_column width=\u00bb1\/3&#8243; offset=\u00bbvc_hidden-xs\u00bb][vc_empty_space height=\u00bb14px\u00bb][vc_single_image image=\u00bb15612&#8243; img_size=\u00bbfull\u00bb qode_css_animation=\u00bb\u00bb][\/vc_column][vc_column width=\u00bb2\/3&#8243; offset=\u00bbvc_hidden-xs\u00bb][vc_column_text css=\u00bb\u00bb]<\/p>\n<h4>\u00bfQUI\u00c9N ES GABRIEL GORGI?<\/h4>\n<p>[\/vc_column_text][vc_empty_space height=\u00bb10px\u00bb][vc_column_text css=\u00bb\u00bb]Gabriel es un fot\u00f3grafo reconocido y galardonado en el concurso \u00ab<strong>Fot\u00f3grafo Retratista del A\u00f1o<\/strong>\u00ab, con una especializaci\u00f3n \u00fanica en retratos profesionales tipo &#8216;headshot&#8217;.<br \/>\nDesde el a\u00f1o 2000, Gabriel no se ha limitado a trabajar: ha esculpido su arte, aportando una firma inconfundible a cada retrato que crea. Cada detalle, cada elemento \u2014la luz, la composici\u00f3n, la expresi\u00f3n, la ropa, los accesorios, el cabello, el cuello\u2014 todo est\u00e1 orquestado con una precisi\u00f3n exquisita para ofrecer a su sujeto el regalo de una fotograf\u00eda que podr\u00eda ser la m\u00e1s bella de su vida.<br \/>\nGabriel no captura solo expresiones: busca establecer un v\u00ednculo aut\u00e9ntico con cada cliente. Para \u00e9l, un fot\u00f3grafo debe fundirse con su sujeto para dar vida a im\u00e1genes que trascienden lo ordinario. Las t\u00e9cnicas se pueden copiar, pero el estado de \u00e1nimo de una persona durante una sesi\u00f3n fotogr\u00e1fica es un desaf\u00edo mucho m\u00e1s exigente de recrear.<br \/>\nGabriel, como fot\u00f3grafo corporativo, presta especial atenci\u00f3n a transmitir &#8216;confianza&#8217; y &#8216;accesibilidad&#8217;. En un entorno empresarial tan ferozmente competitivo y con tan poco tiempo para causar una impresi\u00f3n, una imagen poderosa que transmita el mensaje correcto puede marcar toda la diferencia para lograr esa primera impresi\u00f3n crucial.[\/vc_column_text][vc_empty_space height=\u00bb80px\u00bb][vc_single_image image=\u00bb15613&#8243; img_size=\u00bb250X72&#8243; alignment=\u00bbright\u00bb css=\u00bb.vc_custom_1637535531425{padding-right: 40px !important;}\u00bb qode_css_animation=\u00bb\u00bb][\/vc_column][\/vc_row][vc_row css_animation=\u00bb\u00bb row_type=\u00bbrow\u00bb use_row_as_full_screen_section=\u00bbno\u00bb type=\u00bbfull_width\u00bb angled_section=\u00bbno\u00bb text_align=\u00bbleft\u00bb background_image_as_pattern=\u00bbwithout_pattern\u00bb][vc_column offset=\u00bbvc_hidden-lg vc_hidden-md vc_hidden-sm\u00bb][vc_empty_space height=\u00bb20px\u00bb][\/vc_column][\/vc_row][vc_row css_animation=\u00bb\u00bb row_type=\u00bbrow\u00bb use_row_as_full_screen_section=\u00bbno\u00bb type=\u00bbfull_width\u00bb angled_section=\u00bbno\u00bb text_align=\u00bbleft\u00bb background_image_as_pattern=\u00bbwithout_pattern\u00bb][vc_column offset=\u00bbvc_hidden-lg vc_hidden-md vc_hidden-sm\u00bb][vc_single_image image=\u00bb15614&#8243; img_size=\u00bbfull\u00bb qode_css_animation=\u00bb\u00bb][\/vc_column][\/vc_row][vc_row css_animation=\u00bb\u00bb row_type=\u00bbrow\u00bb use_row_as_full_screen_section=\u00bbno\u00bb type=\u00bbgrid\u00bb angled_section=\u00bbno\u00bb text_align=\u00bbleft\u00bb background_image_as_pattern=\u00bbwithout_pattern\u00bb z_index=\u00bb\u00bb][vc_column offset=\u00bbvc_hidden-lg vc_hidden-md vc_hidden-sm\u00bb][vc_empty_space][vc_column_text]<\/p>\n<h4>\u00bfQUI\u00c9N ES GABRIEL GORGI?<\/h4>\n<p>Gabriel es un fot\u00f3grafo reconocido y galardonado en el concurso \u00ab<strong>Fot\u00f3grafo Retratista del A\u00f1o<\/strong>\u00ab, con una especializaci\u00f3n \u00fanica en retratos profesionales tipo &#8216;headshot&#8217;.<br \/>\nDesde el a\u00f1o 2000, Gabriel no se ha limitado a trabajar: ha esculpido su arte, aportando una firma inconfundible a cada retrato que crea. Cada detalle, cada elemento \u2014la luz, la composici\u00f3n, la expresi\u00f3n, la ropa, los accesorios, el cabello, el cuello\u2014 todo est\u00e1 orquestado con una precisi\u00f3n exquisita para ofrecer a su sujeto el regalo de una fotograf\u00eda que podr\u00eda ser la m\u00e1s bella de su vida.<br \/>\nGabriel no captura solo expresiones: busca establecer un v\u00ednculo aut\u00e9ntico con cada cliente. Para \u00e9l, un fot\u00f3grafo debe fundirse con su sujeto para dar vida a im\u00e1genes que trascienden lo ordinario. Las t\u00e9cnicas se pueden copiar, pero el estado de \u00e1nimo de una persona durante una sesi\u00f3n fotogr\u00e1fica es un desaf\u00edo mucho m\u00e1s exigente de recrear.<br \/>\nGabriel, como fot\u00f3grafo corporativo, presta especial atenci\u00f3n a transmitir &#8216;confianza&#8217; y &#8216;accesibilidad&#8217;. En un entorno empresarial tan ferozmente competitivo y con tan poco tiempo para causar una impresi\u00f3n, una imagen poderosa que transmita el mensaje correcto puede marcar toda la diferencia para lograr esa primera impresi\u00f3n crucial.[\/vc_column_text][\/vc_column][\/vc_row][vc_row css_animation=\u00bb\u00bb row_type=\u00bbrow\u00bb use_row_as_full_screen_section=\u00bbno\u00bb type=\u00bbgrid\u00bb angled_section=\u00bbno\u00bb text_align=\u00bbleft\u00bb background_image_as_pattern=\u00bbwithout_pattern\u00bb z_index=\u00bb\u00bb][vc_column][vc_empty_space height=\u00bb70px\u00bb][vc_column_text css=\u00bb\u00bb]<\/p>\n<h4 style=\"text-align: center;\">A lo largo de los a\u00f1os, nuestro equipo se ha enriquecido con talentos variados.<\/h4>\n<p>[\/vc_column_text][vc_empty_space height=\u00bb70px\u00bb][\/vc_column][\/vc_row][vc_row css_animation=\u00bb\u00bb row_type=\u00bbrow\u00bb use_row_as_full_screen_section=\u00bbno\u00bb type=\u00bbgrid\u00bb angled_section=\u00bbno\u00bb text_align=\u00bbleft\u00bb background_image_as_pattern=\u00bbwithout_pattern\u00bb z_index=\u00bb\u00bb][vc_column width=\u00bb1\/3&#8243;][vc_single_image image=\u00bb15615&#8243; img_size=\u00bbfull\u00bb css=\u00bb\u00bb qode_css_animation=\u00bb\u00bb][vc_empty_space][vc_column_text css=\u00bb\u00bb]Younes es nuestro segundo fot\u00f3grafo, cuidadosamente formado para dominar el estilo fotogr\u00e1fico desarrollado por Gabriel. Interviene regularmente en proyectos de <strong>retratos corporativos<\/strong>, garantizando una continuidad visual y una calidad homog\u00e9nea.<br \/>\nEn paralelo, Younes tambi\u00e9n ofrece sus servicios en el \u00e1mbito de la <strong>fotograf\u00eda de boda<\/strong>, donde captura con sensibilidad los momentos clave del d\u00eda. Adem\u00e1s, cuenta con una s\u00f3lida experiencia en producci\u00f3n y montaje de v\u00eddeo, lo que le permite proponer contenidos completos y adaptados a las necesidades de comunicaci\u00f3n modernas.[\/vc_column_text][vc_empty_space height=\u00bb50px\u00bb][\/vc_column][vc_column width=\u00bb1\/3&#8243;][vc_single_image image=\u00bb15616&#8243; img_size=\u00bbfull\u00bb css=\u00bb\u00bb qode_css_animation=\u00bb\u00bb][vc_empty_space][vc_column_text css=\u00bb\u00bb]<\/p>\n<p class=\"p1\">Esther tambi\u00e9n ha sido formada con cuidado para dominar nuestro enfoque espec\u00edfico del <strong>retrato corporativo<\/strong>, as\u00ed como nuestro m\u00e9todo para realizar fotos de grupo. Gracias a esta formaci\u00f3n, es capaz de producir im\u00e1genes coherentes con nuestro estilo, destacando a cada persona mientras respeta la armon\u00eda visual esperada por nuestros clientes.<\/p>\n<p class=\"p1\">Su sentido del detalle, su capacidad de adaptaci\u00f3n a diferentes personalidades y su enfoque amable contribuyen a crear una atm\u00f3sfera relajada durante las sesiones. Esto permite obtener expresiones naturales y aut\u00e9nticas, fieles a la imagen que desean proyectar nuestros clientes.<\/p>\n<p>[\/vc_column_text][vc_empty_space height=\u00bb50px\u00bb][\/vc_column][vc_column width=\u00bb1\/3&#8243;][vc_single_image image=\u00bb15617&#8243; img_size=\u00bbfull\u00bb css=\u00bb\u00bb qode_css_animation=\u00bb\u00bb][vc_empty_space][vc_column_text css=\u00bb\u00bb]<\/p>\n<p class=\"p1\">Anthony es el \u00faltimo talento en unirse a nuestro equipo, y su aporte ya es valioso. Dotado de un inmenso talento y una gran sensibilidad visual, se ha impuesto r\u00e1pidamente como nuestro especialista en <strong>v\u00eddeo corporativo de alta gama<\/strong>.<\/p>\n<p class=\"p1\">Gracias a su dominio de las t\u00e9cnicas de <strong>captaci\u00f3n en tierra y con dron<\/strong>, es capaz de componer v\u00eddeos din\u00e1micos, elegantes y perfectamente adaptados a los est\u00e1ndares de comunicaci\u00f3n de las empresas m\u00e1s exigentes.<\/p>\n<p class=\"p1\">Anthony sabe captar la esencia del mensaje y sublimarlo a trav\u00e9s de una realizaci\u00f3n cuidada e impactante.<\/p>\n<p>[\/vc_column_text][vc_empty_space height=\u00bb50px\u00bb][\/vc_column][\/vc_row][vc_row css_animation=\u00bb\u00bb row_type=\u00bbrow\u00bb use_row_as_full_screen_section=\u00bbno\u00bb type=\u00bbgrid\u00bb angled_section=\u00bbno\u00bb text_align=\u00bbcenter\u00bb background_image_as_pattern=\u00bbwithout_pattern\u00bb z_index=\u00bb\u00bb][vc_column offset=\u00bbvc_hidden-lg vc_hidden-md vc_hidden-sm vc_hidden-xs\u00bb][vc_empty_space height=\u00bb50px\u00bb][vc_gallery type=\u00bbimage_grid\u00bb images=\u00bb15618,15619,15620,15621,15622,15623&#8243; img_size=\u00bbfull\u00bb onclick=\u00bb\u00bb css=\u00bb\u00bb column_number=\u00bb6&#8243; grayscale=\u00bbno\u00bb enable_drag=\u00bbno\u00bb images_space=\u00bbgallery_with_space\u00bb][\/vc_column][\/vc_row][vc_row css_animation=\u00bb\u00bb row_type=\u00bbrow\u00bb use_row_as_full_screen_section=\u00bbno\u00bb type=\u00bbfull_width\u00bb angled_section=\u00bbno\u00bb text_align=\u00bbleft\u00bb background_image_as_pattern=\u00bbwithout_pattern\u00bb][vc_column][vc_empty_space height=\u00bb4em\u00bb][\/vc_column][\/vc_row]<\/p>\n<\/div>","protected":false},"excerpt":{"rendered":"<p>[vc_row css_animation=\u00bb\u00bb row_type=\u00bbrow\u00bb use_row_as_full_screen_section=\u00bbno\u00bb type=\u00bbfull_width\u00bb angled_section=\u00bbno\u00bb text_align=\u00bbleft\u00bb background_image_as_pattern=\u00bbwithout_pattern\u00bb][vc_column offset=\u00bbvc_hidden-xs\u00bb][vc_empty_space height=\u00bb60px\u00bb][\/vc_column][\/vc_row][vc_row css_animation=\u00bb\u00bb row_type=\u00bbrow\u00bb use_row_as_full_screen_section=\u00bbno\u00bb type=\u00bbgrid\u00bb angled_section=\u00bbno\u00bb text_align=\u00bbleft\u00bb background_image_as_pattern=\u00bbwithout_pattern\u00bb z_index=\u00bb\u00bb][vc_column width=\u00bb1\/3&#8243; offset=\u00bbvc_hidden-xs\u00bb][vc_empty_space height=\u00bb14px\u00bb][vc_single_image image=\u00bb15612&#8243; img_size=\u00bbfull\u00bb qode_css_animation=\u00bb\u00bb][\/vc_column][vc_column width=\u00bb2\/3&#8243; offset=\u00bbvc_hidden-xs\u00bb][vc_column_text css=\u00bb\u00bb] \u00bfQUI\u00c9N ES GABRIEL GORGI? [\/vc_column_text][vc_empty_space height=\u00bb10px\u00bb][vc_column_text css=\u00bb\u00bb]Gabriel es un fot\u00f3grafo reconocido y galardonado en el concurso \u00abFot\u00f3grafo Retratista&#8230;<\/p>\n","protected":false},"author":2,"featured_media":0,"parent":0,"menu_order":0,"comment_status":"closed","ping_status":"closed","template":"full_width.php","meta":{"footnotes":""},"yst_prominent_words":[],"class_list":["post-15609","page","type-page","status-publish","hentry"],"_links":{"self":[{"href":"https:\/\/www.gabrielgorgi.com\/es\/wp-json\/wp\/v2\/pages\/15609","targetHints":{"allow":["GET"]}}],"collection":[{"href":"https:\/\/www.gabrielgorgi.com\/es\/wp-json\/wp\/v2\/pages"}],"about":[{"href":"https:\/\/www.gabrielgorgi.com\/es\/wp-json\/wp\/v2\/types\/page"}],"author":[{"embeddable":true,"href":"https:\/\/www.gabrielgorgi.com\/es\/wp-json\/wp\/v2\/users\/2"}],"replies":[{"embeddable":true,"href":"https:\/\/www.gabrielgorgi.com\/es\/wp-json\/wp\/v2\/comments?post=15609"}],"version-history":[{"count":3,"href":"https:\/\/www.gabrielgorgi.com\/es\/wp-json\/wp\/v2\/pages\/15609\/revisions"}],"predecessor-version":[{"id":15632,"href":"https:\/\/www.gabrielgorgi.com\/es\/wp-json\/wp\/v2\/pages\/15609\/revisions\/15632"}],"wp:attachment":[{"href":"https:\/\/www.gabrielgorgi.com\/es\/wp-json\/wp\/v2\/media?parent=15609"}],"wp:term":[{"taxonomy":"yst_prominent_words","embeddable":true,"href":"https:\/\/www.gabrielgorgi.com\/es\/wp-json\/wp\/v2\/yst_prominent_words?post=15609"}],"curies":[{"name":"wp","href":"https:\/\/api.w.org\/{rel}","templated":true}]}}