{"id":15634,"date":"2026-02-06T11:26:24","date_gmt":"2026-02-06T10:26:24","guid":{"rendered":"https:\/\/www.gabrielgorgi.com\/?page_id=15634"},"modified":"2026-02-06T13:17:26","modified_gmt":"2026-02-06T12:17:26","slug":"eventos-corporativos","status":"publish","type":"page","link":"https:\/\/www.gabrielgorgi.com\/es\/eventos-corporativos\/","title":{"rendered":"EVENTOS CORPORATIVOS"},"content":{"rendered":"<div class=\"wpb-content-wrapper\"><p>[vc_row css_animation=\u00bb\u00bb row_type=\u00bbrow\u00bb use_row_as_full_screen_section=\u00bbno\u00bb type=\u00bbgrid\u00bb angled_section=\u00bbno\u00bb text_align=\u00bbleft\u00bb background_image_as_pattern=\u00bbwithout_pattern\u00bb z_index=\u00bb\u00bb][vc_column][vc_empty_space height=\u00bb70px\u00bb]<div class=\"qode-advanced-image-gallery  qode-aig-grid-type qode-tiny-space  qode-image-behavior-lightbox \">\n\t<div class=\"qode-aig-inner qode-outer-space qode-aig-grid qode-aig-four-columns\">\n\t\t\t\t\t<div class=\"qode-aig-image qode-item-space\">\n\t\t\t\t<div class=\"qode-aig-image-inner\">\n\t\t\t\t\t\t\t\t\t\t\t<a itemprop=\"image\" class=\"qode-aig-lightbox\" href=\"https:\/\/www.gabrielgorgi.com\/wp-content\/uploads\/2025\/05\/Reportage-evenement-corporate-14.jpg\" data-rel=\"prettyPhoto[image_gallery_pretty_photo-678]\" title=\"Reportage evenement corporate &#8211; 14\">\n\t\t\t\t\t\t\t\t\t\t\t<img decoding=\"async\" width=\"1920\" height=\"1280\" src=\"https:\/\/www.gabrielgorgi.com\/wp-content\/uploads\/2025\/05\/Reportage-evenement-corporate-14.jpg\" class=\"attachment-full size-full\" alt=\"\" srcset=\"https:\/\/www.gabrielgorgi.com\/wp-content\/uploads\/2025\/05\/Reportage-evenement-corporate-14.jpg 1920w, https:\/\/www.gabrielgorgi.com\/wp-content\/uploads\/2025\/05\/Reportage-evenement-corporate-14-300x200.jpg 300w, https:\/\/www.gabrielgorgi.com\/wp-content\/uploads\/2025\/05\/Reportage-evenement-corporate-14-1024x683.jpg 1024w, https:\/\/www.gabrielgorgi.com\/wp-content\/uploads\/2025\/05\/Reportage-evenement-corporate-14-768x512.jpg 768w, https:\/\/www.gabrielgorgi.com\/wp-content\/uploads\/2025\/05\/Reportage-evenement-corporate-14-1536x1024.jpg 1536w, https:\/\/www.gabrielgorgi.com\/wp-content\/uploads\/2025\/05\/Reportage-evenement-corporate-14-700x467.jpg 700w\" sizes=\"(max-width: 1920px) 100vw, 1920px\" \/>\t\t\t\t\t\t<span class=\"aig-gallery-hover\">\n\t\t\t\t\t\t\t\t\t\t\t\t\t\t\t<span class=\"icon-arrows-plus\"><\/span> \n\t\t\t\t\t\t\t\t\t\t\t\t\t<\/span>\n\t\t\t\t\t\t\t\t\t\t\t<\/a>\n\t\t\t\t\t\t\t\t\t<\/div>\n\t\t\t<\/div>\n\t\t\t\t\t\t\t\t<div class=\"qode-aig-image qode-item-space\">\n\t\t\t\t<div class=\"qode-aig-image-inner\">\n\t\t\t\t\t\t\t\t\t\t\t<a itemprop=\"image\" class=\"qode-aig-lightbox\" href=\"https:\/\/www.gabrielgorgi.com\/wp-content\/uploads\/2025\/05\/Reportage-evenement-corporate-13.jpg\" data-rel=\"prettyPhoto[image_gallery_pretty_photo-678]\" title=\"Reportage evenement corporate &#8211; 13\">\n\t\t\t\t\t\t\t\t\t\t\t<img decoding=\"async\" width=\"1920\" height=\"1280\" src=\"https:\/\/www.gabrielgorgi.com\/wp-content\/uploads\/2025\/05\/Reportage-evenement-corporate-13.jpg\" class=\"attachment-full size-full\" alt=\"\" srcset=\"https:\/\/www.gabrielgorgi.com\/wp-content\/uploads\/2025\/05\/Reportage-evenement-corporate-13.jpg 1920w, https:\/\/www.gabrielgorgi.com\/wp-content\/uploads\/2025\/05\/Reportage-evenement-corporate-13-300x200.jpg 300w, https:\/\/www.gabrielgorgi.com\/wp-content\/uploads\/2025\/05\/Reportage-evenement-corporate-13-1024x683.jpg 1024w, https:\/\/www.gabrielgorgi.com\/wp-content\/uploads\/2025\/05\/Reportage-evenement-corporate-13-768x512.jpg 768w, https:\/\/www.gabrielgorgi.com\/wp-content\/uploads\/2025\/05\/Reportage-evenement-corporate-13-1536x1024.jpg 1536w, https:\/\/www.gabrielgorgi.com\/wp-content\/uploads\/2025\/05\/Reportage-evenement-corporate-13-700x467.jpg 700w\" sizes=\"(max-width: 1920px) 100vw, 1920px\" \/>\t\t\t\t\t\t<span class=\"aig-gallery-hover\">\n\t\t\t\t\t\t\t\t\t\t\t\t\t\t\t<span class=\"icon-arrows-plus\"><\/span> \n\t\t\t\t\t\t\t\t\t\t\t\t\t<\/span>\n\t\t\t\t\t\t\t\t\t\t\t<\/a>\n\t\t\t\t\t\t\t\t\t<\/div>\n\t\t\t<\/div>\n\t\t\t\t\t\t\t\t<div class=\"qode-aig-image qode-item-space\">\n\t\t\t\t<div class=\"qode-aig-image-inner\">\n\t\t\t\t\t\t\t\t\t\t\t<a itemprop=\"image\" class=\"qode-aig-lightbox\" href=\"https:\/\/www.gabrielgorgi.com\/wp-content\/uploads\/2025\/05\/Reportage-evenement-corporate-12.jpg\" data-rel=\"prettyPhoto[image_gallery_pretty_photo-678]\" title=\"Reportage evenement corporate &#8211; 12\">\n\t\t\t\t\t\t\t\t\t\t\t<img decoding=\"async\" width=\"1920\" height=\"1280\" src=\"https:\/\/www.gabrielgorgi.com\/wp-content\/uploads\/2025\/05\/Reportage-evenement-corporate-12.jpg\" class=\"attachment-full size-full\" alt=\"\" srcset=\"https:\/\/www.gabrielgorgi.com\/wp-content\/uploads\/2025\/05\/Reportage-evenement-corporate-12.jpg 1920w, https:\/\/www.gabrielgorgi.com\/wp-content\/uploads\/2025\/05\/Reportage-evenement-corporate-12-300x200.jpg 300w, https:\/\/www.gabrielgorgi.com\/wp-content\/uploads\/2025\/05\/Reportage-evenement-corporate-12-1024x683.jpg 1024w, https:\/\/www.gabrielgorgi.com\/wp-content\/uploads\/2025\/05\/Reportage-evenement-corporate-12-768x512.jpg 768w, https:\/\/www.gabrielgorgi.com\/wp-content\/uploads\/2025\/05\/Reportage-evenement-corporate-12-1536x1024.jpg 1536w, https:\/\/www.gabrielgorgi.com\/wp-content\/uploads\/2025\/05\/Reportage-evenement-corporate-12-700x467.jpg 700w\" sizes=\"(max-width: 1920px) 100vw, 1920px\" \/>\t\t\t\t\t\t<span class=\"aig-gallery-hover\">\n\t\t\t\t\t\t\t\t\t\t\t\t\t\t\t<span class=\"icon-arrows-plus\"><\/span> \n\t\t\t\t\t\t\t\t\t\t\t\t\t<\/span>\n\t\t\t\t\t\t\t\t\t\t\t<\/a>\n\t\t\t\t\t\t\t\t\t<\/div>\n\t\t\t<\/div>\n\t\t\t\t\t\t\t\t<div class=\"qode-aig-image qode-item-space\">\n\t\t\t\t<div class=\"qode-aig-image-inner\">\n\t\t\t\t\t\t\t\t\t\t\t<a itemprop=\"image\" class=\"qode-aig-lightbox\" href=\"https:\/\/www.gabrielgorgi.com\/wp-content\/uploads\/2025\/05\/Reportage-evenement-corporate-11.jpg\" data-rel=\"prettyPhoto[image_gallery_pretty_photo-678]\" title=\"Reportage evenement corporate &#8211; 11\">\n\t\t\t\t\t\t\t\t\t\t\t<img decoding=\"async\" width=\"1920\" height=\"1282\" src=\"https:\/\/www.gabrielgorgi.com\/wp-content\/uploads\/2025\/05\/Reportage-evenement-corporate-11.jpg\" class=\"attachment-full size-full\" alt=\"\" srcset=\"https:\/\/www.gabrielgorgi.com\/wp-content\/uploads\/2025\/05\/Reportage-evenement-corporate-11.jpg 1920w, https:\/\/www.gabrielgorgi.com\/wp-content\/uploads\/2025\/05\/Reportage-evenement-corporate-11-300x200.jpg 300w, https:\/\/www.gabrielgorgi.com\/wp-content\/uploads\/2025\/05\/Reportage-evenement-corporate-11-1024x684.jpg 1024w, https:\/\/www.gabrielgorgi.com\/wp-content\/uploads\/2025\/05\/Reportage-evenement-corporate-11-768x513.jpg 768w, https:\/\/www.gabrielgorgi.com\/wp-content\/uploads\/2025\/05\/Reportage-evenement-corporate-11-1536x1026.jpg 1536w, https:\/\/www.gabrielgorgi.com\/wp-content\/uploads\/2025\/05\/Reportage-evenement-corporate-11-700x467.jpg 700w\" sizes=\"(max-width: 1920px) 100vw, 1920px\" \/>\t\t\t\t\t\t<span class=\"aig-gallery-hover\">\n\t\t\t\t\t\t\t\t\t\t\t\t\t\t\t<span class=\"icon-arrows-plus\"><\/span> \n\t\t\t\t\t\t\t\t\t\t\t\t\t<\/span>\n\t\t\t\t\t\t\t\t\t\t\t<\/a>\n\t\t\t\t\t\t\t\t\t<\/div>\n\t\t\t<\/div>\n\t\t\t\t\t\t\t\t<div class=\"qode-aig-image qode-item-space\">\n\t\t\t\t<div class=\"qode-aig-image-inner\">\n\t\t\t\t\t\t\t\t\t\t\t<a itemprop=\"image\" class=\"qode-aig-lightbox\" href=\"https:\/\/www.gabrielgorgi.com\/wp-content\/uploads\/2025\/05\/Reportage-evenement-corporate-10.jpg\" data-rel=\"prettyPhoto[image_gallery_pretty_photo-678]\" title=\"Reportage evenement corporate &#8211; 10\">\n\t\t\t\t\t\t\t\t\t\t\t<img decoding=\"async\" width=\"1920\" height=\"1282\" src=\"https:\/\/www.gabrielgorgi.com\/wp-content\/uploads\/2025\/05\/Reportage-evenement-corporate-10.jpg\" class=\"attachment-full size-full\" alt=\"\" srcset=\"https:\/\/www.gabrielgorgi.com\/wp-content\/uploads\/2025\/05\/Reportage-evenement-corporate-10.jpg 1920w, https:\/\/www.gabrielgorgi.com\/wp-content\/uploads\/2025\/05\/Reportage-evenement-corporate-10-300x200.jpg 300w, https:\/\/www.gabrielgorgi.com\/wp-content\/uploads\/2025\/05\/Reportage-evenement-corporate-10-1024x684.jpg 1024w, https:\/\/www.gabrielgorgi.com\/wp-content\/uploads\/2025\/05\/Reportage-evenement-corporate-10-768x513.jpg 768w, https:\/\/www.gabrielgorgi.com\/wp-content\/uploads\/2025\/05\/Reportage-evenement-corporate-10-1536x1026.jpg 1536w, https:\/\/www.gabrielgorgi.com\/wp-content\/uploads\/2025\/05\/Reportage-evenement-corporate-10-700x467.jpg 700w\" sizes=\"(max-width: 1920px) 100vw, 1920px\" \/>\t\t\t\t\t\t<span class=\"aig-gallery-hover\">\n\t\t\t\t\t\t\t\t\t\t\t\t\t\t\t<span class=\"icon-arrows-plus\"><\/span> \n\t\t\t\t\t\t\t\t\t\t\t\t\t<\/span>\n\t\t\t\t\t\t\t\t\t\t\t<\/a>\n\t\t\t\t\t\t\t\t\t<\/div>\n\t\t\t<\/div>\n\t\t\t\t\t\t\t\t<div class=\"qode-aig-image qode-item-space\">\n\t\t\t\t<div class=\"qode-aig-image-inner\">\n\t\t\t\t\t\t\t\t\t\t\t<a itemprop=\"image\" class=\"qode-aig-lightbox\" href=\"https:\/\/www.gabrielgorgi.com\/wp-content\/uploads\/2025\/05\/Reportage-evenement-corporate-9.jpg\" data-rel=\"prettyPhoto[image_gallery_pretty_photo-678]\" title=\"Reportage evenement corporate &#8211; 9\">\n\t\t\t\t\t\t\t\t\t\t\t<img decoding=\"async\" width=\"1920\" height=\"1280\" src=\"https:\/\/www.gabrielgorgi.com\/wp-content\/uploads\/2025\/05\/Reportage-evenement-corporate-9.jpg\" class=\"attachment-full size-full\" alt=\"\" srcset=\"https:\/\/www.gabrielgorgi.com\/wp-content\/uploads\/2025\/05\/Reportage-evenement-corporate-9.jpg 1920w, https:\/\/www.gabrielgorgi.com\/wp-content\/uploads\/2025\/05\/Reportage-evenement-corporate-9-300x200.jpg 300w, https:\/\/www.gabrielgorgi.com\/wp-content\/uploads\/2025\/05\/Reportage-evenement-corporate-9-1024x683.jpg 1024w, https:\/\/www.gabrielgorgi.com\/wp-content\/uploads\/2025\/05\/Reportage-evenement-corporate-9-768x512.jpg 768w, https:\/\/www.gabrielgorgi.com\/wp-content\/uploads\/2025\/05\/Reportage-evenement-corporate-9-1536x1024.jpg 1536w, https:\/\/www.gabrielgorgi.com\/wp-content\/uploads\/2025\/05\/Reportage-evenement-corporate-9-700x467.jpg 700w\" sizes=\"(max-width: 1920px) 100vw, 1920px\" \/>\t\t\t\t\t\t<span class=\"aig-gallery-hover\">\n\t\t\t\t\t\t\t\t\t\t\t\t\t\t\t<span class=\"icon-arrows-plus\"><\/span> \n\t\t\t\t\t\t\t\t\t\t\t\t\t<\/span>\n\t\t\t\t\t\t\t\t\t\t\t<\/a>\n\t\t\t\t\t\t\t\t\t<\/div>\n\t\t\t<\/div>\n\t\t\t\t\t\t\t\t<div class=\"qode-aig-image qode-item-space\">\n\t\t\t\t<div class=\"qode-aig-image-inner\">\n\t\t\t\t\t\t\t\t\t\t\t<a itemprop=\"image\" class=\"qode-aig-lightbox\" href=\"https:\/\/www.gabrielgorgi.com\/wp-content\/uploads\/2025\/05\/Reportage-evenement-corporate-8.jpg\" data-rel=\"prettyPhoto[image_gallery_pretty_photo-678]\" title=\"Reportage evenement corporate &#8211; 8\">\n\t\t\t\t\t\t\t\t\t\t\t<img decoding=\"async\" width=\"1920\" height=\"1280\" src=\"https:\/\/www.gabrielgorgi.com\/wp-content\/uploads\/2025\/05\/Reportage-evenement-corporate-8.jpg\" class=\"attachment-full size-full\" alt=\"\" srcset=\"https:\/\/www.gabrielgorgi.com\/wp-content\/uploads\/2025\/05\/Reportage-evenement-corporate-8.jpg 1920w, https:\/\/www.gabrielgorgi.com\/wp-content\/uploads\/2025\/05\/Reportage-evenement-corporate-8-300x200.jpg 300w, https:\/\/www.gabrielgorgi.com\/wp-content\/uploads\/2025\/05\/Reportage-evenement-corporate-8-1024x683.jpg 1024w, https:\/\/www.gabrielgorgi.com\/wp-content\/uploads\/2025\/05\/Reportage-evenement-corporate-8-768x512.jpg 768w, https:\/\/www.gabrielgorgi.com\/wp-content\/uploads\/2025\/05\/Reportage-evenement-corporate-8-1536x1024.jpg 1536w, https:\/\/www.gabrielgorgi.com\/wp-content\/uploads\/2025\/05\/Reportage-evenement-corporate-8-700x467.jpg 700w\" sizes=\"(max-width: 1920px) 100vw, 1920px\" \/>\t\t\t\t\t\t<span class=\"aig-gallery-hover\">\n\t\t\t\t\t\t\t\t\t\t\t\t\t\t\t<span class=\"icon-arrows-plus\"><\/span> \n\t\t\t\t\t\t\t\t\t\t\t\t\t<\/span>\n\t\t\t\t\t\t\t\t\t\t\t<\/a>\n\t\t\t\t\t\t\t\t\t<\/div>\n\t\t\t<\/div>\n\t\t\t\t\t\t\t\t<div class=\"qode-aig-image qode-item-space\">\n\t\t\t\t<div class=\"qode-aig-image-inner\">\n\t\t\t\t\t\t\t\t\t\t\t<a itemprop=\"image\" class=\"qode-aig-lightbox\" href=\"https:\/\/www.gabrielgorgi.com\/wp-content\/uploads\/2025\/05\/Reportage-evenement-corporate-7.jpg\" data-rel=\"prettyPhoto[image_gallery_pretty_photo-678]\" title=\"Reportage evenement corporate &#8211; 7\">\n\t\t\t\t\t\t\t\t\t\t\t<img decoding=\"async\" width=\"1920\" height=\"1280\" src=\"https:\/\/www.gabrielgorgi.com\/wp-content\/uploads\/2025\/05\/Reportage-evenement-corporate-7.jpg\" class=\"attachment-full size-full\" alt=\"\" srcset=\"https:\/\/www.gabrielgorgi.com\/wp-content\/uploads\/2025\/05\/Reportage-evenement-corporate-7.jpg 1920w, https:\/\/www.gabrielgorgi.com\/wp-content\/uploads\/2025\/05\/Reportage-evenement-corporate-7-300x200.jpg 300w, https:\/\/www.gabrielgorgi.com\/wp-content\/uploads\/2025\/05\/Reportage-evenement-corporate-7-1024x683.jpg 1024w, https:\/\/www.gabrielgorgi.com\/wp-content\/uploads\/2025\/05\/Reportage-evenement-corporate-7-768x512.jpg 768w, https:\/\/www.gabrielgorgi.com\/wp-content\/uploads\/2025\/05\/Reportage-evenement-corporate-7-1536x1024.jpg 1536w, https:\/\/www.gabrielgorgi.com\/wp-content\/uploads\/2025\/05\/Reportage-evenement-corporate-7-700x467.jpg 700w\" sizes=\"(max-width: 1920px) 100vw, 1920px\" \/>\t\t\t\t\t\t<span class=\"aig-gallery-hover\">\n\t\t\t\t\t\t\t\t\t\t\t\t\t\t\t<span class=\"icon-arrows-plus\"><\/span> \n\t\t\t\t\t\t\t\t\t\t\t\t\t<\/span>\n\t\t\t\t\t\t\t\t\t\t\t<\/a>\n\t\t\t\t\t\t\t\t\t<\/div>\n\t\t\t<\/div>\n\t\t\t\t\t\t\t\t<div class=\"qode-aig-image qode-item-space\">\n\t\t\t\t<div class=\"qode-aig-image-inner\">\n\t\t\t\t\t\t\t\t\t\t\t<a itemprop=\"image\" class=\"qode-aig-lightbox\" href=\"https:\/\/www.gabrielgorgi.com\/wp-content\/uploads\/2025\/05\/Reportage-evenement-corporate-6.jpg\" data-rel=\"prettyPhoto[image_gallery_pretty_photo-678]\" title=\"Reportage evenement corporate &#8211; 6\">\n\t\t\t\t\t\t\t\t\t\t\t<img decoding=\"async\" width=\"1920\" height=\"1280\" src=\"https:\/\/www.gabrielgorgi.com\/wp-content\/uploads\/2025\/05\/Reportage-evenement-corporate-6.jpg\" class=\"attachment-full size-full\" alt=\"\" srcset=\"https:\/\/www.gabrielgorgi.com\/wp-content\/uploads\/2025\/05\/Reportage-evenement-corporate-6.jpg 1920w, https:\/\/www.gabrielgorgi.com\/wp-content\/uploads\/2025\/05\/Reportage-evenement-corporate-6-300x200.jpg 300w, https:\/\/www.gabrielgorgi.com\/wp-content\/uploads\/2025\/05\/Reportage-evenement-corporate-6-1024x683.jpg 1024w, https:\/\/www.gabrielgorgi.com\/wp-content\/uploads\/2025\/05\/Reportage-evenement-corporate-6-768x512.jpg 768w, https:\/\/www.gabrielgorgi.com\/wp-content\/uploads\/2025\/05\/Reportage-evenement-corporate-6-1536x1024.jpg 1536w, https:\/\/www.gabrielgorgi.com\/wp-content\/uploads\/2025\/05\/Reportage-evenement-corporate-6-700x467.jpg 700w\" sizes=\"(max-width: 1920px) 100vw, 1920px\" \/>\t\t\t\t\t\t<span class=\"aig-gallery-hover\">\n\t\t\t\t\t\t\t\t\t\t\t\t\t\t\t<span class=\"icon-arrows-plus\"><\/span> \n\t\t\t\t\t\t\t\t\t\t\t\t\t<\/span>\n\t\t\t\t\t\t\t\t\t\t\t<\/a>\n\t\t\t\t\t\t\t\t\t<\/div>\n\t\t\t<\/div>\n\t\t\t\t\t\t\t\t<div class=\"qode-aig-image qode-item-space\">\n\t\t\t\t<div class=\"qode-aig-image-inner\">\n\t\t\t\t\t\t\t\t\t\t\t<a itemprop=\"image\" class=\"qode-aig-lightbox\" href=\"https:\/\/www.gabrielgorgi.com\/wp-content\/uploads\/2025\/05\/Reportage-evenement-corporate-5.jpg\" data-rel=\"prettyPhoto[image_gallery_pretty_photo-678]\" title=\"Reportage evenement corporate &#8211; 5\">\n\t\t\t\t\t\t\t\t\t\t\t<img decoding=\"async\" width=\"1920\" height=\"1282\" src=\"https:\/\/www.gabrielgorgi.com\/wp-content\/uploads\/2025\/05\/Reportage-evenement-corporate-5.jpg\" class=\"attachment-full size-full\" alt=\"\" srcset=\"https:\/\/www.gabrielgorgi.com\/wp-content\/uploads\/2025\/05\/Reportage-evenement-corporate-5.jpg 1920w, https:\/\/www.gabrielgorgi.com\/wp-content\/uploads\/2025\/05\/Reportage-evenement-corporate-5-300x200.jpg 300w, https:\/\/www.gabrielgorgi.com\/wp-content\/uploads\/2025\/05\/Reportage-evenement-corporate-5-1024x684.jpg 1024w, https:\/\/www.gabrielgorgi.com\/wp-content\/uploads\/2025\/05\/Reportage-evenement-corporate-5-768x513.jpg 768w, https:\/\/www.gabrielgorgi.com\/wp-content\/uploads\/2025\/05\/Reportage-evenement-corporate-5-1536x1026.jpg 1536w, https:\/\/www.gabrielgorgi.com\/wp-content\/uploads\/2025\/05\/Reportage-evenement-corporate-5-700x467.jpg 700w\" sizes=\"(max-width: 1920px) 100vw, 1920px\" \/>\t\t\t\t\t\t<span class=\"aig-gallery-hover\">\n\t\t\t\t\t\t\t\t\t\t\t\t\t\t\t<span class=\"icon-arrows-plus\"><\/span> \n\t\t\t\t\t\t\t\t\t\t\t\t\t<\/span>\n\t\t\t\t\t\t\t\t\t\t\t<\/a>\n\t\t\t\t\t\t\t\t\t<\/div>\n\t\t\t<\/div>\n\t\t\t\t\t\t\t\t<div class=\"qode-aig-image qode-item-space\">\n\t\t\t\t<div class=\"qode-aig-image-inner\">\n\t\t\t\t\t\t\t\t\t\t\t<a itemprop=\"image\" class=\"qode-aig-lightbox\" href=\"https:\/\/www.gabrielgorgi.com\/wp-content\/uploads\/2025\/05\/Reportage-evenement-corporate-4.jpg\" data-rel=\"prettyPhoto[image_gallery_pretty_photo-678]\" title=\"Reportage evenement corporate &#8211; 4\">\n\t\t\t\t\t\t\t\t\t\t\t<img decoding=\"async\" width=\"1920\" height=\"1280\" src=\"https:\/\/www.gabrielgorgi.com\/wp-content\/uploads\/2025\/05\/Reportage-evenement-corporate-4.jpg\" class=\"attachment-full size-full\" alt=\"\" srcset=\"https:\/\/www.gabrielgorgi.com\/wp-content\/uploads\/2025\/05\/Reportage-evenement-corporate-4.jpg 1920w, https:\/\/www.gabrielgorgi.com\/wp-content\/uploads\/2025\/05\/Reportage-evenement-corporate-4-300x200.jpg 300w, https:\/\/www.gabrielgorgi.com\/wp-content\/uploads\/2025\/05\/Reportage-evenement-corporate-4-1024x683.jpg 1024w, https:\/\/www.gabrielgorgi.com\/wp-content\/uploads\/2025\/05\/Reportage-evenement-corporate-4-768x512.jpg 768w, https:\/\/www.gabrielgorgi.com\/wp-content\/uploads\/2025\/05\/Reportage-evenement-corporate-4-1536x1024.jpg 1536w, https:\/\/www.gabrielgorgi.com\/wp-content\/uploads\/2025\/05\/Reportage-evenement-corporate-4-700x467.jpg 700w\" sizes=\"(max-width: 1920px) 100vw, 1920px\" \/>\t\t\t\t\t\t<span class=\"aig-gallery-hover\">\n\t\t\t\t\t\t\t\t\t\t\t\t\t\t\t<span class=\"icon-arrows-plus\"><\/span> \n\t\t\t\t\t\t\t\t\t\t\t\t\t<\/span>\n\t\t\t\t\t\t\t\t\t\t\t<\/a>\n\t\t\t\t\t\t\t\t\t<\/div>\n\t\t\t<\/div>\n\t\t\t\t\t\t\t\t<div class=\"qode-aig-image qode-item-space\">\n\t\t\t\t<div class=\"qode-aig-image-inner\">\n\t\t\t\t\t\t\t\t\t\t\t<a itemprop=\"image\" class=\"qode-aig-lightbox\" href=\"https:\/\/www.gabrielgorgi.com\/wp-content\/uploads\/2025\/05\/Reportage-evenement-corporate-3.jpg\" data-rel=\"prettyPhoto[image_gallery_pretty_photo-678]\" title=\"Reportage evenement corporate &#8211; 3\">\n\t\t\t\t\t\t\t\t\t\t\t<img decoding=\"async\" width=\"1920\" height=\"1280\" src=\"https:\/\/www.gabrielgorgi.com\/wp-content\/uploads\/2025\/05\/Reportage-evenement-corporate-3.jpg\" class=\"attachment-full size-full\" alt=\"\" srcset=\"https:\/\/www.gabrielgorgi.com\/wp-content\/uploads\/2025\/05\/Reportage-evenement-corporate-3.jpg 1920w, https:\/\/www.gabrielgorgi.com\/wp-content\/uploads\/2025\/05\/Reportage-evenement-corporate-3-300x200.jpg 300w, https:\/\/www.gabrielgorgi.com\/wp-content\/uploads\/2025\/05\/Reportage-evenement-corporate-3-1024x683.jpg 1024w, https:\/\/www.gabrielgorgi.com\/wp-content\/uploads\/2025\/05\/Reportage-evenement-corporate-3-768x512.jpg 768w, https:\/\/www.gabrielgorgi.com\/wp-content\/uploads\/2025\/05\/Reportage-evenement-corporate-3-1536x1024.jpg 1536w, https:\/\/www.gabrielgorgi.com\/wp-content\/uploads\/2025\/05\/Reportage-evenement-corporate-3-700x467.jpg 700w\" sizes=\"(max-width: 1920px) 100vw, 1920px\" \/>\t\t\t\t\t\t<span class=\"aig-gallery-hover\">\n\t\t\t\t\t\t\t\t\t\t\t\t\t\t\t<span class=\"icon-arrows-plus\"><\/span> \n\t\t\t\t\t\t\t\t\t\t\t\t\t<\/span>\n\t\t\t\t\t\t\t\t\t\t\t<\/a>\n\t\t\t\t\t\t\t\t\t<\/div>\n\t\t\t<\/div>\n\t\t\t\t\t\t<\/div>\n<\/div>[\/vc_column][\/vc_row][vc_row css_animation=\u00bb\u00bb row_type=\u00bbrow\u00bb use_row_as_full_screen_section=\u00bbno\u00bb type=\u00bbgrid\u00bb angled_section=\u00bbno\u00bb text_align=\u00bbcenter\u00bb background_image_as_pattern=\u00bbwithout_pattern\u00bb z_index=\u00bb\u00bb][vc_column][vc_empty_space height=\u00bb70px\u00bb][vc_column_text css=\u00bb\u00bb]<\/p>\n<h2 style=\"text-align: center;\">Tipos de eventos cubiertos<\/h2>\n<p>[\/vc_column_text][vc_empty_space][vc_row_inner row_type=\u00bbrow\u00bb type=\u00bbgrid\u00bb text_align=\u00bbcenter\u00bb css_animation=\u00bb\u00bb][vc_column_inner width=\u00bb1\/2&#8243;][vc_column_text css=\u00bb\u00bb]<\/p>\n<h3 class=\"p1\">Seminarios<\/h3>\n<h3 class=\"p1\">Actividades de team-building<\/h3>\n<h3 class=\"p1\">Conferencias<\/h3>\n<h3 class=\"p1\">Mesas redondas<\/h3>\n<h3 class=\"p1\">Paneles<\/h3>\n<h3 class=\"p1\">Lanzamientos de productos<\/h3>\n<h3 class=\"p1\">Lanzamientos de iniciativas<\/h3>\n<p>[\/vc_column_text][\/vc_column_inner][vc_column_inner width=\u00bb1\/2&#8243;][vc_column_text css=\u00bb\u00bb]<\/p>\n<h3 class=\"p1\">Inauguraciones<\/h3>\n<h3 class=\"p1\">Recepciones con c\u00f3ctel<\/h3>\n<h3 class=\"p1\">Gala<\/h3>\n<h3 class=\"p1\">Aniversarios de empresa<\/h3>\n<h3 class=\"p1\">Despedidas de empleados<\/h3>\n<h3 class=\"p1\">Ceremonias de premios<\/h3>\n<h3 class=\"p1\">Cenas de Navidad<\/h3>\n<p>[\/vc_column_text][\/vc_column_inner][\/vc_row_inner][\/vc_column][\/vc_row][vc_row css_animation=\u00bb\u00bb row_type=\u00bbrow\u00bb use_row_as_full_screen_section=\u00bbno\u00bb type=\u00bbgrid\u00bb angled_section=\u00bbno\u00bb text_align=\u00bbleft\u00bb background_image_as_pattern=\u00bbwithout_pattern\u00bb z_index=\u00bb\u00bb css=\u00bb.vc_custom_1717180792989{padding-right: 20px !important;padding-left: 20px !important;background-color: #ffffff !important;}\u00bb][vc_column][vc_empty_space height=\u00bb130px\u00bb][vc_column_text css=\u00bb\u00bb]<\/p>\n<h2 style=\"text-align: center;\">Conf\u00edan en nosotros<\/h2>\n<p>[\/vc_column_text][vc_empty_space][vc_gallery type=\u00bbimage_grid\u00bb images=\u00bb15636,15637,15638,15639,15640,15641,15642,15643,15644,15645,15646,15647,15648,15649,15650,15651,15652,15653,15654,15655,15656,15657,15658,15659,15660&#8243; img_size=\u00bb300&#215;160&#8243; onclick=\u00bb\u00bb css=\u00bb\u00bb column_number=\u00bb5&#8243; grayscale=\u00bbno\u00bb images_space=\u00bbgallery_with_space\u00bb][\/vc_column][\/vc_row][vc_row css_animation=\u00bb\u00bb row_type=\u00bbrow\u00bb use_row_as_full_screen_section=\u00bbno\u00bb type=\u00bbgrid\u00bb angled_section=\u00bbno\u00bb text_align=\u00bbleft\u00bb background_image_as_pattern=\u00bbwithout_pattern\u00bb z_index=\u00bb\u00bb css=\u00bb.vc_custom_1717180792989{padding-right: 20px !important;padding-left: 20px !important;background-color: #ffffff !important;}\u00bb][vc_column][vc_empty_space height=\u00bb70px\u00bb][vc_column_text css=\u00bb\u00bb]<\/p>\n<h2 style=\"text-align: center;\">Testimonios<\/h2>\n<p>[\/vc_column_text][vc_empty_space height=\u00bb50px\u00bb][vc_raw_html css=\u00bb\u00bb]JTVCZ3J3JTIwaWQlM0Q2ODMxJTVE[\/vc_raw_html][vc_empty_space height=\u00bb70px\u00bb][\/vc_column][\/vc_row][vc_row css_animation=\u00bb\u00bb row_type=\u00bbrow\u00bb use_row_as_full_screen_section=\u00bbno\u00bb type=\u00bbgrid\u00bb angled_section=\u00bbno\u00bb text_align=\u00bbcenter\u00bb background_image_as_pattern=\u00bbwithout_pattern\u00bb z_index=\u00bb\u00bb][vc_column width=\u00bb1\/12&#8243; offset=\u00bbvc_hidden-xs\u00bb][\/vc_column][vc_column width=\u00bb5\/12&#8243;]<a  itemprop=\"url\" href=\"https:\/\/tidycal.com\/gabrielgorgi\/meeting-de-20-minutes\" target=\"_self\"  class=\"qbutton  large center default\" style=\"\">Agendar una llamada<\/a>[vc_empty_space height=\u00bb4em\u00bb][\/vc_column][vc_column width=\u00bb5\/12&#8243;]<a  itemprop=\"url\" href=\"mailto:gg@gabrielgorgi.com\" target=\"_self\"  class=\"qbutton  large center default\" style=\"\">Enviar un correo<\/a>[vc_empty_space height=\u00bb5em\u00bb][\/vc_column][vc_column width=\u00bb1\/12&#8243; offset=\u00bbvc_hidden-xs\u00bb][\/vc_column][\/vc_row][vc_row css_animation=\u00bb\u00bb row_type=\u00bbrow\u00bb use_row_as_full_screen_section=\u00bbno\u00bb type=\u00bbgrid\u00bb angled_section=\u00bbno\u00bb text_align=\u00bbcenter\u00bb background_image_as_pattern=\u00bbwithout_pattern\u00bb z_index=\u00bb\u00bb][vc_column][vc_empty_space height=\u00bb5em\u00bb][vc_column_text css=\u00bb\u00bb]<\/p>\n<h2 style=\"text-align: center;\">Ubicaciones para sesiones corporativas<\/h2>\n<p>[\/vc_column_text][vc_empty_space][vc_column_text css=\u00bb\u00bb]Nos desplazamos a las grandes ciudades de Francia, Luxemburgo, B\u00e9lgica, Suiza, Italia, Alemania y Pa\u00edses Bajos para sesiones fotogr\u00e1ficas corporativas.[\/vc_column_text][vc_empty_space height=\u00bb5em\u00bb][\/vc_column][\/vc_row]<\/p>\n<\/div>","protected":false},"excerpt":{"rendered":"<p>[vc_row css_animation=\u00bb\u00bb row_type=\u00bbrow\u00bb use_row_as_full_screen_section=\u00bbno\u00bb type=\u00bbgrid\u00bb angled_section=\u00bbno\u00bb text_align=\u00bbleft\u00bb background_image_as_pattern=\u00bbwithout_pattern\u00bb z_index=\u00bb\u00bb][vc_column][vc_empty_space height=\u00bb70px\u00bb][\/vc_column][\/vc_row][vc_row css_animation=\u00bb\u00bb row_type=\u00bbrow\u00bb use_row_as_full_screen_section=\u00bbno\u00bb type=\u00bbgrid\u00bb angled_section=\u00bbno\u00bb text_align=\u00bbcenter\u00bb background_image_as_pattern=\u00bbwithout_pattern\u00bb z_index=\u00bb\u00bb][vc_column][vc_empty_space height=\u00bb70px\u00bb][vc_column_text css=\u00bb\u00bb] Tipos de eventos cubiertos [\/vc_column_text][vc_empty_space][vc_row_inner row_type=\u00bbrow\u00bb type=\u00bbgrid\u00bb text_align=\u00bbcenter\u00bb css_animation=\u00bb\u00bb][vc_column_inner width=\u00bb1\/2&#8243;][vc_column_text css=\u00bb\u00bb] Seminarios Actividades de team-building Conferencias Mesas redondas Paneles Lanzamientos de productos Lanzamientos de iniciativas&#8230;<\/p>\n","protected":false},"author":2,"featured_media":0,"parent":0,"menu_order":0,"comment_status":"closed","ping_status":"closed","template":"full_width.php","meta":{"footnotes":""},"yst_prominent_words":[2299],"class_list":["post-15634","page","type-page","status-publish","hentry"],"_links":{"self":[{"href":"https:\/\/www.gabrielgorgi.com\/es\/wp-json\/wp\/v2\/pages\/15634","targetHints":{"allow":["GET"]}}],"collection":[{"href":"https:\/\/www.gabrielgorgi.com\/es\/wp-json\/wp\/v2\/pages"}],"about":[{"href":"https:\/\/www.gabrielgorgi.com\/es\/wp-json\/wp\/v2\/types\/page"}],"author":[{"embeddable":true,"href":"https:\/\/www.gabrielgorgi.com\/es\/wp-json\/wp\/v2\/users\/2"}],"replies":[{"embeddable":true,"href":"https:\/\/www.gabrielgorgi.com\/es\/wp-json\/wp\/v2\/comments?post=15634"}],"version-history":[{"count":3,"href":"https:\/\/www.gabrielgorgi.com\/es\/wp-json\/wp\/v2\/pages\/15634\/revisions"}],"predecessor-version":[{"id":15662,"href":"https:\/\/www.gabrielgorgi.com\/es\/wp-json\/wp\/v2\/pages\/15634\/revisions\/15662"}],"wp:attachment":[{"href":"https:\/\/www.gabrielgorgi.com\/es\/wp-json\/wp\/v2\/media?parent=15634"}],"wp:term":[{"taxonomy":"yst_prominent_words","embeddable":true,"href":"https:\/\/www.gabrielgorgi.com\/es\/wp-json\/wp\/v2\/yst_prominent_words?post=15634"}],"curies":[{"name":"wp","href":"https:\/\/api.w.org\/{rel}","templated":true}]}}