{"id":16419,"date":"2026-02-06T13:04:57","date_gmt":"2026-02-06T12:04:57","guid":{"rendered":"https:\/\/www.gabrielgorgi.com\/?page_id=16419"},"modified":"2026-02-06T13:17:40","modified_gmt":"2026-02-06T12:17:40","slug":"sesiones-de-retrato","status":"publish","type":"page","link":"https:\/\/www.gabrielgorgi.com\/es\/sesiones-de-retrato\/","title":{"rendered":"SESIONES DE RETRATO"},"content":{"rendered":"<div class=\"wpb-content-wrapper\"><p>[vc_row css_animation=\u00bb\u00bb row_type=\u00bbrow\u00bb use_row_as_full_screen_section=\u00bbno\u00bb type=\u00bbgrid\u00bb angled_section=\u00bbno\u00bb text_align=\u00bbcenter\u00bb background_image_as_pattern=\u00bbwithout_pattern\u00bb z_index=\u00bb\u00bb][vc_column][vc_empty_space height=\u00bb6em\u00bb][\/vc_column][\/vc_row][vc_row css_animation=\u00bb\u00bb row_type=\u00bbrow\u00bb use_row_as_full_screen_section=\u00bbno\u00bb type=\u00bbgrid\u00bb angled_section=\u00bbno\u00bb text_align=\u00bbleft\u00bb background_image_as_pattern=\u00bbwithout_pattern\u00bb z_index=\u00bb\u00bb][vc_column width=\u00bb1\/2&#8243;][vc_column_text]<\/p>\n<h3>SESI\u00d3N CODIR<\/h3>\n<p>[\/vc_column_text][vc_empty_space]<div class=\"q_list circle\">\n\t<\/p>\n<ul>\n<li>Para los <strong>comit\u00e9s de direcci\u00f3n<\/strong> y los <strong>directores<\/strong>.<\/li>\n<li><strong>Comunicados de prensa<\/strong> \/ sitios web.<\/li>\n<li>Coaching de pose <strong>completo<\/strong>.<\/li>\n<li>A partir de <strong>4 personas<\/strong>.<\/li>\n<li>La sesi\u00f3n dura aproximadamente <strong>20-30 minutos<\/strong> por persona.<\/li>\n<li><strong>Sin<\/strong> cambio de vestuario.<\/li>\n<li>Maquilladora bajo petici\u00f3n.<\/li>\n<\/ul>\n<p><\/div>[vc_empty_space height=\u00bb35px\u00bb][\/vc_column][vc_column width=\u00bb1\/2&#8243;][vc_column_text css=\u00bb\u00bb]<\/p>\n<h3>SESI\u00d3N COLABORADORES<\/h3>\n<p>[\/vc_column_text][vc_empty_space]<div class=\"q_list circle\">\n\t<\/p>\n<ul>\n<li>Para los <strong>colaboradores<\/strong>.<\/li>\n<li>Armonizar sus fotos con las del codir.<\/li>\n<li>Coaching de pose de los <strong>esenciales<\/strong>.<\/li>\n<li>A partir de <strong>10 personas<\/strong>.<\/li>\n<li>La sesi\u00f3n dura aproximadamente <strong>10-15 minutos<\/strong> por persona.<\/li>\n<li><strong>Sin<\/strong> cambio de vestuario.<\/li>\n<li><strong>Sin<\/strong> maquilladora.<\/li>\n<\/ul>\n<p><\/div>[vc_empty_space height=\u00bb35px\u00bb][\/vc_column][\/vc_row][vc_row css_animation=\u00bb\u00bb row_type=\u00bbrow\u00bb use_row_as_full_screen_section=\u00bbno\u00bb type=\u00bbgrid\u00bb angled_section=\u00bbno\u00bb text_align=\u00bbleft\u00bb background_image_as_pattern=\u00bbwithout_pattern\u00bb z_index=\u00bb\u00bb][vc_column width=\u00bb1\/2&#8243;][vc_column_text css=\u00bb\u00bb]<\/p>\n<h3>SESI\u00d3N BOOK<\/h3>\n<p>[\/vc_column_text][vc_empty_space]<div class=\"q_list circle\">\n\t<\/p>\n<ul>\n<li>Para los <strong>directivos de empresas<\/strong> que desean crear un <strong>book<\/strong> visual.<\/li>\n<li>Creaci\u00f3n de <strong>varios looks<\/strong> para los <strong>pr\u00f3ximos a\u00f1os<\/strong>.<\/li>\n<li>Coaching de pose <strong>completo<\/strong>.<\/li>\n<li>Sesi\u00f3n <strong>individual<\/strong>.<\/li>\n<li>La sesi\u00f3n dura aproximadamente <strong>60-90 minutos<\/strong>.<\/li>\n<li>Posibilidad de <strong>cambiar de vestuario<\/strong>.<\/li>\n<li>Maquilladora bajo petici\u00f3n.<\/li>\n<\/ul>\n<p><\/div>[vc_empty_space height=\u00bb35px\u00bb][\/vc_column][vc_column width=\u00bb1\/2&#8243;][vc_column_text css=\u00bb\u00bb]<\/p>\n<h3>SESI\u00d3N EXPRESS<\/h3>\n<p>[\/vc_column_text][vc_empty_space]<div class=\"q_list circle\">\n\t<\/p>\n<ul>\n<li>Para un equipo grande durante un evento.<\/li>\n<li>Una sesi\u00f3n intensa de <strong>5 minutos<\/strong> por persona.<\/li>\n<li>Coaching de pose <strong>b\u00e1sico<\/strong>.<\/li>\n<li>A partir de <strong>10 personas<\/strong>.<\/li>\n<li><strong>Sin<\/strong> cambio de vestuario.<\/li>\n<li><strong>Sin<\/strong> maquilladora.<\/li>\n<\/ul>\n<p><\/div>[vc_empty_space height=\u00bb35px\u00bb][\/vc_column][\/vc_row][vc_row css_animation=\u00bb\u00bb row_type=\u00bbrow\u00bb use_row_as_full_screen_section=\u00bbno\u00bb type=\u00bbgrid\u00bb angled_section=\u00bbno\u00bb text_align=\u00bbcenter\u00bb background_image_as_pattern=\u00bbwithout_pattern\u00bb z_index=\u00bb\u00bb][vc_column][vc_empty_space][vc_column_text css=\u00bb\u00bb]<\/p>\n<div class=\"wpb_text_column wpb_content_element \">\n<div class=\"wpb_wrapper\">\n<h2 style=\"text-align: center;\">Los Lugares para las Sesiones de Retrato<\/h2>\n<\/div>\n<\/div>\n<p>[\/vc_column_text][vc_empty_space height=\u00bb20px\u00bb][vc_column_text css=\u00bb\u00bb]<\/p>\n<div class=\"wpb_text_column wpb_content_element \">\n<div class=\"wpb_wrapper\">\n<p style=\"text-align: center;\">Nos desplazamos a las grandes ciudades de Francia, Luxemburgo, B\u00e9lgica, Suiza, Italia, Alemania y Pa\u00edses Bajos para realizar sesiones de fotograf\u00eda corporativa, ya sea directamente en vuestras instalaciones o en un estudio cercano.<\/p>\n<\/div>\n<\/div>\n<p>[\/vc_column_text][vc_empty_space height=\u00bb30px\u00bb][\/vc_column][\/vc_row][vc_row css_animation=\u00bb\u00bb row_type=\u00bbrow\u00bb use_row_as_full_screen_section=\u00bbno\u00bb type=\u00bbgrid\u00bb angled_section=\u00bbno\u00bb text_align=\u00bbcenter\u00bb background_image_as_pattern=\u00bbwithout_pattern\u00bb z_index=\u00bb\u00bb][vc_column][vc_empty_space height=\u00bb100px\u00bb][vc_column_text css=\u00bb\u00bb]<\/p>\n<h2 style=\"text-align: center;\">Cont\u00e1ctanos para obtener un presupuesto<\/h2>\n<p>[\/vc_column_text][vc_empty_space height=\u00bb20px\u00bb][vc_row_inner row_type=\u00bbrow\u00bb type=\u00bbgrid\u00bb text_align=\u00bbcenter\u00bb css_animation=\u00bb\u00bb][vc_column_inner width=\u00bb1\/2&#8243;]<a  itemprop=\"url\" href=\"mailto:gabriel@gabrielgorgi.com\" target=\"_self\"  class=\"qbutton  large center default\" style=\"\">Enviar un correo<\/a>[vc_empty_space height=\u00bb30px\u00bb][\/vc_column_inner][vc_column_inner width=\u00bb1\/2&#8243;]<a  itemprop=\"url\" href=\"https:\/\/tidycal.com\/gabrielgorgi\/call\" target=\"_self\"  class=\"qbutton  large center default\" style=\"\">Agendar una llamada<\/a>[vc_empty_space height=\u00bb30px\u00bb][\/vc_column_inner][\/vc_row_inner][\/vc_column][\/vc_row][vc_row css_animation=\u00bb\u00bb row_type=\u00bbrow\u00bb use_row_as_full_screen_section=\u00bbno\u00bb type=\u00bbgrid\u00bb angled_section=\u00bbno\u00bb text_align=\u00bbcenter\u00bb background_image_as_pattern=\u00bbwithout_pattern\u00bb z_index=\u00bb\u00bb][vc_column][vc_empty_space height=\u00bb4em\u00bb][\/vc_column][\/vc_row]<\/p>\n<\/div>","protected":false},"excerpt":{"rendered":"<p>[vc_row css_animation=\u00bb\u00bb row_type=\u00bbrow\u00bb use_row_as_full_screen_section=\u00bbno\u00bb type=\u00bbgrid\u00bb angled_section=\u00bbno\u00bb text_align=\u00bbcenter\u00bb background_image_as_pattern=\u00bbwithout_pattern\u00bb z_index=\u00bb\u00bb][vc_column][vc_empty_space height=\u00bb6em\u00bb][\/vc_column][\/vc_row][vc_row css_animation=\u00bb\u00bb row_type=\u00bbrow\u00bb use_row_as_full_screen_section=\u00bbno\u00bb type=\u00bbgrid\u00bb angled_section=\u00bbno\u00bb text_align=\u00bbleft\u00bb background_image_as_pattern=\u00bbwithout_pattern\u00bb z_index=\u00bb\u00bb][vc_column width=\u00bb1\/2&#8243;][vc_column_text] SESI\u00d3N CODIR [\/vc_column_text][vc_empty_space][vc_empty_space height=\u00bb35px\u00bb][\/vc_column][vc_column width=\u00bb1\/2&#8243;][vc_column_text css=\u00bb\u00bb] SESI\u00d3N COLABORADORES [\/vc_column_text][vc_empty_space][vc_empty_space height=\u00bb35px\u00bb][\/vc_column][\/vc_row][vc_row css_animation=\u00bb\u00bb row_type=\u00bbrow\u00bb use_row_as_full_screen_section=\u00bbno\u00bb type=\u00bbgrid\u00bb angled_section=\u00bbno\u00bb text_align=\u00bbleft\u00bb background_image_as_pattern=\u00bbwithout_pattern\u00bb z_index=\u00bb\u00bb][vc_column width=\u00bb1\/2&#8243;][vc_column_text css=\u00bb\u00bb] SESI\u00d3N BOOK [\/vc_column_text][vc_empty_space][vc_empty_space height=\u00bb35px\u00bb][\/vc_column][vc_column width=\u00bb1\/2&#8243;][vc_column_text css=\u00bb\u00bb]&#8230;<\/p>\n","protected":false},"author":2,"featured_media":0,"parent":0,"menu_order":0,"comment_status":"closed","ping_status":"closed","template":"full_width.php","meta":{"footnotes":""},"yst_prominent_words":[2299],"class_list":["post-16419","page","type-page","status-publish","hentry"],"_links":{"self":[{"href":"https:\/\/www.gabrielgorgi.com\/es\/wp-json\/wp\/v2\/pages\/16419","targetHints":{"allow":["GET"]}}],"collection":[{"href":"https:\/\/www.gabrielgorgi.com\/es\/wp-json\/wp\/v2\/pages"}],"about":[{"href":"https:\/\/www.gabrielgorgi.com\/es\/wp-json\/wp\/v2\/types\/page"}],"author":[{"embeddable":true,"href":"https:\/\/www.gabrielgorgi.com\/es\/wp-json\/wp\/v2\/users\/2"}],"replies":[{"embeddable":true,"href":"https:\/\/www.gabrielgorgi.com\/es\/wp-json\/wp\/v2\/comments?post=16419"}],"version-history":[{"count":1,"href":"https:\/\/www.gabrielgorgi.com\/es\/wp-json\/wp\/v2\/pages\/16419\/revisions"}],"predecessor-version":[{"id":16420,"href":"https:\/\/www.gabrielgorgi.com\/es\/wp-json\/wp\/v2\/pages\/16419\/revisions\/16420"}],"wp:attachment":[{"href":"https:\/\/www.gabrielgorgi.com\/es\/wp-json\/wp\/v2\/media?parent=16419"}],"wp:term":[{"taxonomy":"yst_prominent_words","embeddable":true,"href":"https:\/\/www.gabrielgorgi.com\/es\/wp-json\/wp\/v2\/yst_prominent_words?post=16419"}],"curies":[{"name":"wp","href":"https:\/\/api.w.org\/{rel}","templated":true}]}}