{"id":11978,"date":"2025-12-21T10:26:19","date_gmt":"2025-12-21T09:26:19","guid":{"rendered":"https:\/\/www.gabrielgorgi.com\/?page_id=11978"},"modified":"2026-01-07T15:28:40","modified_gmt":"2026-01-07T14:28:40","slug":"tariffe-per-le-aziende","status":"publish","type":"page","link":"https:\/\/www.gabrielgorgi.com\/it\/tariffe-per-le-aziende\/","title":{"rendered":"TARIFFE PER LE AZIENDE"},"content":{"rendered":"<div class=\"wpb-content-wrapper\"><p>[vc_row css_animation=&#8221;&#8221; row_type=&#8221;row&#8221; use_row_as_full_screen_section=&#8221;no&#8221; type=&#8221;grid&#8221; angled_section=&#8221;no&#8221; text_align=&#8221;center&#8221; background_image_as_pattern=&#8221;without_pattern&#8221; z_index=&#8221;&#8221;][vc_column offset=&#8221;vc_hidden-xs&#8221;][vc_empty_space height=&#8221;6em&#8221;][vc_column_text css=&#8221;&#8221;]<\/p>\n<h2 style=\"text-align: center;\"><em>SESSIONI DI GRUPPO<\/em><\/h2>\n<p>[\/vc_column_text][vc_empty_space height=&#8221;6em&#8221;][\/vc_column][\/vc_row][vc_row css_animation=&#8221;&#8221; row_type=&#8221;row&#8221; use_row_as_full_screen_section=&#8221;no&#8221; type=&#8221;grid&#8221; angled_section=&#8221;no&#8221; text_align=&#8221;left&#8221; background_image_as_pattern=&#8221;without_pattern&#8221; z_index=&#8221;&#8221;][vc_column width=&#8221;1\/3&#8243;][vc_column_text css=&#8221;&#8221;]<\/p>\n<h3>1. SESSIONE COMITATO DIRETTIVO<\/h3>\n<p>[\/vc_column_text][vc_empty_space height=&#8221;20px&#8221;]<div class=\"q_list circle\">\n\t<\/p>\n<ul>\n<li>Destinata ai <strong>comitati direttivi<\/strong> e ai <strong>dirigenti<\/strong>.<\/li>\n<li>Per <strong>comunicati stampa<\/strong> e siti web istituzionali.<\/li>\n<li>Coaching <strong>completo (espressione facciale e presenza)<\/strong>.<\/li>\n<li>A partire da <strong>4 persone<\/strong>.<\/li>\n<li>Durata della sessione: <strong>20-30 minuti<\/strong> circa a persona.<\/li>\n<li><strong>Senza<\/strong> cambio di abbigliamento.<\/li>\n<li>Make-up artist su richiesta.<\/li>\n<li>Tariffa decrescente tra <strong>600-430 \u20ac<\/strong> HT a persona.<\/li>\n<\/ul>\n<p><\/div>[\/vc_column][vc_column width=&#8221;1\/3&#8243;][vc_column_text css=&#8221;&#8221;]<\/p>\n<h3>2. SESSIONE COLLABORATORI<\/h3>\n<p>[\/vc_column_text][vc_empty_space height=&#8221;20px&#8221;]<div class=\"q_list circle\">\n\t<\/p>\n<ul>\n<li>Destinata ai <strong>collaboratori<\/strong>.<\/li>\n<li><strong>Armonizzazione<\/strong> delle foto con quelle del comitato direttivo.<\/li>\n<li>Coaching dedicato all\u2019<strong>espressione facciale<\/strong>.<\/li>\n<li>A partire da <strong>10 persone<\/strong>.<\/li>\n<li>Durata della sessione: <strong>10-15 minuti<\/strong> circa a persona.<\/li>\n<li><strong>Senza<\/strong> cambio di abbigliamento.<\/li>\n<li>Make-up artist su richiesta.<\/li>\n<li>Tariffa decrescente tra <strong>350-200 \u20ac<\/strong> HT a persona.<\/li>\n<\/ul>\n<p><\/div>[\/vc_column][vc_column width=&#8221;1\/3&#8243;][vc_column_text css=&#8221;&#8221;]<\/p>\n<h3>3. SESSIONE EXPRESS<\/h3>\n<p>[\/vc_column_text][vc_empty_space height=&#8221;20px&#8221;]<div class=\"q_list circle\">\n\t<\/p>\n<ul>\n<li>Per i team operativi.<\/li>\n<li>Sessione rapida realizzata durante un evento aziendale.<\/li>\n<li>Coaching delle <strong>pose essenziali<\/strong>.<\/li>\n<li>A partire da <strong>10 persone<\/strong>.<\/li>\n<li>Durata della sessione: circa <strong>5 minuti<\/strong> a persona.<\/li>\n<li><strong>Senza<\/strong> cambio di abbigliamento.<\/li>\n<li>Make-up artist su richiesta.<\/li>\n<li>Tariffa decrescente tra <strong>220-75 \u20ac<\/strong> HT a persona.<\/li>\n<\/ul>\n<p><\/div>[\/vc_column][\/vc_row][vc_row css_animation=&#8221;&#8221; row_type=&#8221;row&#8221; use_row_as_full_screen_section=&#8221;no&#8221; type=&#8221;grid&#8221; angled_section=&#8221;no&#8221; text_align=&#8221;center&#8221; background_image_as_pattern=&#8221;without_pattern&#8221; z_index=&#8221;&#8221;][vc_column][vc_empty_space height=&#8221;10px&#8221;][vc_separator type=&#8221;normal&#8221; thickness=&#8221;1&#8243;][vc_empty_space height=&#8221;30px&#8221;][\/vc_column][\/vc_row][vc_row css_animation=&#8221;&#8221; row_type=&#8221;row&#8221; use_row_as_full_screen_section=&#8221;no&#8221; type=&#8221;grid&#8221; angled_section=&#8221;no&#8221; text_align=&#8221;left&#8221; background_image_as_pattern=&#8221;without_pattern&#8221; z_index=&#8221;&#8221;][vc_column width=&#8221;1\/3&#8243; css=&#8221;.vc_custom_1730800626985{border-right-width: 1px !important;border-radius: 1px !important;border-color: #f2f2f2 !important;}&#8221;][vc_column_text css=&#8221;&#8221;]<\/p>\n<h3>4. SESSIONE BOOK [Individuale]<\/h3>\n<p>[\/vc_column_text][vc_empty_space height=&#8221;20px&#8221;]<div class=\"q_list circle\">\n\t<\/p>\n<ul>\n<li>Per i <strong>dirigenti<\/strong> che desiderano realizzare un <strong>book fotografico<\/strong>.<\/li>\n<li>Creazione di <strong>diversi look<\/strong>.<\/li>\n<li>Coaching <strong>completo (espressione facciale e presenza)<\/strong>.<\/li>\n<li>Sessione <strong>individuale<\/strong>.<\/li>\n<li>Durata della sessione: circa <strong>60-90 minuti<\/strong>.<\/li>\n<li>Possibilit\u00e0 di <strong>cambio di abbigliamento<\/strong>.<\/li>\n<li>Make-up artist su richiesta.<\/li>\n<li>Tariffa a partire da <strong>1300 \u20ac<\/strong> HT a persona.<\/li>\n<\/ul>\n<p><\/div>[vc_empty_space height=&#8221;10px&#8221;][\/vc_column][vc_column width=&#8221;2\/3&#8243;][vc_empty_space][vc_column_text css=&#8221;&#8221;]<\/p>\n<h2 style=\"text-align: center;\">Preventivo Tariffe<\/h2>\n<p>[\/vc_column_text][vc_empty_space][vc_raw_html css=&#8221;&#8221;]JTVCemlnYWZvcm0tZXN0aW1hdG9yJTIwaWQlM0QlMjIyMSUyMiU1RA==[\/vc_raw_html][vc_column_text css=&#8221;&#8221;]<\/p>\n<p class=\"p1\">\u00c8 possibile scegliere foto aggiuntive per i dirigenti, che saranno fatturate a <span class=\"s1\">150 \u20ac per foto approvata<\/span>.<\/p>\n<p>[\/vc_column_text][\/vc_column][\/vc_row][vc_row css_animation=&#8221;&#8221; row_type=&#8221;row&#8221; use_row_as_full_screen_section=&#8221;no&#8221; type=&#8221;grid&#8221; angled_section=&#8221;no&#8221; text_align=&#8221;center&#8221; background_image_as_pattern=&#8221;without_pattern&#8221; z_index=&#8221;&#8221;][vc_column][vc_empty_space height=&#8221;10px&#8221;][vc_empty_space height=&#8221;30px&#8221;][\/vc_column][\/vc_row][vc_row css_animation=&#8221;&#8221; row_type=&#8221;row&#8221; use_row_as_full_screen_section=&#8221;no&#8221; type=&#8221;grid&#8221; angled_section=&#8221;no&#8221; text_align=&#8221;center&#8221; background_image_as_pattern=&#8221;without_pattern&#8221; z_index=&#8221;&#8221;][vc_column offset=&#8221;vc_hidden-xs&#8221;][vc_empty_space height=&#8221;50px&#8221;][\/vc_column][\/vc_row][vc_row css_animation=&#8221;&#8221; row_type=&#8221;row&#8221; use_row_as_full_screen_section=&#8221;no&#8221; type=&#8221;grid&#8221; angled_section=&#8221;no&#8221; text_align=&#8221;left&#8221; background_image_as_pattern=&#8221;without_pattern&#8221; z_index=&#8221;&#8221;][vc_column][vc_column_text]<\/p>\n<h2>NOTE<\/h2>\n<p>[\/vc_column_text][vc_empty_space height=&#8221;20px&#8221;][vc_column_text css=&#8221;&#8221;]<\/p>\n<ol>\n<li>Un importo minimo di 4.000 \u20ac si applica per le sessioni realizzate nei paesi confinanti con la Francia. Per destinazioni pi\u00f9 lontane, le tariffe verranno ricalcolate di conseguenza.<\/li>\n<li>La foto di gruppo \u00e8 proposta esclusivamente come opzione aggiuntiva durante una sessione headshot: 200 \u20ac in interno o 300 \u20ac in esterno.<\/li>\n<li>Qualora la sessione richieda un pernottamento, in particolare per spostamenti fuori regione, sar\u00e0 applicato un supplemento di 500 \u20ac per notte ai tariffari sopra indicati.<\/li>\n<li>Il diritto di diffusione delle fotografie \u00e8 concesso per tutte le immagini consegnate, per una durata di cinque (5) anni e su ogni supporto, a livello internazionale, ad eccezione degli utilizzi commerciali quali pubblicit\u00e0 o illustrazione di copertina di opere.<\/li>\n<li>Per le sessioni di team, \u00e8 possibile adeguare il numero di persone fotografate rispetto al preventivo iniziale, con facolt\u00e0 di incremento. In caso di riduzione del numero di partecipanti, lo sconto \u00e8 limitato al 10% rispetto al numero iniziale e applicabile unicamente per sessioni di 10 o pi\u00f9 persone. Nessuna riduzione \u00e8 prevista per sessioni inferiori a 10 persone.<\/li>\n<li>Le tariffe indicate sono estimative; i preventivi definitivi possono variare.<\/li>\n<li>Le tariffe sono soggette a modifica senza preavviso.<\/li>\n<\/ol>\n<p>[\/vc_column_text][\/vc_column][\/vc_row][vc_row css_animation=&#8221;&#8221; row_type=&#8221;row&#8221; use_row_as_full_screen_section=&#8221;no&#8221; type=&#8221;grid&#8221; angled_section=&#8221;no&#8221; text_align=&#8221;center&#8221; background_image_as_pattern=&#8221;without_pattern&#8221; z_index=&#8221;&#8221;][vc_column][vc_empty_space height=&#8221;4em&#8221;][\/vc_column][\/vc_row]<\/p>\n<\/div>","protected":false},"excerpt":{"rendered":"<p>[vc_row css_animation=&#8221;&#8221; row_type=&#8221;row&#8221; use_row_as_full_screen_section=&#8221;no&#8221; type=&#8221;grid&#8221; angled_section=&#8221;no&#8221; text_align=&#8221;center&#8221; background_image_as_pattern=&#8221;without_pattern&#8221; z_index=&#8221;&#8221;][vc_column offset=&#8221;vc_hidden-xs&#8221;][vc_empty_space height=&#8221;6em&#8221;][vc_column_text css=&#8221;&#8221;] SESSIONI DI GRUPPO [\/vc_column_text][vc_empty_space height=&#8221;6em&#8221;][\/vc_column][\/vc_row][vc_row css_animation=&#8221;&#8221; row_type=&#8221;row&#8221; use_row_as_full_screen_section=&#8221;no&#8221; type=&#8221;grid&#8221; angled_section=&#8221;no&#8221; text_align=&#8221;left&#8221; background_image_as_pattern=&#8221;without_pattern&#8221; z_index=&#8221;&#8221;][vc_column width=&#8221;1\/3&#8243;][vc_column_text css=&#8221;&#8221;] 1. SESSIONE COMITATO DIRETTIVO [\/vc_column_text][vc_empty_space height=&#8221;20px&#8221;][\/vc_column][vc_column width=&#8221;1\/3&#8243;][vc_column_text css=&#8221;&#8221;] 2. SESSIONE COLLABORATORI [\/vc_column_text][vc_empty_space height=&#8221;20px&#8221;][\/vc_column][vc_column width=&#8221;1\/3&#8243;][vc_column_text css=&#8221;&#8221;] 3. SESSIONE EXPRESS&#8230;<\/p>\n","protected":false},"author":2,"featured_media":12233,"parent":0,"menu_order":0,"comment_status":"closed","ping_status":"closed","template":"full_width.php","meta":{"footnotes":""},"yst_prominent_words":[],"class_list":["post-11978","page","type-page","status-publish","has-post-thumbnail","hentry"],"_links":{"self":[{"href":"https:\/\/www.gabrielgorgi.com\/it\/wp-json\/wp\/v2\/pages\/11978","targetHints":{"allow":["GET"]}}],"collection":[{"href":"https:\/\/www.gabrielgorgi.com\/it\/wp-json\/wp\/v2\/pages"}],"about":[{"href":"https:\/\/www.gabrielgorgi.com\/it\/wp-json\/wp\/v2\/types\/page"}],"author":[{"embeddable":true,"href":"https:\/\/www.gabrielgorgi.com\/it\/wp-json\/wp\/v2\/users\/2"}],"replies":[{"embeddable":true,"href":"https:\/\/www.gabrielgorgi.com\/it\/wp-json\/wp\/v2\/comments?post=11978"}],"version-history":[{"count":6,"href":"https:\/\/www.gabrielgorgi.com\/it\/wp-json\/wp\/v2\/pages\/11978\/revisions"}],"predecessor-version":[{"id":15581,"href":"https:\/\/www.gabrielgorgi.com\/it\/wp-json\/wp\/v2\/pages\/11978\/revisions\/15581"}],"wp:featuredmedia":[{"embeddable":true,"href":"https:\/\/www.gabrielgorgi.com\/it\/wp-json\/wp\/v2\/media\/12233"}],"wp:attachment":[{"href":"https:\/\/www.gabrielgorgi.com\/it\/wp-json\/wp\/v2\/media?parent=11978"}],"wp:term":[{"taxonomy":"yst_prominent_words","embeddable":true,"href":"https:\/\/www.gabrielgorgi.com\/it\/wp-json\/wp\/v2\/yst_prominent_words?post=11978"}],"curies":[{"name":"wp","href":"https:\/\/api.w.org\/{rel}","templated":true}]}}