{"id":11990,"date":"2025-12-21T12:23:58","date_gmt":"2025-12-21T11:23:58","guid":{"rendered":"https:\/\/www.gabrielgorgi.com\/?page_id=11990"},"modified":"2025-12-21T12:31:01","modified_gmt":"2025-12-21T11:31:01","slug":"chi-siamo","status":"publish","type":"page","link":"https:\/\/www.gabrielgorgi.com\/it\/chi-siamo\/","title":{"rendered":"CHI SIAMO"},"content":{"rendered":"<div class=\"wpb-content-wrapper\"><p>[vc_row css_animation=&#8221;&#8221; row_type=&#8221;row&#8221; use_row_as_full_screen_section=&#8221;no&#8221; type=&#8221;full_width&#8221; angled_section=&#8221;no&#8221; text_align=&#8221;left&#8221; background_image_as_pattern=&#8221;without_pattern&#8221;][vc_column offset=&#8221;vc_hidden-xs&#8221;][vc_empty_space height=&#8221;6em&#8221;][\/vc_column][\/vc_row][vc_row css_animation=&#8221;&#8221; row_type=&#8221;row&#8221; use_row_as_full_screen_section=&#8221;no&#8221; type=&#8221;grid&#8221; angled_section=&#8221;no&#8221; text_align=&#8221;left&#8221; background_image_as_pattern=&#8221;without_pattern&#8221; z_index=&#8221;&#8221;][vc_column width=&#8221;1\/3&#8243;][vc_empty_space height=&#8221;14px&#8221;][vc_single_image image=&#8221;6776&#8243; img_size=&#8221;full&#8221; qode_css_animation=&#8221;&#8221;][vc_empty_space][\/vc_column][vc_column width=&#8221;2\/3&#8243;][vc_column_text css=&#8221;&#8221;]<\/p>\n<h4>CHI \u00c8 GABRIEL GORGI?<\/h4>\n<p>[\/vc_column_text][vc_empty_space height=&#8221;10px&#8221;][vc_column_text css=&#8221;&#8221;]Gabriel \u00e8 un fotografo di ritratti rinomato e pluripremiato, vincitore del concorso <strong>\u201cPortrait Photographer of the Year\u201d<\/strong>, specializzato in ritratti professionali unici e distintivi.<br \/>\nDal 2000, Gabriel non si \u00e8 limitato a lavorare, ma ha piuttosto scolpito la propria arte, conferendo a ogni ritratto una firma inconfondibile. Ogni dettaglio \u2013 l\u2019illuminazione, la composizione, l\u2019espressione, l\u2019abbigliamento, gli accessori, la capigliatura e la scollatura \u2013 \u00e8 orchestrato con precisione raffinata per regalare al soggetto una fotografia che potrebbe essere la pi\u00f9 bella della sua vita.<br \/>\nGabriel non si limita a catturare espressioni: cerca di stabilire una connessione autentica con ogni cliente. Per lui, un fotografo deve fondersi con il soggetto per creare immagini che trascendono l\u2019ordinario. Le tecniche possono essere imitate, ma cogliere lo stato d\u2019animo di una persona durante una sessione fotografica \u00e8 una sfida ben pi\u00f9 ardua da replicare.<br \/>\nCome fotografo corporate, Gabriel pone particolare attenzione nel trasmettere \u201cfiducia\u201d e \u201caccessibilit\u00e0\u201d. In un contesto aziendale altamente competitivo, dove lasciare un\u2019impronta duratura \u00e8 essenziale, un\u2019immagine potente che veicola il messaggio giusto pu\u00f2 fare la differenza nel creare quella vitale prima impressione.[\/vc_column_text][vc_empty_space height=&#8221;80px&#8221;][vc_single_image image=&#8221;4933&#8243; img_size=&#8221;250X72&#8243; alignment=&#8221;right&#8221; css=&#8221;.vc_custom_1637535531425{padding-right: 40px !important;}&#8221; qode_css_animation=&#8221;&#8221;][\/vc_column][\/vc_row][vc_row css_animation=&#8221;&#8221; row_type=&#8221;row&#8221; use_row_as_full_screen_section=&#8221;no&#8221; type=&#8221;grid&#8221; angled_section=&#8221;no&#8221; text_align=&#8221;left&#8221; background_image_as_pattern=&#8221;without_pattern&#8221; z_index=&#8221;&#8221;][vc_column][vc_empty_space height=&#8221;100px&#8221;][vc_column_text css=&#8221;&#8221;]<\/p>\n<h4 style=\"text-align: center;\">Nel corso degli anni, il nostro team si \u00e8 arricchito di diversi talenti.<\/h4>\n<p>[\/vc_column_text][vc_empty_space height=&#8221;100px&#8221;][\/vc_column][\/vc_row][vc_row css_animation=&#8221;&#8221; row_type=&#8221;row&#8221; use_row_as_full_screen_section=&#8221;no&#8221; type=&#8221;grid&#8221; angled_section=&#8221;no&#8221; text_align=&#8221;left&#8221; background_image_as_pattern=&#8221;without_pattern&#8221; z_index=&#8221;&#8221;][vc_column width=&#8221;1\/3&#8243;][vc_single_image image=&#8221;8179&#8243; img_size=&#8221;full&#8221; css=&#8221;&#8221; qode_css_animation=&#8221;&#8221;][vc_empty_space][vc_column_text css=&#8221;&#8221;]Younes \u00e8 il nostro secondo fotografo, formato con cura per padroneggiare lo stile fotografico sviluppato da Gabriel. Lavora regolarmente su <strong>progetti di ritratti corporate<\/strong>, garantendo coerenza visiva e qualit\u00e0 uniforme.<br \/>\nParallelamente, Younes offre i propri servizi anche nel campo della <strong>fotografia di matrimonio<\/strong>, dove cattura con sensibilit\u00e0 i momenti chiave della giornata. Possiede inoltre una solida expertise nella produzione e nel montaggio video, permettendogli di fornire contenuti completi e adattati alle esigenze della comunicazione moderna.[\/vc_column_text][vc_empty_space height=&#8221;50px&#8221;][\/vc_column][vc_column width=&#8221;1\/3&#8243;][vc_single_image image=&#8221;6730&#8243; img_size=&#8221;full&#8221; css=&#8221;&#8221; qode_css_animation=&#8221;&#8221;][vc_empty_space][vc_column_text css=&#8221;&#8221;]Esther \u00e8 stata anch\u2019essa formata con attenzione per padroneggiare il nostro approccio specifico al <strong>ritratto corporate<\/strong> e al metodo per le <strong>foto di gruppo<\/strong>. Grazie a questa formazione, \u00e8 in grado di produrre immagini perfettamente in linea con il nostro stile, valorizzando ogni individuo e mantenendo l\u2019armonia visiva attesa dai nostri clienti.<br \/>\nLa sua attenzione ai dettagli, la capacit\u00e0 di adattarsi alle diverse personalit\u00e0 e il suo approccio gentile contribuiscono a creare un\u2019atmosfera rilassata durante le sessioni, favorendo espressioni naturali e autentiche che riflettono fedelmente l\u2019immagine che i clienti desiderano proiettare.[\/vc_column_text][vc_empty_space height=&#8221;50px&#8221;][\/vc_column][vc_column width=&#8221;1\/3&#8243;][vc_single_image image=&#8221;8181&#8243; img_size=&#8221;full&#8221; css=&#8221;&#8221; qode_css_animation=&#8221;&#8221;][vc_empty_space][vc_column_text css=&#8221;&#8221;]Anthony \u00e8 l\u2019ultimo talento entrato a far parte del nostro team e il suo contributo \u00e8 gi\u00e0 preziosissimo. Dotato di un immenso talento e di una forte sensibilit\u00e0 visiva, si \u00e8 rapidamente affermato come nostro specialista nella <strong>produzione video corporate di alto livello<\/strong>.<br \/>\nGrazie alla sua expertise nelle tecniche di ripresa <strong>a terra e con drone<\/strong>, realizza video dinamici, eleganti e perfettamente allineati agli standard di comunicazione delle aziende pi\u00f9 esigenti.<br \/>\nAnthony sa cogliere l\u2019essenza di un messaggio e sublimarlo attraverso una produzione curata e di grande impatto.[\/vc_column_text][vc_empty_space height=&#8221;50px&#8221;][\/vc_column][\/vc_row][vc_row css_animation=&#8221;&#8221; row_type=&#8221;row&#8221; use_row_as_full_screen_section=&#8221;no&#8221; type=&#8221;grid&#8221; angled_section=&#8221;no&#8221; text_align=&#8221;left&#8221; background_image_as_pattern=&#8221;without_pattern&#8221; z_index=&#8221;&#8221;][vc_column offset=&#8221;vc_hidden-lg vc_hidden-md vc_hidden-sm vc_hidden-xs&#8221;][vc_empty_space height=&#8221;50px&#8221;][vc_gallery type=&#8221;image_grid&#8221; images=&#8221;5165,5157,5169,5161,5159,5163&#8243; img_size=&#8221;175X93&#8243; onclick=&#8221;&#8221; column_number=&#8221;6&#8243; grayscale=&#8221;yes&#8221; enable_drag=&#8221;no&#8221; images_space=&#8221;gallery_with_space&#8221;][\/vc_column][\/vc_row][vc_row css_animation=&#8221;&#8221; row_type=&#8221;row&#8221; use_row_as_full_screen_section=&#8221;no&#8221; type=&#8221;full_width&#8221; angled_section=&#8221;no&#8221; text_align=&#8221;left&#8221; background_image_as_pattern=&#8221;without_pattern&#8221;][vc_column][vc_empty_space height=&#8221;4em&#8221;][\/vc_column][\/vc_row]<\/p>\n<\/div>","protected":false},"excerpt":{"rendered":"<p>[vc_row css_animation=&#8221;&#8221; row_type=&#8221;row&#8221; use_row_as_full_screen_section=&#8221;no&#8221; type=&#8221;full_width&#8221; angled_section=&#8221;no&#8221; text_align=&#8221;left&#8221; background_image_as_pattern=&#8221;without_pattern&#8221;][vc_column offset=&#8221;vc_hidden-xs&#8221;][vc_empty_space height=&#8221;6em&#8221;][\/vc_column][\/vc_row][vc_row css_animation=&#8221;&#8221; row_type=&#8221;row&#8221; use_row_as_full_screen_section=&#8221;no&#8221; type=&#8221;grid&#8221; angled_section=&#8221;no&#8221; text_align=&#8221;left&#8221; background_image_as_pattern=&#8221;without_pattern&#8221; z_index=&#8221;&#8221;][vc_column width=&#8221;1\/3&#8243;][vc_empty_space height=&#8221;14px&#8221;][vc_single_image image=&#8221;6776&#8243; img_size=&#8221;full&#8221; qode_css_animation=&#8221;&#8221;][vc_empty_space][\/vc_column][vc_column width=&#8221;2\/3&#8243;][vc_column_text css=&#8221;&#8221;] CHI \u00c8 GABRIEL GORGI? [\/vc_column_text][vc_empty_space height=&#8221;10px&#8221;][vc_column_text css=&#8221;&#8221;]Gabriel \u00e8 un fotografo di ritratti rinomato e pluripremiato, vincitore del concorso \u201cPortrait Photographer&#8230;<\/p>\n","protected":false},"author":2,"featured_media":0,"parent":0,"menu_order":0,"comment_status":"closed","ping_status":"closed","template":"full_width.php","meta":{"footnotes":""},"yst_prominent_words":[1148],"class_list":["post-11990","page","type-page","status-publish","hentry"],"_links":{"self":[{"href":"https:\/\/www.gabrielgorgi.com\/it\/wp-json\/wp\/v2\/pages\/11990","targetHints":{"allow":["GET"]}}],"collection":[{"href":"https:\/\/www.gabrielgorgi.com\/it\/wp-json\/wp\/v2\/pages"}],"about":[{"href":"https:\/\/www.gabrielgorgi.com\/it\/wp-json\/wp\/v2\/types\/page"}],"author":[{"embeddable":true,"href":"https:\/\/www.gabrielgorgi.com\/it\/wp-json\/wp\/v2\/users\/2"}],"replies":[{"embeddable":true,"href":"https:\/\/www.gabrielgorgi.com\/it\/wp-json\/wp\/v2\/comments?post=11990"}],"version-history":[{"count":2,"href":"https:\/\/www.gabrielgorgi.com\/it\/wp-json\/wp\/v2\/pages\/11990\/revisions"}],"predecessor-version":[{"id":11994,"href":"https:\/\/www.gabrielgorgi.com\/it\/wp-json\/wp\/v2\/pages\/11990\/revisions\/11994"}],"wp:attachment":[{"href":"https:\/\/www.gabrielgorgi.com\/it\/wp-json\/wp\/v2\/media?parent=11990"}],"wp:term":[{"taxonomy":"yst_prominent_words","embeddable":true,"href":"https:\/\/www.gabrielgorgi.com\/it\/wp-json\/wp\/v2\/yst_prominent_words?post=11990"}],"curies":[{"name":"wp","href":"https:\/\/api.w.org\/{rel}","templated":true}]}}