{"id":16431,"date":"2026-02-06T13:26:30","date_gmt":"2026-02-06T12:26:30","guid":{"rendered":"https:\/\/www.gabrielgorgi.com\/?page_id=16431"},"modified":"2026-02-06T13:31:13","modified_gmt":"2026-02-06T12:31:13","slug":"sobre-nos","status":"publish","type":"page","link":"https:\/\/www.gabrielgorgi.com\/pt-pt\/sobre-nos\/","title":{"rendered":"SOBRE N\u00d3S"},"content":{"rendered":"<div class=\"wpb-content-wrapper\"><p>[vc_row css_animation=&#8221;&#8221; row_type=&#8221;row&#8221; use_row_as_full_screen_section=&#8221;no&#8221; type=&#8221;full_width&#8221; angled_section=&#8221;no&#8221; text_align=&#8221;left&#8221; background_image_as_pattern=&#8221;without_pattern&#8221;][vc_column offset=&#8221;vc_hidden-xs&#8221;][vc_empty_space height=&#8221;60px&#8221;][\/vc_column][\/vc_row][vc_row css_animation=&#8221;&#8221; row_type=&#8221;row&#8221; use_row_as_full_screen_section=&#8221;no&#8221; type=&#8221;grid&#8221; angled_section=&#8221;no&#8221; text_align=&#8221;left&#8221; background_image_as_pattern=&#8221;without_pattern&#8221; z_index=&#8221;&#8221;][vc_column width=&#8221;1\/3&#8243; offset=&#8221;vc_hidden-xs&#8221;][vc_empty_space height=&#8221;14px&#8221;][vc_single_image image=&#8221;16433&#8243; img_size=&#8221;full&#8221; qode_css_animation=&#8221;&#8221;][\/vc_column][vc_column width=&#8221;2\/3&#8243; offset=&#8221;vc_hidden-xs&#8221;][vc_column_text css=&#8221;&#8221;]<\/p>\n<h4>QUEM \u00c9 GABRIEL GORGI?<\/h4>\n<p>[\/vc_column_text][vc_empty_space height=&#8221;10px&#8221;][vc_column_text css=&#8221;&#8221;]Gabriel \u00e9 um fot\u00f3grafo reconhecido e premiado no concurso &#8220;<strong>Fot\u00f3grafo Retratista do Ano<\/strong>&#8220;, com uma especializa\u00e7\u00e3o \u00fanica em retratos profissionais do tipo &#8216;headshot&#8217;.<br \/>\nDesde o ano 2000, Gabriel n\u00e3o se limitou a trabalhar: esculpiu a sua arte, trazendo uma assinatura inconfund\u00edvel a cada retrato que cria. Cada detalhe, cada elemento \u2014 a luz, a composi\u00e7\u00e3o, a express\u00e3o, a roupa, os acess\u00f3rios, o cabelo, o pesco\u00e7o \u2014 tudo \u00e9 orquestrado com uma precis\u00e3o excecional para oferecer ao seu sujeito o presente de uma fotografia que pode muito bem ser a mais bela da sua vida!<br \/>\nGabriel n\u00e3o captura apenas express\u00f5es: procura estabelecer uma liga\u00e7\u00e3o aut\u00eantica com cada cliente. Para ele, um fot\u00f3grafo deve fundir-se com o seu sujeito para dar vida a imagens que transcendem o comum. As t\u00e9cnicas podem ser copiadas, mas o estado de esp\u00edrito de uma pessoa durante uma sess\u00e3o fotogr\u00e1fica \u00e9 um desafio muito mais exigente de recriar.<br \/>\nGabriel, como fot\u00f3grafo empresarial, d\u00e1 especial aten\u00e7\u00e3o \u00e0 comunica\u00e7\u00e3o de &#8216;confian\u00e7a&#8217; e &#8216;acessibilidade&#8217;. Num ambiente empresarial t\u00e3o ferozmente competitivo e com t\u00e3o pouco tempo para causar uma impress\u00e3o, uma imagem poderosa que transmita a mensagem certa pode fazer toda a diferen\u00e7a para conseguir essa primeira impress\u00e3o crucial.[\/vc_column_text][vc_empty_space height=&#8221;80px&#8221;][vc_single_image image=&#8221;16434&#8243; img_size=&#8221;250X72&#8243; alignment=&#8221;right&#8221; css=&#8221;.vc_custom_1637535531425{padding-right: 40px !important;}&#8221; qode_css_animation=&#8221;&#8221;][\/vc_column][\/vc_row][vc_row css_animation=&#8221;&#8221; row_type=&#8221;row&#8221; use_row_as_full_screen_section=&#8221;no&#8221; type=&#8221;full_width&#8221; angled_section=&#8221;no&#8221; text_align=&#8221;left&#8221; background_image_as_pattern=&#8221;without_pattern&#8221;][vc_column offset=&#8221;vc_hidden-lg vc_hidden-md vc_hidden-sm&#8221;][vc_empty_space height=&#8221;20px&#8221;][\/vc_column][\/vc_row][vc_row css_animation=&#8221;&#8221; row_type=&#8221;row&#8221; use_row_as_full_screen_section=&#8221;no&#8221; type=&#8221;full_width&#8221; angled_section=&#8221;no&#8221; text_align=&#8221;left&#8221; background_image_as_pattern=&#8221;without_pattern&#8221;][vc_column offset=&#8221;vc_hidden-lg vc_hidden-md vc_hidden-sm&#8221;][vc_single_image image=&#8221;16435&#8243; img_size=&#8221;full&#8221; qode_css_animation=&#8221;&#8221;][\/vc_column][\/vc_row][vc_row css_animation=&#8221;&#8221; row_type=&#8221;row&#8221; use_row_as_full_screen_section=&#8221;no&#8221; type=&#8221;grid&#8221; angled_section=&#8221;no&#8221; text_align=&#8221;left&#8221; background_image_as_pattern=&#8221;without_pattern&#8221; z_index=&#8221;&#8221;][vc_column offset=&#8221;vc_hidden-lg vc_hidden-md vc_hidden-sm&#8221;][vc_empty_space][vc_column_text]<\/p>\n<h4>QUEM \u00c9 GABRIEL GORGI?<\/h4>\n<p>Gabriel \u00e9 um fot\u00f3grafo reconhecido e premiado no concurso &#8220;<strong>Fot\u00f3grafo Retratista do Ano<\/strong>&#8220;, com uma especializa\u00e7\u00e3o \u00fanica em retratos profissionais do tipo &#8216;headshot&#8217;.<br \/>\nDesde o ano 2000, Gabriel n\u00e3o se limitou a trabalhar: esculpiu a sua arte, trazendo uma assinatura inconfund\u00edvel a cada retrato que cria. Cada detalhe, cada elemento \u2014 a luz, a composi\u00e7\u00e3o, a express\u00e3o, a roupa, os acess\u00f3rios, o cabelo, o pesco\u00e7o \u2014 tudo \u00e9 orquestrado com uma precis\u00e3o excecional para oferecer ao seu sujeito o presente de uma fotografia que pode muito bem ser a mais bela da sua vida!<br \/>\nGabriel n\u00e3o captura apenas express\u00f5es: procura estabelecer uma liga\u00e7\u00e3o aut\u00eantica com cada cliente. Para ele, um fot\u00f3grafo deve fundir-se com o seu sujeito para dar vida a imagens que transcendem o comum. As t\u00e9cnicas podem ser copiadas, mas o estado de esp\u00edrito de uma pessoa durante uma sess\u00e3o fotogr\u00e1fica \u00e9 um desafio muito mais exigente de recriar.<br \/>\nGabriel, como fot\u00f3grafo empresarial, d\u00e1 especial aten\u00e7\u00e3o \u00e0 comunica\u00e7\u00e3o de &#8216;confian\u00e7a&#8217; e &#8216;acessibilidade&#8217;. Num ambiente empresarial t\u00e3o ferozmente competitivo e com t\u00e3o pouco tempo para causar uma impress\u00e3o, uma imagem poderosa que transmita a mensagem certa pode fazer toda a diferen\u00e7a para conseguir essa primeira impress\u00e3o crucial.[\/vc_column_text][\/vc_column][\/vc_row][vc_row css_animation=&#8221;&#8221; row_type=&#8221;row&#8221; use_row_as_full_screen_section=&#8221;no&#8221; type=&#8221;grid&#8221; angled_section=&#8221;no&#8221; text_align=&#8221;left&#8221; background_image_as_pattern=&#8221;without_pattern&#8221; z_index=&#8221;&#8221;][vc_column][vc_empty_space height=&#8221;70px&#8221;][vc_column_text css=&#8221;&#8221;]<\/p>\n<h4 style=\"text-align: center;\">Ao longo dos anos, a nossa equipa enriqueceu-se com talentos variados.<\/h4>\n<p>[\/vc_column_text][vc_empty_space height=&#8221;70px&#8221;][\/vc_column][\/vc_row][vc_row css_animation=&#8221;&#8221; row_type=&#8221;row&#8221; use_row_as_full_screen_section=&#8221;no&#8221; type=&#8221;grid&#8221; angled_section=&#8221;no&#8221; text_align=&#8221;left&#8221; background_image_as_pattern=&#8221;without_pattern&#8221; z_index=&#8221;&#8221;][vc_column width=&#8221;1\/3&#8243;][vc_single_image image=&#8221;16436&#8243; img_size=&#8221;full&#8221; css=&#8221;&#8221; qode_css_animation=&#8221;&#8221;][vc_empty_space][vc_column_text css=&#8221;&#8221;]Younes \u00e9 o nosso segundo fot\u00f3grafo, cuidadosamente formado para dominar o estilo fotogr\u00e1fico desenvolvido por Gabriel. Interv\u00e9m regularmente em projetos de <strong>retratos corporativos<\/strong>, garantindo uma continuidade visual e uma qualidade homog\u00e9nea.<br \/>\nEm paralelo, Younes tamb\u00e9m oferece os seus servi\u00e7os na \u00e1rea da <strong>fotografia de casamento<\/strong>, onde captura com sensibilidade os momentos altos do dia. Possui ainda uma s\u00f3lida experi\u00eancia em produ\u00e7\u00e3o e montagem de v\u00eddeo, o que lhe permite propor conte\u00fados completos e adaptados \u00e0s necessidades de comunica\u00e7\u00e3o modernas.[\/vc_column_text][vc_empty_space height=&#8221;50px&#8221;][\/vc_column][vc_column width=&#8221;1\/3&#8243;][vc_single_image image=&#8221;16437&#8243; img_size=&#8221;full&#8221; css=&#8221;&#8221; qode_css_animation=&#8221;&#8221;][vc_empty_space][vc_column_text css=&#8221;&#8221;]<\/p>\n<p class=\"p1\">Esther tamb\u00e9m foi formada com cuidado para dominar a nossa abordagem espec\u00edfica do <strong>retrato corporativo<\/strong>, assim como o nosso m\u00e9todo de realiza\u00e7\u00e3o de fotos de grupo. Gra\u00e7as a esta forma\u00e7\u00e3o, est\u00e1 em condi\u00e7\u00f5es de produzir imagens coerentes com o nosso estilo, valorizando cada pessoa enquanto respeita a harmonia visual esperada pelos nossos clientes.<\/p>\n<p class=\"p1\">O seu sentido do detalhe, a sua capacidade de adapta\u00e7\u00e3o \u00e0s diferentes personalidades e a sua abordagem benevolente contribuem para criar uma atmosfera descontra\u00edda durante as sess\u00f5es. Isso permite obter express\u00f5es naturais e aut\u00eanticas, fi\u00e9is \u00e0 imagem que os nossos clientes desejam projetar.<\/p>\n<p>[\/vc_column_text][vc_empty_space height=&#8221;50px&#8221;][\/vc_column][vc_column width=&#8221;1\/3&#8243;][vc_single_image image=&#8221;16438&#8243; img_size=&#8221;full&#8221; css=&#8221;&#8221; qode_css_animation=&#8221;&#8221;][vc_empty_space][vc_column_text css=&#8221;&#8221;]<\/p>\n<p class=\"p1\">Anthony \u00e9 o \u00faltimo talento a juntar-se \u00e0 nossa equipa, e o seu contributo j\u00e1 \u00e9 valioso. Dotado de um imenso talento e de uma grande sensibilidade visual, imp\u00f4s-se rapidamente como o nosso especialista em <strong>v\u00eddeo corporativo de alta gama<\/strong>.<\/p>\n<p class=\"p1\">Gra\u00e7as ao seu dom\u00ednio das t\u00e9cnicas de <strong>capta\u00e7\u00e3o em terra e por drone<\/strong>, \u00e9 capaz de compor v\u00eddeos din\u00e2micos, elegantes e perfeitamente adaptados aos padr\u00f5es de comunica\u00e7\u00e3o das empresas mais exigentes.<\/p>\n<p class=\"p1\">Anthony sabe captar a ess\u00eancia da mensagem e sublim\u00e1-la atrav\u00e9s de uma realiza\u00e7\u00e3o cuidada e impactante.<\/p>\n<p>[\/vc_column_text][vc_empty_space height=&#8221;50px&#8221;][\/vc_column][\/vc_row][vc_row css_animation=&#8221;&#8221; row_type=&#8221;row&#8221; use_row_as_full_screen_section=&#8221;no&#8221; type=&#8221;grid&#8221; angled_section=&#8221;no&#8221; text_align=&#8221;center&#8221; background_image_as_pattern=&#8221;without_pattern&#8221; z_index=&#8221;&#8221;][vc_column offset=&#8221;vc_hidden-lg vc_hidden-md vc_hidden-sm vc_hidden-xs&#8221;][vc_empty_space height=&#8221;50px&#8221;][vc_gallery type=&#8221;image_grid&#8221; images=&#8221;16439,16440,16441,16442,16443,16444&#8243; img_size=&#8221;full&#8221; onclick=&#8221;&#8221; css=&#8221;&#8221; column_number=&#8221;6&#8243; grayscale=&#8221;no&#8221; enable_drag=&#8221;no&#8221; images_space=&#8221;gallery_with_space&#8221;][\/vc_column][\/vc_row][vc_row css_animation=&#8221;&#8221; row_type=&#8221;row&#8221; use_row_as_full_screen_section=&#8221;no&#8221; type=&#8221;full_width&#8221; angled_section=&#8221;no&#8221; text_align=&#8221;left&#8221; background_image_as_pattern=&#8221;without_pattern&#8221;][vc_column][vc_empty_space height=&#8221;4em&#8221;][\/vc_column][\/vc_row]<\/p>\n<\/div>","protected":false},"excerpt":{"rendered":"<p>[vc_row css_animation=&#8221;&#8221; row_type=&#8221;row&#8221; use_row_as_full_screen_section=&#8221;no&#8221; type=&#8221;full_width&#8221; angled_section=&#8221;no&#8221; text_align=&#8221;left&#8221; background_image_as_pattern=&#8221;without_pattern&#8221;][vc_column offset=&#8221;vc_hidden-xs&#8221;][vc_empty_space height=&#8221;60px&#8221;][\/vc_column][\/vc_row][vc_row css_animation=&#8221;&#8221; row_type=&#8221;row&#8221; use_row_as_full_screen_section=&#8221;no&#8221; type=&#8221;grid&#8221; angled_section=&#8221;no&#8221; text_align=&#8221;left&#8221; background_image_as_pattern=&#8221;without_pattern&#8221; z_index=&#8221;&#8221;][vc_column width=&#8221;1\/3&#8243; offset=&#8221;vc_hidden-xs&#8221;][vc_empty_space height=&#8221;14px&#8221;][vc_single_image image=&#8221;16433&#8243; img_size=&#8221;full&#8221; qode_css_animation=&#8221;&#8221;][\/vc_column][vc_column width=&#8221;2\/3&#8243; offset=&#8221;vc_hidden-xs&#8221;][vc_column_text css=&#8221;&#8221;] QUEM \u00c9 GABRIEL GORGI? [\/vc_column_text][vc_empty_space height=&#8221;10px&#8221;][vc_column_text css=&#8221;&#8221;]Gabriel \u00e9 um fot\u00f3grafo reconhecido e premiado no concurso &#8220;Fot\u00f3grafo Retratista do&#8230;<\/p>\n","protected":false},"author":2,"featured_media":0,"parent":0,"menu_order":0,"comment_status":"closed","ping_status":"closed","template":"full_width.php","meta":{"footnotes":""},"yst_prominent_words":[],"class_list":["post-16431","page","type-page","status-publish","hentry"],"_links":{"self":[{"href":"https:\/\/www.gabrielgorgi.com\/pt-pt\/wp-json\/wp\/v2\/pages\/16431","targetHints":{"allow":["GET"]}}],"collection":[{"href":"https:\/\/www.gabrielgorgi.com\/pt-pt\/wp-json\/wp\/v2\/pages"}],"about":[{"href":"https:\/\/www.gabrielgorgi.com\/pt-pt\/wp-json\/wp\/v2\/types\/page"}],"author":[{"embeddable":true,"href":"https:\/\/www.gabrielgorgi.com\/pt-pt\/wp-json\/wp\/v2\/users\/2"}],"replies":[{"embeddable":true,"href":"https:\/\/www.gabrielgorgi.com\/pt-pt\/wp-json\/wp\/v2\/comments?post=16431"}],"version-history":[{"count":3,"href":"https:\/\/www.gabrielgorgi.com\/pt-pt\/wp-json\/wp\/v2\/pages\/16431\/revisions"}],"predecessor-version":[{"id":16483,"href":"https:\/\/www.gabrielgorgi.com\/pt-pt\/wp-json\/wp\/v2\/pages\/16431\/revisions\/16483"}],"wp:attachment":[{"href":"https:\/\/www.gabrielgorgi.com\/pt-pt\/wp-json\/wp\/v2\/media?parent=16431"}],"wp:term":[{"taxonomy":"yst_prominent_words","embeddable":true,"href":"https:\/\/www.gabrielgorgi.com\/pt-pt\/wp-json\/wp\/v2\/yst_prominent_words?post=16431"}],"curies":[{"name":"wp","href":"https:\/\/api.w.org\/{rel}","templated":true}]}}