{"id":16485,"date":"2026-02-06T13:39:55","date_gmt":"2026-02-06T12:39:55","guid":{"rendered":"https:\/\/www.gabrielgorgi.com\/?page_id=16485"},"modified":"2026-02-06T13:39:55","modified_gmt":"2026-02-06T12:39:55","slug":"sessoes-de-retrato","status":"publish","type":"page","link":"https:\/\/www.gabrielgorgi.com\/pt-pt\/sessoes-de-retrato\/","title":{"rendered":"SESS\u00d5ES DE RETRATO"},"content":{"rendered":"<div class=\"wpb-content-wrapper\"><p>[vc_row css_animation=&#8221;&#8221; row_type=&#8221;row&#8221; use_row_as_full_screen_section=&#8221;no&#8221; type=&#8221;grid&#8221; angled_section=&#8221;no&#8221; text_align=&#8221;center&#8221; background_image_as_pattern=&#8221;without_pattern&#8221; z_index=&#8221;&#8221;][vc_column][vc_empty_space height=&#8221;6em&#8221;][\/vc_column][\/vc_row][vc_row css_animation=&#8221;&#8221; row_type=&#8221;row&#8221; use_row_as_full_screen_section=&#8221;no&#8221; type=&#8221;grid&#8221; angled_section=&#8221;no&#8221; text_align=&#8221;left&#8221; background_image_as_pattern=&#8221;without_pattern&#8221; z_index=&#8221;&#8221;][vc_column width=&#8221;1\/2&#8243;][vc_column_text]<\/p>\n<h3>SESS\u00c3O CODIR<\/h3>\n<p>[\/vc_column_text][vc_empty_space]<div class=\"q_list circle\">\n\t<\/p>\n<ul>\n<li>Para os <strong>comit\u00e9s de dire\u00e7\u00e3o<\/strong> e os <strong>diretores<\/strong>.<\/li>\n<li><strong>Comunicados de imprensa<\/strong> \/ sites web.<\/li>\n<li>Coaching de pose <strong>completo<\/strong>.<\/li>\n<li>A partir de <strong>4 pessoas<\/strong>.<\/li>\n<li>A sess\u00e3o dura aproximadamente <strong>20-30 minutos<\/strong> por pessoa.<\/li>\n<li><strong>Sem<\/strong> mudan\u00e7a de roupa.<\/li>\n<li>Maquilhadora mediante pedido.<\/li>\n<\/ul>\n<p><\/div>[vc_empty_space height=&#8221;35px&#8221;][\/vc_column][vc_column width=&#8221;1\/2&#8243;][vc_column_text css=&#8221;&#8221;]<\/p>\n<h3>SESS\u00c3O COLABORADORES<\/h3>\n<p>[\/vc_column_text][vc_empty_space]<div class=\"q_list circle\">\n\t<\/p>\n<ul>\n<li>Para os <strong>colaboradores<\/strong>.<\/li>\n<li>Harmonizar as suas fotos com as do codir.<\/li>\n<li>Coaching de pose dos <strong>essenciais<\/strong>.<\/li>\n<li>A partir de <strong>10 pessoas<\/strong>.<\/li>\n<li>A sess\u00e3o dura aproximadamente <strong>10-15 minutos<\/strong> por pessoa.<\/li>\n<li><strong>Sem<\/strong> mudan\u00e7a de roupa.<\/li>\n<li><strong>Sem<\/strong> maquilhadora.<\/li>\n<\/ul>\n<p><\/div>[vc_empty_space height=&#8221;35px&#8221;][\/vc_column][\/vc_row][vc_row css_animation=&#8221;&#8221; row_type=&#8221;row&#8221; use_row_as_full_screen_section=&#8221;no&#8221; type=&#8221;grid&#8221; angled_section=&#8221;no&#8221; text_align=&#8221;left&#8221; background_image_as_pattern=&#8221;without_pattern&#8221; z_index=&#8221;&#8221;][vc_column width=&#8221;1\/2&#8243;][vc_column_text css=&#8221;&#8221;]<\/p>\n<h3>SESS\u00c3O BOOK<\/h3>\n<p>[\/vc_column_text][vc_empty_space]<div class=\"q_list circle\">\n\t<\/p>\n<ul>\n<li>Para os <strong>dirigentes de empresas<\/strong> que desejam criar um <strong>book<\/strong> visual.<\/li>\n<li>Cria\u00e7\u00e3o de <strong>v\u00e1rios looks<\/strong> para os <strong>pr\u00f3ximos anos<\/strong>.<\/li>\n<li>Coaching de pose <strong>completo<\/strong>.<\/li>\n<li>Sess\u00e3o <strong>individual<\/strong>.<\/li>\n<li>A sess\u00e3o dura aproximadamente <strong>60-90 minutos<\/strong>.<\/li>\n<li>Possibilidade de <strong>mudar de roupa<\/strong>.<\/li>\n<li>Maquilhadora mediante pedido.<\/li>\n<\/ul>\n<p><\/div>[vc_empty_space height=&#8221;35px&#8221;][\/vc_column][vc_column width=&#8221;1\/2&#8243;][vc_column_text css=&#8221;&#8221;]<\/p>\n<h3>SESS\u00c3O EXPRESS<\/h3>\n<p>[\/vc_column_text][vc_empty_space]<div class=\"q_list circle\">\n\t<\/p>\n<ul>\n<li>Para uma grande equipa durante um evento.<\/li>\n<li>Uma sess\u00e3o intensa de <strong>5 minutos<\/strong> por pessoa.<\/li>\n<li>Coaching de pose <strong>b\u00e1sico<\/strong>.<\/li>\n<li>A partir de <strong>10 pessoas<\/strong>.<\/li>\n<li><strong>Sem<\/strong> mudan\u00e7a de roupa.<\/li>\n<li><strong>Sem<\/strong> maquilhadora.<\/li>\n<\/ul>\n<p><\/div>[vc_empty_space height=&#8221;35px&#8221;][\/vc_column][\/vc_row][vc_row css_animation=&#8221;&#8221; row_type=&#8221;row&#8221; use_row_as_full_screen_section=&#8221;no&#8221; type=&#8221;grid&#8221; angled_section=&#8221;no&#8221; text_align=&#8221;center&#8221; background_image_as_pattern=&#8221;without_pattern&#8221; z_index=&#8221;&#8221;][vc_column][vc_empty_space][vc_column_text css=&#8221;&#8221;]<\/p>\n<div class=\"wpb_text_column wpb_content_element \">\n<div class=\"wpb_wrapper\">\n<h2 style=\"text-align: center;\">Locais para as Sess\u00f5es de Retrato<\/h2>\n<\/div>\n<\/div>\n<p>[\/vc_column_text][vc_empty_space height=&#8221;20px&#8221;][vc_column_text css=&#8221;&#8221;]<\/p>\n<div class=\"wpb_text_column wpb_content_element \">\n<div class=\"wpb_wrapper\">\n<p style=\"text-align: center;\">Deslocamo-nos \u00e0s principais cidades de Fran\u00e7a, Luxemburgo, B\u00e9lgica, Su\u00ed\u00e7a, It\u00e1lia, Alemanha e Pa\u00edses Baixos para realizar sess\u00f5es de fotografia empresarial, seja diretamente nas vossas instala\u00e7\u00f5es, seja num est\u00fadio pr\u00f3ximo.<\/p>\n<\/div>\n<\/div>\n<p>[\/vc_column_text][vc_empty_space height=&#8221;30px&#8221;][\/vc_column][\/vc_row][vc_row css_animation=&#8221;&#8221; row_type=&#8221;row&#8221; use_row_as_full_screen_section=&#8221;no&#8221; type=&#8221;grid&#8221; angled_section=&#8221;no&#8221; text_align=&#8221;center&#8221; background_image_as_pattern=&#8221;without_pattern&#8221; z_index=&#8221;&#8221;][vc_column][vc_empty_space height=&#8221;100px&#8221;][vc_column_text css=&#8221;&#8221;]<\/p>\n<h2 style=\"text-align: center;\">Contacte-nos para obter um or\u00e7amento<\/h2>\n<p>[\/vc_column_text][vc_empty_space height=&#8221;20px&#8221;][vc_row_inner row_type=&#8221;row&#8221; type=&#8221;grid&#8221; text_align=&#8221;center&#8221; css_animation=&#8221;&#8221;][vc_column_inner width=&#8221;1\/2&#8243;]<a  itemprop=\"url\" href=\"mailto:gabriel@gabrielgorgi.com\" target=\"_self\"  class=\"qbutton  large center default\" style=\"\">Enviar um e-mail<\/a>[vc_empty_space height=&#8221;30px&#8221;][\/vc_column_inner][vc_column_inner width=&#8221;1\/2&#8243;]<a  itemprop=\"url\" href=\"https:\/\/tidycal.com\/gabrielgorgi\/call\" target=\"_self\"  class=\"qbutton  large center default\" style=\"\">Agendar uma chamada<\/a>[vc_empty_space height=&#8221;30px&#8221;][\/vc_column_inner][\/vc_row_inner][\/vc_column][\/vc_row][vc_row css_animation=&#8221;&#8221; row_type=&#8221;row&#8221; use_row_as_full_screen_section=&#8221;no&#8221; type=&#8221;grid&#8221; angled_section=&#8221;no&#8221; text_align=&#8221;center&#8221; background_image_as_pattern=&#8221;without_pattern&#8221; z_index=&#8221;&#8221;][vc_column][vc_empty_space height=&#8221;4em&#8221;][\/vc_column][\/vc_row]<\/p>\n<\/div>","protected":false},"excerpt":{"rendered":"<p>[vc_row css_animation=&#8221;&#8221; row_type=&#8221;row&#8221; use_row_as_full_screen_section=&#8221;no&#8221; type=&#8221;grid&#8221; angled_section=&#8221;no&#8221; text_align=&#8221;center&#8221; background_image_as_pattern=&#8221;without_pattern&#8221; z_index=&#8221;&#8221;][vc_column][vc_empty_space height=&#8221;6em&#8221;][\/vc_column][\/vc_row][vc_row css_animation=&#8221;&#8221; row_type=&#8221;row&#8221; use_row_as_full_screen_section=&#8221;no&#8221; type=&#8221;grid&#8221; angled_section=&#8221;no&#8221; text_align=&#8221;left&#8221; background_image_as_pattern=&#8221;without_pattern&#8221; z_index=&#8221;&#8221;][vc_column width=&#8221;1\/2&#8243;][vc_column_text] SESS\u00c3O CODIR [\/vc_column_text][vc_empty_space][vc_empty_space height=&#8221;35px&#8221;][\/vc_column][vc_column width=&#8221;1\/2&#8243;][vc_column_text css=&#8221;&#8221;] SESS\u00c3O COLABORADORES [\/vc_column_text][vc_empty_space][vc_empty_space height=&#8221;35px&#8221;][\/vc_column][\/vc_row][vc_row css_animation=&#8221;&#8221; row_type=&#8221;row&#8221; use_row_as_full_screen_section=&#8221;no&#8221; type=&#8221;grid&#8221; angled_section=&#8221;no&#8221; text_align=&#8221;left&#8221; background_image_as_pattern=&#8221;without_pattern&#8221; z_index=&#8221;&#8221;][vc_column width=&#8221;1\/2&#8243;][vc_column_text css=&#8221;&#8221;] SESS\u00c3O BOOK [\/vc_column_text][vc_empty_space][vc_empty_space height=&#8221;35px&#8221;][\/vc_column][vc_column width=&#8221;1\/2&#8243;][vc_column_text css=&#8221;&#8221;]&#8230;<\/p>\n","protected":false},"author":2,"featured_media":0,"parent":0,"menu_order":0,"comment_status":"closed","ping_status":"closed","template":"full_width.php","meta":{"footnotes":""},"yst_prominent_words":[2299],"class_list":["post-16485","page","type-page","status-publish","hentry"],"_links":{"self":[{"href":"https:\/\/www.gabrielgorgi.com\/pt-pt\/wp-json\/wp\/v2\/pages\/16485","targetHints":{"allow":["GET"]}}],"collection":[{"href":"https:\/\/www.gabrielgorgi.com\/pt-pt\/wp-json\/wp\/v2\/pages"}],"about":[{"href":"https:\/\/www.gabrielgorgi.com\/pt-pt\/wp-json\/wp\/v2\/types\/page"}],"author":[{"embeddable":true,"href":"https:\/\/www.gabrielgorgi.com\/pt-pt\/wp-json\/wp\/v2\/users\/2"}],"replies":[{"embeddable":true,"href":"https:\/\/www.gabrielgorgi.com\/pt-pt\/wp-json\/wp\/v2\/comments?post=16485"}],"version-history":[{"count":1,"href":"https:\/\/www.gabrielgorgi.com\/pt-pt\/wp-json\/wp\/v2\/pages\/16485\/revisions"}],"predecessor-version":[{"id":16486,"href":"https:\/\/www.gabrielgorgi.com\/pt-pt\/wp-json\/wp\/v2\/pages\/16485\/revisions\/16486"}],"wp:attachment":[{"href":"https:\/\/www.gabrielgorgi.com\/pt-pt\/wp-json\/wp\/v2\/media?parent=16485"}],"wp:term":[{"taxonomy":"yst_prominent_words","embeddable":true,"href":"https:\/\/www.gabrielgorgi.com\/pt-pt\/wp-json\/wp\/v2\/yst_prominent_words?post=16485"}],"curies":[{"name":"wp","href":"https:\/\/api.w.org\/{rel}","templated":true}]}}